{"id":1855,"date":"2022-09-29T09:33:15","date_gmt":"2022-09-29T09:33:15","guid":{"rendered":"https:\/\/oliandcobaby.com\/?post_type=product&#038;p=1855"},"modified":"2025-08-17T15:18:26","modified_gmt":"2025-08-17T15:18:26","slug":"banderin","status":"publish","type":"product","link":"https:\/\/oliandcobaby.com\/en\/product\/banderin\/","title":{"rendered":"Bander\u00edn"},"content":{"rendered":"","protected":false},"excerpt":{"rendered":"<p>Bander\u00edn decorativo, con dos telas combinadas, para colgar en la habitaci\u00f3n del beb\u00e9.<\/p>\n<p>Puedes a\u00f1adir las letras del nombre de tu beb\u00e9 en cada bandera.<\/p>","protected":false},"featured_media":1858,"template":"","meta":[],"product_brand":[],"product_cat":[263,30,159],"product_tag":[],"class_list":{"0":"post-1855","1":"product","2":"type-product","3":"status-publish","4":"has-post-thumbnail","6":"product_cat-cunas-y-habitacion","7":"product_cat-juguetes","8":"product_cat-organizadores","10":"first","11":"instock","12":"taxable","13":"shipping-taxable","14":"purchasable","15":"product-type-variable"},"yoast_head":"<!-- This site is optimized with the Yoast SEO plugin v27.0 - https:\/\/yoast.com\/product\/yoast-seo-wordpress\/ -->\n<title>Bander\u00edn para habitaci\u00f3n de beb\u00e9 | Oli and Co.<\/title>\n<meta name=\"description\" content=\"Bander\u00edn para habitaci\u00f3n de beb\u00e9, como complemento a conjunto con los textiles de cuna. Puedes elegir tus propias telas y personalizarlo.\" \/>\n<meta name=\"robots\" content=\"index, follow, max-snippet:-1, max-image-preview:large, max-video-preview:-1\" \/>\n<link rel=\"canonical\" href=\"https:\/\/oliandcobaby.com\/en\/product\/banderin\/\" \/>\n<meta property=\"og:locale\" content=\"en_GB\" \/>\n<meta property=\"og:type\" content=\"article\" \/>\n<meta property=\"og:title\" content=\"Bander\u00edn para habitaci\u00f3n de beb\u00e9 | Oli and Co.\" \/>\n<meta property=\"og:description\" content=\"Bander\u00edn para habitaci\u00f3n de beb\u00e9, como complemento a conjunto con los textiles de cuna. Puedes elegir tus propias telas y personalizarlo.\" \/>\n<meta property=\"og:url\" content=\"https:\/\/oliandcobaby.com\/en\/product\/banderin\/\" \/>\n<meta property=\"og:site_name\" content=\"Oli and Co.\" \/>\n<meta property=\"article:modified_time\" content=\"2025-08-17T15:18:26+00:00\" \/>\n<meta property=\"og:image\" content=\"https:\/\/oliandcobaby.com\/wp-content\/uploads\/2022\/09\/banderin.jpg\" \/>\n\t<meta property=\"og:image:width\" content=\"500\" \/>\n\t<meta property=\"og:image:height\" content=\"625\" \/>\n\t<meta property=\"og:image:type\" content=\"image\/jpeg\" \/>\n<meta name=\"twitter:card\" content=\"summary_large_image\" \/>\n<meta name=\"twitter:label1\" content=\"Estimated reading time\" \/>\n\t<meta name=\"twitter:data1\" content=\"1 minute\" \/>\n<script type=\"application\/ld+json\" class=\"yoast-schema-graph\">{\"@context\":\"https:\/\/schema.org\",\"@graph\":[{\"@type\":\"WebPage\",\"@id\":\"https:\/\/oliandcobaby.com\/producto\/banderin\/\",\"url\":\"https:\/\/oliandcobaby.com\/producto\/banderin\/\",\"name\":\"Bander\u00edn para habitaci\u00f3n de beb\u00e9 | Oli and Co.\",\"isPartOf\":{\"@id\":\"https:\/\/oliandcobaby.com\/#website\"},\"primaryImageOfPage\":{\"@id\":\"https:\/\/oliandcobaby.com\/producto\/banderin\/#primaryimage\"},\"image\":{\"@id\":\"https:\/\/oliandcobaby.com\/producto\/banderin\/#primaryimage\"},\"thumbnailUrl\":\"https:\/\/oliandcobaby.com\/wp-content\/uploads\/2022\/09\/banderin.jpg\",\"datePublished\":\"2022-09-29T09:33:15+00:00\",\"dateModified\":\"2025-08-17T15:18:26+00:00\",\"description\":\"Bander\u00edn para habitaci\u00f3n de beb\u00e9, como complemento a conjunto con los textiles de cuna. Puedes elegir tus propias telas y personalizarlo.\",\"breadcrumb\":{\"@id\":\"https:\/\/oliandcobaby.com\/producto\/banderin\/#breadcrumb\"},\"inLanguage\":\"en-GB\",\"potentialAction\":[{\"@type\":\"ReadAction\",\"target\":[\"https:\/\/oliandcobaby.com\/producto\/banderin\/\"]}]},{\"@type\":\"ImageObject\",\"inLanguage\":\"en-GB\",\"@id\":\"https:\/\/oliandcobaby.com\/producto\/banderin\/#primaryimage\",\"url\":\"https:\/\/oliandcobaby.com\/wp-content\/uploads\/2022\/09\/banderin.jpg\",\"contentUrl\":\"https:\/\/oliandcobaby.com\/wp-content\/uploads\/2022\/09\/banderin.jpg\",\"width\":500,\"height\":625},{\"@type\":\"BreadcrumbList\",\"@id\":\"https:\/\/oliandcobaby.com\/producto\/banderin\/#breadcrumb\",\"itemListElement\":[{\"@type\":\"ListItem\",\"position\":1,\"name\":\"Portada\",\"item\":\"https:\/\/oliandcobaby.com\/\"},{\"@type\":\"ListItem\",\"position\":2,\"name\":\"Tienda\",\"item\":\"https:\/\/oliandcobaby.com\/tienda\/\"},{\"@type\":\"ListItem\",\"position\":3,\"name\":\"Bander\u00edn\"}]},{\"@type\":\"WebSite\",\"@id\":\"https:\/\/oliandcobaby.com\/#website\",\"url\":\"https:\/\/oliandcobaby.com\/\",\"name\":\"Oli and Co.\",\"description\":\"Ropa de Beb\u00e9\",\"potentialAction\":[{\"@type\":\"SearchAction\",\"target\":{\"@type\":\"EntryPoint\",\"urlTemplate\":\"https:\/\/oliandcobaby.com\/?s={search_term_string}\"},\"query-input\":{\"@type\":\"PropertyValueSpecification\",\"valueRequired\":true,\"valueName\":\"search_term_string\"}}],\"inLanguage\":\"en-GB\"}]}<\/script>\n<!-- \/ Yoast SEO plugin. -->","yoast_head_json":{"title":"Bander\u00edn para habitaci\u00f3n de beb\u00e9 | Oli and Co.","description":"Bander\u00edn para habitaci\u00f3n de beb\u00e9, como complemento a conjunto con los textiles de cuna. Puedes elegir tus propias telas y personalizarlo.","robots":{"index":"index","follow":"follow","max-snippet":"max-snippet:-1","max-image-preview":"max-image-preview:large","max-video-preview":"max-video-preview:-1"},"canonical":"https:\/\/oliandcobaby.com\/en\/product\/banderin\/","og_locale":"en_GB","og_type":"article","og_title":"Bander\u00edn para habitaci\u00f3n de beb\u00e9 | Oli and Co.","og_description":"Bander\u00edn para habitaci\u00f3n de beb\u00e9, como complemento a conjunto con los textiles de cuna. Puedes elegir tus propias telas y personalizarlo.","og_url":"https:\/\/oliandcobaby.com\/en\/product\/banderin\/","og_site_name":"Oli and Co.","article_modified_time":"2025-08-17T15:18:26+00:00","og_image":[{"width":500,"height":625,"url":"https:\/\/oliandcobaby.com\/wp-content\/uploads\/2022\/09\/banderin.jpg","type":"image\/jpeg"}],"twitter_card":"summary_large_image","twitter_misc":{"Estimated reading time":"1 minute"},"schema":{"@context":"https:\/\/schema.org","@graph":[{"@type":"WebPage","@id":"https:\/\/oliandcobaby.com\/producto\/banderin\/","url":"https:\/\/oliandcobaby.com\/producto\/banderin\/","name":"Bander\u00edn para habitaci\u00f3n de beb\u00e9 | Oli and Co.","isPartOf":{"@id":"https:\/\/oliandcobaby.com\/#website"},"primaryImageOfPage":{"@id":"https:\/\/oliandcobaby.com\/producto\/banderin\/#primaryimage"},"image":{"@id":"https:\/\/oliandcobaby.com\/producto\/banderin\/#primaryimage"},"thumbnailUrl":"https:\/\/oliandcobaby.com\/wp-content\/uploads\/2022\/09\/banderin.jpg","datePublished":"2022-09-29T09:33:15+00:00","dateModified":"2025-08-17T15:18:26+00:00","description":"Bander\u00edn para habitaci\u00f3n de beb\u00e9, como complemento a conjunto con los textiles de cuna. Puedes elegir tus propias telas y personalizarlo.","breadcrumb":{"@id":"https:\/\/oliandcobaby.com\/producto\/banderin\/#breadcrumb"},"inLanguage":"en-GB","potentialAction":[{"@type":"ReadAction","target":["https:\/\/oliandcobaby.com\/producto\/banderin\/"]}]},{"@type":"ImageObject","inLanguage":"en-GB","@id":"https:\/\/oliandcobaby.com\/producto\/banderin\/#primaryimage","url":"https:\/\/oliandcobaby.com\/wp-content\/uploads\/2022\/09\/banderin.jpg","contentUrl":"https:\/\/oliandcobaby.com\/wp-content\/uploads\/2022\/09\/banderin.jpg","width":500,"height":625},{"@type":"BreadcrumbList","@id":"https:\/\/oliandcobaby.com\/producto\/banderin\/#breadcrumb","itemListElement":[{"@type":"ListItem","position":1,"name":"Portada","item":"https:\/\/oliandcobaby.com\/"},{"@type":"ListItem","position":2,"name":"Tienda","item":"https:\/\/oliandcobaby.com\/tienda\/"},{"@type":"ListItem","position":3,"name":"Bander\u00edn"}]},{"@type":"WebSite","@id":"https:\/\/oliandcobaby.com\/#website","url":"https:\/\/oliandcobaby.com\/","name":"Oli and Co.","description":"Ropa de Beb\u00e9","potentialAction":[{"@type":"SearchAction","target":{"@type":"EntryPoint","urlTemplate":"https:\/\/oliandcobaby.com\/?s={search_term_string}"},"query-input":{"@type":"PropertyValueSpecification","valueRequired":true,"valueName":"search_term_string"}}],"inLanguage":"en-GB"}]}},"jetpack_sharing_enabled":true,"_links":{"self":[{"href":"https:\/\/oliandcobaby.com\/en\/wp-json\/wp\/v2\/product\/1855","targetHints":{"allow":["GET"]}}],"collection":[{"href":"https:\/\/oliandcobaby.com\/en\/wp-json\/wp\/v2\/product"}],"about":[{"href":"https:\/\/oliandcobaby.com\/en\/wp-json\/wp\/v2\/types\/product"}],"version-history":[{"count":0,"href":"https:\/\/oliandcobaby.com\/en\/wp-json\/wp\/v2\/product\/1855\/revisions"}],"wp:featuredmedia":[{"embeddable":true,"href":"https:\/\/oliandcobaby.com\/en\/wp-json\/wp\/v2\/media\/1858"}],"wp:attachment":[{"href":"https:\/\/oliandcobaby.com\/en\/wp-json\/wp\/v2\/media?parent=1855"}],"wp:term":[{"taxonomy":"product_brand","embeddable":true,"href":"https:\/\/oliandcobaby.com\/en\/wp-json\/wp\/v2\/product_brand?post=1855"},{"taxonomy":"product_cat","embeddable":true,"href":"https:\/\/oliandcobaby.com\/en\/wp-json\/wp\/v2\/product_cat?post=1855"},{"taxonomy":"product_tag","embeddable":true,"href":"https:\/\/oliandcobaby.com\/en\/wp-json\/wp\/v2\/product_tag?post=1855"}],"curies":[{"name":"wp","href":"https:\/\/api.w.org\/{rel}","templated":true}]}}