{"id":2727,"date":"2022-10-06T09:58:18","date_gmt":"2022-10-06T09:58:18","guid":{"rendered":"https:\/\/oliandcobaby.com\/?post_type=product&#038;p=2727"},"modified":"2023-04-05T15:16:03","modified_gmt":"2023-04-05T15:16:03","slug":"corona","status":"publish","type":"product","link":"https:\/\/oliandcobaby.com\/en\/product\/corona\/","title":{"rendered":"Corona"},"content":{"rendered":"","protected":false},"excerpt":{"rendered":"<p>Corona de cumplea\u00f1os con velcro ajustable. Se puede hacer con el numero 1,2 o 3 (especificalo en notas del pedido al realizar la compra)<\/p>","protected":false},"featured_media":2805,"template":"","meta":[],"product_brand":[],"product_cat":[25,24],"product_tag":[],"class_list":{"0":"post-2727","1":"product","2":"type-product","3":"status-publish","4":"has-post-thumbnail","6":"product_cat-ropa-por-encargo","7":"product_cat-ropa-y-accesorios","9":"first","10":"instock","11":"taxable","12":"shipping-taxable","13":"purchasable","14":"product-type-variable"},"yoast_head":"<!-- This site is optimized with the Yoast SEO plugin v27.5 - https:\/\/yoast.com\/product\/yoast-seo-wordpress\/ -->\n<title>Corona de cumplea\u00f1os para beb\u00e9 | Oli and Co.<\/title>\n<meta name=\"description\" content=\"Corona de cumplea\u00f1os para beb\u00e9 por encargo. Puedes elegir tus propias telas para crear una prenda \u00fanica y personalizada para tu beb\u00e9.\" \/>\n<meta name=\"robots\" content=\"index, follow, max-snippet:-1, max-image-preview:large, max-video-preview:-1\" \/>\n<link rel=\"canonical\" href=\"https:\/\/oliandcobaby.com\/en\/product\/corona\/\" \/>\n<meta property=\"og:locale\" content=\"en_GB\" \/>\n<meta property=\"og:type\" content=\"article\" \/>\n<meta property=\"og:title\" content=\"Corona de cumplea\u00f1os para beb\u00e9 | Oli and Co.\" \/>\n<meta property=\"og:description\" content=\"Corona de cumplea\u00f1os para beb\u00e9 por encargo. Puedes elegir tus propias telas para crear una prenda \u00fanica y personalizada para tu beb\u00e9.\" \/>\n<meta property=\"og:url\" content=\"https:\/\/oliandcobaby.com\/en\/product\/corona\/\" \/>\n<meta property=\"og:site_name\" content=\"Oli and Co.\" \/>\n<meta property=\"article:modified_time\" content=\"2023-04-05T15:16:03+00:00\" \/>\n<meta property=\"og:image\" content=\"https:\/\/oliandcobaby.com\/wp-content\/uploads\/2022\/10\/E054-3.jpg\" \/>\n\t<meta property=\"og:image:width\" content=\"500\" \/>\n\t<meta property=\"og:image:height\" content=\"667\" \/>\n\t<meta property=\"og:image:type\" content=\"image\/jpeg\" \/>\n<meta name=\"twitter:card\" content=\"summary_large_image\" \/>\n<script type=\"application\/ld+json\" class=\"yoast-schema-graph\">{\"@context\":\"https:\\\/\\\/schema.org\",\"@graph\":[{\"@type\":\"WebPage\",\"@id\":\"https:\\\/\\\/oliandcobaby.com\\\/producto\\\/corona\\\/\",\"url\":\"https:\\\/\\\/oliandcobaby.com\\\/producto\\\/corona\\\/\",\"name\":\"Corona de cumplea\u00f1os para beb\u00e9 | Oli and Co.\",\"isPartOf\":{\"@id\":\"https:\\\/\\\/oliandcobaby.com\\\/#website\"},\"primaryImageOfPage\":{\"@id\":\"https:\\\/\\\/oliandcobaby.com\\\/producto\\\/corona\\\/#primaryimage\"},\"image\":{\"@id\":\"https:\\\/\\\/oliandcobaby.com\\\/producto\\\/corona\\\/#primaryimage\"},\"thumbnailUrl\":\"https:\\\/\\\/oliandcobaby.com\\\/wp-content\\\/uploads\\\/2022\\\/10\\\/E054-3.jpg\",\"datePublished\":\"2022-10-06T09:58:18+00:00\",\"dateModified\":\"2023-04-05T15:16:03+00:00\",\"description\":\"Corona de cumplea\u00f1os para beb\u00e9 por encargo. Puedes elegir tus propias telas para crear una prenda \u00fanica y personalizada para tu beb\u00e9.\",\"breadcrumb\":{\"@id\":\"https:\\\/\\\/oliandcobaby.com\\\/producto\\\/corona\\\/#breadcrumb\"},\"inLanguage\":\"en-GB\",\"potentialAction\":[{\"@type\":\"ReadAction\",\"target\":[\"https:\\\/\\\/oliandcobaby.com\\\/producto\\\/corona\\\/\"]}]},{\"@type\":\"ImageObject\",\"inLanguage\":\"en-GB\",\"@id\":\"https:\\\/\\\/oliandcobaby.com\\\/producto\\\/corona\\\/#primaryimage\",\"url\":\"https:\\\/\\\/oliandcobaby.com\\\/wp-content\\\/uploads\\\/2022\\\/10\\\/E054-3.jpg\",\"contentUrl\":\"https:\\\/\\\/oliandcobaby.com\\\/wp-content\\\/uploads\\\/2022\\\/10\\\/E054-3.jpg\",\"width\":500,\"height\":667},{\"@type\":\"BreadcrumbList\",\"@id\":\"https:\\\/\\\/oliandcobaby.com\\\/producto\\\/corona\\\/#breadcrumb\",\"itemListElement\":[{\"@type\":\"ListItem\",\"position\":1,\"name\":\"Portada\",\"item\":\"https:\\\/\\\/oliandcobaby.com\\\/\"},{\"@type\":\"ListItem\",\"position\":2,\"name\":\"Tienda\",\"item\":\"https:\\\/\\\/oliandcobaby.com\\\/tienda\\\/\"},{\"@type\":\"ListItem\",\"position\":3,\"name\":\"Corona\"}]},{\"@type\":\"WebSite\",\"@id\":\"https:\\\/\\\/oliandcobaby.com\\\/#website\",\"url\":\"https:\\\/\\\/oliandcobaby.com\\\/\",\"name\":\"Oli and Co.\",\"description\":\"Ropa de Beb\u00e9\",\"potentialAction\":[{\"@type\":\"SearchAction\",\"target\":{\"@type\":\"EntryPoint\",\"urlTemplate\":\"https:\\\/\\\/oliandcobaby.com\\\/?s={search_term_string}\"},\"query-input\":{\"@type\":\"PropertyValueSpecification\",\"valueRequired\":true,\"valueName\":\"search_term_string\"}}],\"inLanguage\":\"en-GB\"}]}<\/script>\n<!-- \/ Yoast SEO plugin. -->","yoast_head_json":{"title":"Corona de cumplea\u00f1os para beb\u00e9 | Oli and Co.","description":"Corona de cumplea\u00f1os para beb\u00e9 por encargo. Puedes elegir tus propias telas para crear una prenda \u00fanica y personalizada para tu beb\u00e9.","robots":{"index":"index","follow":"follow","max-snippet":"max-snippet:-1","max-image-preview":"max-image-preview:large","max-video-preview":"max-video-preview:-1"},"canonical":"https:\/\/oliandcobaby.com\/en\/product\/corona\/","og_locale":"en_GB","og_type":"article","og_title":"Corona de cumplea\u00f1os para beb\u00e9 | Oli and Co.","og_description":"Corona de cumplea\u00f1os para beb\u00e9 por encargo. Puedes elegir tus propias telas para crear una prenda \u00fanica y personalizada para tu beb\u00e9.","og_url":"https:\/\/oliandcobaby.com\/en\/product\/corona\/","og_site_name":"Oli and Co.","article_modified_time":"2023-04-05T15:16:03+00:00","og_image":[{"width":500,"height":667,"url":"https:\/\/oliandcobaby.com\/wp-content\/uploads\/2022\/10\/E054-3.jpg","type":"image\/jpeg"}],"twitter_card":"summary_large_image","schema":{"@context":"https:\/\/schema.org","@graph":[{"@type":"WebPage","@id":"https:\/\/oliandcobaby.com\/producto\/corona\/","url":"https:\/\/oliandcobaby.com\/producto\/corona\/","name":"Corona de cumplea\u00f1os para beb\u00e9 | Oli and Co.","isPartOf":{"@id":"https:\/\/oliandcobaby.com\/#website"},"primaryImageOfPage":{"@id":"https:\/\/oliandcobaby.com\/producto\/corona\/#primaryimage"},"image":{"@id":"https:\/\/oliandcobaby.com\/producto\/corona\/#primaryimage"},"thumbnailUrl":"https:\/\/oliandcobaby.com\/wp-content\/uploads\/2022\/10\/E054-3.jpg","datePublished":"2022-10-06T09:58:18+00:00","dateModified":"2023-04-05T15:16:03+00:00","description":"Corona de cumplea\u00f1os para beb\u00e9 por encargo. Puedes elegir tus propias telas para crear una prenda \u00fanica y personalizada para tu beb\u00e9.","breadcrumb":{"@id":"https:\/\/oliandcobaby.com\/producto\/corona\/#breadcrumb"},"inLanguage":"en-GB","potentialAction":[{"@type":"ReadAction","target":["https:\/\/oliandcobaby.com\/producto\/corona\/"]}]},{"@type":"ImageObject","inLanguage":"en-GB","@id":"https:\/\/oliandcobaby.com\/producto\/corona\/#primaryimage","url":"https:\/\/oliandcobaby.com\/wp-content\/uploads\/2022\/10\/E054-3.jpg","contentUrl":"https:\/\/oliandcobaby.com\/wp-content\/uploads\/2022\/10\/E054-3.jpg","width":500,"height":667},{"@type":"BreadcrumbList","@id":"https:\/\/oliandcobaby.com\/producto\/corona\/#breadcrumb","itemListElement":[{"@type":"ListItem","position":1,"name":"Portada","item":"https:\/\/oliandcobaby.com\/"},{"@type":"ListItem","position":2,"name":"Tienda","item":"https:\/\/oliandcobaby.com\/tienda\/"},{"@type":"ListItem","position":3,"name":"Corona"}]},{"@type":"WebSite","@id":"https:\/\/oliandcobaby.com\/#website","url":"https:\/\/oliandcobaby.com\/","name":"Oli and Co.","description":"Ropa de Beb\u00e9","potentialAction":[{"@type":"SearchAction","target":{"@type":"EntryPoint","urlTemplate":"https:\/\/oliandcobaby.com\/?s={search_term_string}"},"query-input":{"@type":"PropertyValueSpecification","valueRequired":true,"valueName":"search_term_string"}}],"inLanguage":"en-GB"}]}},"jetpack_sharing_enabled":true,"_links":{"self":[{"href":"https:\/\/oliandcobaby.com\/en\/wp-json\/wp\/v2\/product\/2727","targetHints":{"allow":["GET"]}}],"collection":[{"href":"https:\/\/oliandcobaby.com\/en\/wp-json\/wp\/v2\/product"}],"about":[{"href":"https:\/\/oliandcobaby.com\/en\/wp-json\/wp\/v2\/types\/product"}],"version-history":[{"count":0,"href":"https:\/\/oliandcobaby.com\/en\/wp-json\/wp\/v2\/product\/2727\/revisions"}],"wp:featuredmedia":[{"embeddable":true,"href":"https:\/\/oliandcobaby.com\/en\/wp-json\/wp\/v2\/media\/2805"}],"wp:attachment":[{"href":"https:\/\/oliandcobaby.com\/en\/wp-json\/wp\/v2\/media?parent=2727"}],"wp:term":[{"taxonomy":"product_brand","embeddable":true,"href":"https:\/\/oliandcobaby.com\/en\/wp-json\/wp\/v2\/product_brand?post=2727"},{"taxonomy":"product_cat","embeddable":true,"href":"https:\/\/oliandcobaby.com\/en\/wp-json\/wp\/v2\/product_cat?post=2727"},{"taxonomy":"product_tag","embeddable":true,"href":"https:\/\/oliandcobaby.com\/en\/wp-json\/wp\/v2\/product_tag?post=2727"}],"curies":[{"name":"wp","href":"https:\/\/api.w.org\/{rel}","templated":true}]}}