{"id":31148,"date":"2023-12-18T09:32:54","date_gmt":"2023-12-18T09:32:54","guid":{"rendered":"https:\/\/oliandcobaby.com\/?post_type=product&#038;p=31148"},"modified":"2025-12-11T10:27:38","modified_gmt":"2025-12-11T10:27:38","slug":"babero-con-inicial","status":"publish","type":"product","link":"https:\/\/oliandcobaby.com\/en\/product\/babero-con-inicial\/","title":{"rendered":"Babero con inicial"},"content":{"rendered":"","protected":false},"excerpt":{"rendered":"<p>Babero de algod\u00f3n con tira bordada e inicial bordada en letra cl\u00e1sica.<\/p>\n<p>Escr\u00edbenos la inicial en notas de pedido.<\/p>","protected":false},"featured_media":22069,"template":"","meta":[],"product_brand":[],"product_cat":[26,22,191,15,230,209,25,24],"product_tag":[],"class_list":{"0":"post-31148","1":"product","2":"type-product","3":"status-publish","4":"has-post-thumbnail","6":"product_cat-accesorios-por-encargo","7":"product_cat-accesorios","8":"product_cat-baberos-y-chupeteros","9":"product_cat-tienda","10":"product_cat-outlet","11":"product_cat-punto-encargo","12":"product_cat-ropa-por-encargo","13":"product_cat-ropa-y-accesorios","15":"first","16":"instock","17":"sale","18":"taxable","19":"shipping-taxable","20":"purchasable","21":"product-type-variable"},"yoast_head":"<!-- This site is optimized with the Yoast SEO plugin v27.5 - https:\/\/yoast.com\/product\/yoast-seo-wordpress\/ -->\n<title>Babero con inicial - Oli and Co.<\/title>\n<meta name=\"robots\" content=\"index, follow, max-snippet:-1, max-image-preview:large, max-video-preview:-1\" \/>\n<link rel=\"canonical\" href=\"https:\/\/oliandcobaby.com\/en\/product\/babero-con-inicial\/\" \/>\n<meta property=\"og:locale\" content=\"en_GB\" \/>\n<meta property=\"og:type\" content=\"article\" \/>\n<meta property=\"og:title\" content=\"Babero con inicial - Oli and Co.\" \/>\n<meta property=\"og:description\" content=\"Babero de algod\u00f3n con tira bordada e inicial bordada en letra cl\u00e1sica.  Escr\u00edbenos la inicial en notas de pedido.\" \/>\n<meta property=\"og:url\" content=\"https:\/\/oliandcobaby.com\/en\/product\/babero-con-inicial\/\" \/>\n<meta property=\"og:site_name\" content=\"Oli and Co.\" \/>\n<meta property=\"article:modified_time\" content=\"2025-12-11T10:27:38+00:00\" \/>\n<meta property=\"og:image\" content=\"https:\/\/oliandcobaby.com\/wp-content\/uploads\/2023\/08\/Tezza-6079-scaled.jpg\" \/>\n\t<meta property=\"og:image:width\" content=\"1920\" \/>\n\t<meta property=\"og:image:height\" content=\"2560\" \/>\n\t<meta property=\"og:image:type\" content=\"image\/jpeg\" \/>\n<meta name=\"twitter:card\" content=\"summary_large_image\" \/>\n<meta name=\"twitter:label1\" content=\"Estimated reading time\" \/>\n\t<meta name=\"twitter:data1\" content=\"1 minute\" \/>\n<script type=\"application\/ld+json\" class=\"yoast-schema-graph\">{\"@context\":\"https:\\\/\\\/schema.org\",\"@graph\":[{\"@type\":\"WebPage\",\"@id\":\"https:\\\/\\\/oliandcobaby.com\\\/producto\\\/babero-con-inicial\\\/\",\"url\":\"https:\\\/\\\/oliandcobaby.com\\\/producto\\\/babero-con-inicial\\\/\",\"name\":\"Babero con inicial - Oli and Co.\",\"isPartOf\":{\"@id\":\"https:\\\/\\\/oliandcobaby.com\\\/#website\"},\"primaryImageOfPage\":{\"@id\":\"https:\\\/\\\/oliandcobaby.com\\\/producto\\\/babero-con-inicial\\\/#primaryimage\"},\"image\":{\"@id\":\"https:\\\/\\\/oliandcobaby.com\\\/producto\\\/babero-con-inicial\\\/#primaryimage\"},\"thumbnailUrl\":\"https:\\\/\\\/oliandcobaby.com\\\/wp-content\\\/uploads\\\/2023\\\/08\\\/Tezza-6079-scaled.jpg\",\"datePublished\":\"2023-12-18T09:32:54+00:00\",\"dateModified\":\"2025-12-11T10:27:38+00:00\",\"breadcrumb\":{\"@id\":\"https:\\\/\\\/oliandcobaby.com\\\/producto\\\/babero-con-inicial\\\/#breadcrumb\"},\"inLanguage\":\"en-GB\",\"potentialAction\":[{\"@type\":\"ReadAction\",\"target\":[\"https:\\\/\\\/oliandcobaby.com\\\/producto\\\/babero-con-inicial\\\/\"]}]},{\"@type\":\"ImageObject\",\"inLanguage\":\"en-GB\",\"@id\":\"https:\\\/\\\/oliandcobaby.com\\\/producto\\\/babero-con-inicial\\\/#primaryimage\",\"url\":\"https:\\\/\\\/oliandcobaby.com\\\/wp-content\\\/uploads\\\/2023\\\/08\\\/Tezza-6079-scaled.jpg\",\"contentUrl\":\"https:\\\/\\\/oliandcobaby.com\\\/wp-content\\\/uploads\\\/2023\\\/08\\\/Tezza-6079-scaled.jpg\",\"width\":1920,\"height\":2560},{\"@type\":\"BreadcrumbList\",\"@id\":\"https:\\\/\\\/oliandcobaby.com\\\/producto\\\/babero-con-inicial\\\/#breadcrumb\",\"itemListElement\":[{\"@type\":\"ListItem\",\"position\":1,\"name\":\"Portada\",\"item\":\"https:\\\/\\\/oliandcobaby.com\\\/\"},{\"@type\":\"ListItem\",\"position\":2,\"name\":\"Tienda\",\"item\":\"https:\\\/\\\/oliandcobaby.com\\\/tienda\\\/\"},{\"@type\":\"ListItem\",\"position\":3,\"name\":\"Babero con inicial\"}]},{\"@type\":\"WebSite\",\"@id\":\"https:\\\/\\\/oliandcobaby.com\\\/#website\",\"url\":\"https:\\\/\\\/oliandcobaby.com\\\/\",\"name\":\"Oli and Co.\",\"description\":\"Ropa de Beb\u00e9\",\"potentialAction\":[{\"@type\":\"SearchAction\",\"target\":{\"@type\":\"EntryPoint\",\"urlTemplate\":\"https:\\\/\\\/oliandcobaby.com\\\/?s={search_term_string}\"},\"query-input\":{\"@type\":\"PropertyValueSpecification\",\"valueRequired\":true,\"valueName\":\"search_term_string\"}}],\"inLanguage\":\"en-GB\"}]}<\/script>\n<!-- \/ Yoast SEO plugin. -->","yoast_head_json":{"title":"Babero con inicial - Oli and Co.","robots":{"index":"index","follow":"follow","max-snippet":"max-snippet:-1","max-image-preview":"max-image-preview:large","max-video-preview":"max-video-preview:-1"},"canonical":"https:\/\/oliandcobaby.com\/en\/product\/babero-con-inicial\/","og_locale":"en_GB","og_type":"article","og_title":"Babero con inicial - Oli and Co.","og_description":"Babero de algod\u00f3n con tira bordada e inicial bordada en letra cl\u00e1sica.  Escr\u00edbenos la inicial en notas de pedido.","og_url":"https:\/\/oliandcobaby.com\/en\/product\/babero-con-inicial\/","og_site_name":"Oli and Co.","article_modified_time":"2025-12-11T10:27:38+00:00","og_image":[{"width":1920,"height":2560,"url":"https:\/\/oliandcobaby.com\/wp-content\/uploads\/2023\/08\/Tezza-6079-scaled.jpg","type":"image\/jpeg"}],"twitter_card":"summary_large_image","twitter_misc":{"Estimated reading time":"1 minute"},"schema":{"@context":"https:\/\/schema.org","@graph":[{"@type":"WebPage","@id":"https:\/\/oliandcobaby.com\/producto\/babero-con-inicial\/","url":"https:\/\/oliandcobaby.com\/producto\/babero-con-inicial\/","name":"Babero con inicial - Oli and Co.","isPartOf":{"@id":"https:\/\/oliandcobaby.com\/#website"},"primaryImageOfPage":{"@id":"https:\/\/oliandcobaby.com\/producto\/babero-con-inicial\/#primaryimage"},"image":{"@id":"https:\/\/oliandcobaby.com\/producto\/babero-con-inicial\/#primaryimage"},"thumbnailUrl":"https:\/\/oliandcobaby.com\/wp-content\/uploads\/2023\/08\/Tezza-6079-scaled.jpg","datePublished":"2023-12-18T09:32:54+00:00","dateModified":"2025-12-11T10:27:38+00:00","breadcrumb":{"@id":"https:\/\/oliandcobaby.com\/producto\/babero-con-inicial\/#breadcrumb"},"inLanguage":"en-GB","potentialAction":[{"@type":"ReadAction","target":["https:\/\/oliandcobaby.com\/producto\/babero-con-inicial\/"]}]},{"@type":"ImageObject","inLanguage":"en-GB","@id":"https:\/\/oliandcobaby.com\/producto\/babero-con-inicial\/#primaryimage","url":"https:\/\/oliandcobaby.com\/wp-content\/uploads\/2023\/08\/Tezza-6079-scaled.jpg","contentUrl":"https:\/\/oliandcobaby.com\/wp-content\/uploads\/2023\/08\/Tezza-6079-scaled.jpg","width":1920,"height":2560},{"@type":"BreadcrumbList","@id":"https:\/\/oliandcobaby.com\/producto\/babero-con-inicial\/#breadcrumb","itemListElement":[{"@type":"ListItem","position":1,"name":"Portada","item":"https:\/\/oliandcobaby.com\/"},{"@type":"ListItem","position":2,"name":"Tienda","item":"https:\/\/oliandcobaby.com\/tienda\/"},{"@type":"ListItem","position":3,"name":"Babero con inicial"}]},{"@type":"WebSite","@id":"https:\/\/oliandcobaby.com\/#website","url":"https:\/\/oliandcobaby.com\/","name":"Oli and Co.","description":"Ropa de Beb\u00e9","potentialAction":[{"@type":"SearchAction","target":{"@type":"EntryPoint","urlTemplate":"https:\/\/oliandcobaby.com\/?s={search_term_string}"},"query-input":{"@type":"PropertyValueSpecification","valueRequired":true,"valueName":"search_term_string"}}],"inLanguage":"en-GB"}]}},"jetpack_sharing_enabled":true,"_links":{"self":[{"href":"https:\/\/oliandcobaby.com\/en\/wp-json\/wp\/v2\/product\/31148","targetHints":{"allow":["GET"]}}],"collection":[{"href":"https:\/\/oliandcobaby.com\/en\/wp-json\/wp\/v2\/product"}],"about":[{"href":"https:\/\/oliandcobaby.com\/en\/wp-json\/wp\/v2\/types\/product"}],"version-history":[{"count":0,"href":"https:\/\/oliandcobaby.com\/en\/wp-json\/wp\/v2\/product\/31148\/revisions"}],"wp:featuredmedia":[{"embeddable":true,"href":"https:\/\/oliandcobaby.com\/en\/wp-json\/wp\/v2\/media\/22069"}],"wp:attachment":[{"href":"https:\/\/oliandcobaby.com\/en\/wp-json\/wp\/v2\/media?parent=31148"}],"wp:term":[{"taxonomy":"product_brand","embeddable":true,"href":"https:\/\/oliandcobaby.com\/en\/wp-json\/wp\/v2\/product_brand?post=31148"},{"taxonomy":"product_cat","embeddable":true,"href":"https:\/\/oliandcobaby.com\/en\/wp-json\/wp\/v2\/product_cat?post=31148"},{"taxonomy":"product_tag","embeddable":true,"href":"https:\/\/oliandcobaby.com\/en\/wp-json\/wp\/v2\/product_tag?post=31148"}],"curies":[{"name":"wp","href":"https:\/\/api.w.org\/{rel}","templated":true}]}}