{"id":3755,"date":"2022-10-20T16:07:44","date_gmt":"2022-10-20T16:07:44","guid":{"rendered":"https:\/\/oliandcobaby.com\/?post_type=product&#038;p=3755"},"modified":"2026-04-23T11:38:55","modified_gmt":"2026-04-23T11:38:55","slug":"arrullo-con-volantes-verano","status":"publish","type":"product","link":"https:\/\/oliandcobaby.com\/en\/product\/arrullo-con-volantes-verano\/","title":{"rendered":"Arrullo con volantes verano"},"content":{"rendered":"<p class=\"\" data-start=\"211\" data-end=\"284\"><strong data-start=\"211\" data-end=\"284\">Suavidad para los Primeros D\u00edas<\/strong> con nuestro arrullo dise\u00f1ado especialmente para cuidar la delicada piel de tu beb\u00e9 desde el primer d\u00eda. Hecho con tejido de algod\u00f3n 100% natural, aporta suavidad, es transpirable y termorregulador para los primeros d\u00edas, ideal para mantener a tu peque\u00f1o c\u00f3modo en cualquier temporada.<\/p>\n<p class=\"\" data-start=\"595\" data-end=\"797\">Acompa\u00f1ar\u00e1 sus sue\u00f1os, cuando tome el pecho o simplemente ser\u00e1 refugio en brazos de mam\u00e1.<\/p>\n<p data-start=\"595\" data-end=\"797\">Un esencial en la canastilla de tu beb\u00e9, pensado para ofrecer bienestar desde el primer abrazo.<\/p>","protected":false},"excerpt":{"rendered":"<p class=\"\" data-start=\"211\" data-end=\"284\"><strong data-start=\"211\" data-end=\"284\">Suavidad para los Primeros D\u00edas<\/strong> con nuestro arrullo dise\u00f1ado especialmente para cuidar la delicada piel de tu beb\u00e9 desde el primer d\u00eda. Hecho con tejido de algod\u00f3n 100% natural, aporta suavidad, es transpirable y termorregulador para los primeros d\u00edas, ideal para mantener a tu peque\u00f1o c\u00f3modo en cualquier temporada.<\/p>\n<p class=\"\" data-start=\"595\" data-end=\"797\">Acompa\u00f1ar\u00e1 sus sue\u00f1os, cuando tome el pecho o simplemente ser\u00e1 refugio en brazos de mam\u00e1.<\/p>\n<p data-start=\"595\" data-end=\"797\">Un esencial en la canastilla de tu beb\u00e9, pensado para ofrecer bienestar desde el primer abrazo.<\/p>\n<p>Puedes elegir las telas (recomendamos elegir para el interior una tela de muselina).<\/p>\n<p>Medida 70&#215;70 cm<\/p>","protected":false},"featured_media":15249,"template":"","meta":[],"product_brand":[],"product_cat":[181,15,265,24],"product_tag":[],"class_list":{"0":"post-3755","1":"product","2":"type-product","3":"status-publish","4":"has-post-thumbnail","6":"product_cat-arrullos","7":"product_cat-tienda","8":"product_cat-paseo-y-carritos","9":"product_cat-ropa-y-accesorios","11":"first","12":"instock","13":"taxable","14":"shipping-taxable","15":"purchasable","16":"product-type-variable"},"yoast_head":"<!-- This site is optimized with the Yoast SEO plugin v27.5 - https:\/\/yoast.com\/product\/yoast-seo-wordpress\/ -->\n<title>Arrullo con volantes para beb\u00e9 | Oli and Co.<\/title>\n<meta name=\"description\" content=\"Arrullo con volantes para beb\u00e9 por encargo. Puedes elegir tus propias telas para crear una prenda \u00fanica y personalizada para tu beb\u00e9.\" \/>\n<meta name=\"robots\" content=\"index, follow, max-snippet:-1, max-image-preview:large, max-video-preview:-1\" \/>\n<link rel=\"canonical\" href=\"https:\/\/oliandcobaby.com\/en\/product\/arrullo-con-volantes-verano\/\" \/>\n<meta property=\"og:locale\" content=\"en_GB\" \/>\n<meta property=\"og:type\" content=\"article\" \/>\n<meta property=\"og:title\" content=\"Arrullo con volantes para beb\u00e9 | Oli and Co.\" \/>\n<meta property=\"og:description\" content=\"Arrullo con volantes para beb\u00e9 por encargo. Puedes elegir tus propias telas para crear una prenda \u00fanica y personalizada para tu beb\u00e9.\" \/>\n<meta property=\"og:url\" content=\"https:\/\/oliandcobaby.com\/en\/product\/arrullo-con-volantes-verano\/\" \/>\n<meta property=\"og:site_name\" content=\"Oli and Co.\" \/>\n<meta property=\"article:modified_time\" content=\"2026-04-23T11:38:55+00:00\" \/>\n<meta property=\"og:image\" content=\"https:\/\/oliandcobaby.com\/wp-content\/uploads\/2022\/09\/image_6483441-34-scaled.jpg\" \/>\n\t<meta property=\"og:image:width\" content=\"1920\" \/>\n\t<meta property=\"og:image:height\" content=\"2560\" \/>\n\t<meta property=\"og:image:type\" content=\"image\/jpeg\" \/>\n<meta name=\"twitter:card\" content=\"summary_large_image\" \/>\n<meta name=\"twitter:label1\" content=\"Estimated reading time\" \/>\n\t<meta name=\"twitter:data1\" content=\"1 minute\" \/>\n<script type=\"application\/ld+json\" class=\"yoast-schema-graph\">{\"@context\":\"https:\\\/\\\/schema.org\",\"@graph\":[{\"@type\":\"WebPage\",\"@id\":\"https:\\\/\\\/oliandcobaby.com\\\/producto\\\/arrullo-con-volantes-verano\\\/\",\"url\":\"https:\\\/\\\/oliandcobaby.com\\\/producto\\\/arrullo-con-volantes-verano\\\/\",\"name\":\"Arrullo con volantes para beb\u00e9 | Oli and Co.\",\"isPartOf\":{\"@id\":\"https:\\\/\\\/oliandcobaby.com\\\/#website\"},\"primaryImageOfPage\":{\"@id\":\"https:\\\/\\\/oliandcobaby.com\\\/producto\\\/arrullo-con-volantes-verano\\\/#primaryimage\"},\"image\":{\"@id\":\"https:\\\/\\\/oliandcobaby.com\\\/producto\\\/arrullo-con-volantes-verano\\\/#primaryimage\"},\"thumbnailUrl\":\"https:\\\/\\\/oliandcobaby.com\\\/wp-content\\\/uploads\\\/2022\\\/09\\\/image_6483441-34-scaled.jpg\",\"datePublished\":\"2022-10-20T16:07:44+00:00\",\"dateModified\":\"2026-04-23T11:38:55+00:00\",\"description\":\"Arrullo con volantes para beb\u00e9 por encargo. Puedes elegir tus propias telas para crear una prenda \u00fanica y personalizada para tu beb\u00e9.\",\"breadcrumb\":{\"@id\":\"https:\\\/\\\/oliandcobaby.com\\\/producto\\\/arrullo-con-volantes-verano\\\/#breadcrumb\"},\"inLanguage\":\"en-GB\",\"potentialAction\":[{\"@type\":\"ReadAction\",\"target\":[\"https:\\\/\\\/oliandcobaby.com\\\/producto\\\/arrullo-con-volantes-verano\\\/\"]}]},{\"@type\":\"ImageObject\",\"inLanguage\":\"en-GB\",\"@id\":\"https:\\\/\\\/oliandcobaby.com\\\/producto\\\/arrullo-con-volantes-verano\\\/#primaryimage\",\"url\":\"https:\\\/\\\/oliandcobaby.com\\\/wp-content\\\/uploads\\\/2022\\\/09\\\/image_6483441-34-scaled.jpg\",\"contentUrl\":\"https:\\\/\\\/oliandcobaby.com\\\/wp-content\\\/uploads\\\/2022\\\/09\\\/image_6483441-34-scaled.jpg\",\"width\":1920,\"height\":2560},{\"@type\":\"BreadcrumbList\",\"@id\":\"https:\\\/\\\/oliandcobaby.com\\\/producto\\\/arrullo-con-volantes-verano\\\/#breadcrumb\",\"itemListElement\":[{\"@type\":\"ListItem\",\"position\":1,\"name\":\"Portada\",\"item\":\"https:\\\/\\\/oliandcobaby.com\\\/\"},{\"@type\":\"ListItem\",\"position\":2,\"name\":\"Tienda\",\"item\":\"https:\\\/\\\/oliandcobaby.com\\\/tienda\\\/\"},{\"@type\":\"ListItem\",\"position\":3,\"name\":\"Arrullo con volantes verano\"}]},{\"@type\":\"WebSite\",\"@id\":\"https:\\\/\\\/oliandcobaby.com\\\/#website\",\"url\":\"https:\\\/\\\/oliandcobaby.com\\\/\",\"name\":\"Oli and Co.\",\"description\":\"Ropa de Beb\u00e9\",\"potentialAction\":[{\"@type\":\"SearchAction\",\"target\":{\"@type\":\"EntryPoint\",\"urlTemplate\":\"https:\\\/\\\/oliandcobaby.com\\\/?s={search_term_string}\"},\"query-input\":{\"@type\":\"PropertyValueSpecification\",\"valueRequired\":true,\"valueName\":\"search_term_string\"}}],\"inLanguage\":\"en-GB\"}]}<\/script>\n<!-- \/ Yoast SEO plugin. -->","yoast_head_json":{"title":"Arrullo con volantes para beb\u00e9 | Oli and Co.","description":"Arrullo con volantes para beb\u00e9 por encargo. Puedes elegir tus propias telas para crear una prenda \u00fanica y personalizada para tu beb\u00e9.","robots":{"index":"index","follow":"follow","max-snippet":"max-snippet:-1","max-image-preview":"max-image-preview:large","max-video-preview":"max-video-preview:-1"},"canonical":"https:\/\/oliandcobaby.com\/en\/product\/arrullo-con-volantes-verano\/","og_locale":"en_GB","og_type":"article","og_title":"Arrullo con volantes para beb\u00e9 | Oli and Co.","og_description":"Arrullo con volantes para beb\u00e9 por encargo. Puedes elegir tus propias telas para crear una prenda \u00fanica y personalizada para tu beb\u00e9.","og_url":"https:\/\/oliandcobaby.com\/en\/product\/arrullo-con-volantes-verano\/","og_site_name":"Oli and Co.","article_modified_time":"2026-04-23T11:38:55+00:00","og_image":[{"width":1920,"height":2560,"url":"https:\/\/oliandcobaby.com\/wp-content\/uploads\/2022\/09\/image_6483441-34-scaled.jpg","type":"image\/jpeg"}],"twitter_card":"summary_large_image","twitter_misc":{"Estimated reading time":"1 minute"},"schema":{"@context":"https:\/\/schema.org","@graph":[{"@type":"WebPage","@id":"https:\/\/oliandcobaby.com\/producto\/arrullo-con-volantes-verano\/","url":"https:\/\/oliandcobaby.com\/producto\/arrullo-con-volantes-verano\/","name":"Arrullo con volantes para beb\u00e9 | Oli and Co.","isPartOf":{"@id":"https:\/\/oliandcobaby.com\/#website"},"primaryImageOfPage":{"@id":"https:\/\/oliandcobaby.com\/producto\/arrullo-con-volantes-verano\/#primaryimage"},"image":{"@id":"https:\/\/oliandcobaby.com\/producto\/arrullo-con-volantes-verano\/#primaryimage"},"thumbnailUrl":"https:\/\/oliandcobaby.com\/wp-content\/uploads\/2022\/09\/image_6483441-34-scaled.jpg","datePublished":"2022-10-20T16:07:44+00:00","dateModified":"2026-04-23T11:38:55+00:00","description":"Arrullo con volantes para beb\u00e9 por encargo. Puedes elegir tus propias telas para crear una prenda \u00fanica y personalizada para tu beb\u00e9.","breadcrumb":{"@id":"https:\/\/oliandcobaby.com\/producto\/arrullo-con-volantes-verano\/#breadcrumb"},"inLanguage":"en-GB","potentialAction":[{"@type":"ReadAction","target":["https:\/\/oliandcobaby.com\/producto\/arrullo-con-volantes-verano\/"]}]},{"@type":"ImageObject","inLanguage":"en-GB","@id":"https:\/\/oliandcobaby.com\/producto\/arrullo-con-volantes-verano\/#primaryimage","url":"https:\/\/oliandcobaby.com\/wp-content\/uploads\/2022\/09\/image_6483441-34-scaled.jpg","contentUrl":"https:\/\/oliandcobaby.com\/wp-content\/uploads\/2022\/09\/image_6483441-34-scaled.jpg","width":1920,"height":2560},{"@type":"BreadcrumbList","@id":"https:\/\/oliandcobaby.com\/producto\/arrullo-con-volantes-verano\/#breadcrumb","itemListElement":[{"@type":"ListItem","position":1,"name":"Portada","item":"https:\/\/oliandcobaby.com\/"},{"@type":"ListItem","position":2,"name":"Tienda","item":"https:\/\/oliandcobaby.com\/tienda\/"},{"@type":"ListItem","position":3,"name":"Arrullo con volantes verano"}]},{"@type":"WebSite","@id":"https:\/\/oliandcobaby.com\/#website","url":"https:\/\/oliandcobaby.com\/","name":"Oli and Co.","description":"Ropa de Beb\u00e9","potentialAction":[{"@type":"SearchAction","target":{"@type":"EntryPoint","urlTemplate":"https:\/\/oliandcobaby.com\/?s={search_term_string}"},"query-input":{"@type":"PropertyValueSpecification","valueRequired":true,"valueName":"search_term_string"}}],"inLanguage":"en-GB"}]}},"jetpack_sharing_enabled":true,"_links":{"self":[{"href":"https:\/\/oliandcobaby.com\/en\/wp-json\/wp\/v2\/product\/3755","targetHints":{"allow":["GET"]}}],"collection":[{"href":"https:\/\/oliandcobaby.com\/en\/wp-json\/wp\/v2\/product"}],"about":[{"href":"https:\/\/oliandcobaby.com\/en\/wp-json\/wp\/v2\/types\/product"}],"version-history":[{"count":1,"href":"https:\/\/oliandcobaby.com\/en\/wp-json\/wp\/v2\/product\/3755\/revisions"}],"predecessor-version":[{"id":39551,"href":"https:\/\/oliandcobaby.com\/en\/wp-json\/wp\/v2\/product\/3755\/revisions\/39551"}],"wp:featuredmedia":[{"embeddable":true,"href":"https:\/\/oliandcobaby.com\/en\/wp-json\/wp\/v2\/media\/15249"}],"wp:attachment":[{"href":"https:\/\/oliandcobaby.com\/en\/wp-json\/wp\/v2\/media?parent=3755"}],"wp:term":[{"taxonomy":"product_brand","embeddable":true,"href":"https:\/\/oliandcobaby.com\/en\/wp-json\/wp\/v2\/product_brand?post=3755"},{"taxonomy":"product_cat","embeddable":true,"href":"https:\/\/oliandcobaby.com\/en\/wp-json\/wp\/v2\/product_cat?post=3755"},{"taxonomy":"product_tag","embeddable":true,"href":"https:\/\/oliandcobaby.com\/en\/wp-json\/wp\/v2\/product_tag?post=3755"}],"curies":[{"name":"wp","href":"https:\/\/api.w.org\/{rel}","templated":true}]}}