{"id":37794,"date":"2025-02-05T00:04:06","date_gmt":"2025-02-05T00:04:06","guid":{"rendered":"https:\/\/oliandcobaby.com\/?post_type=product&#038;p=37794"},"modified":"2026-04-10T09:48:23","modified_gmt":"2026-04-10T09:48:23","slug":"conjunto-de-cuna-3-piezas","status":"publish","type":"product","link":"https:\/\/oliandcobaby.com\/en\/product\/conjunto-de-cuna-3-piezas\/","title":{"rendered":"Conjunto de cuna 3 piezas"},"content":{"rendered":"<p>Conjunto de cuna 120&#215;60 cm<\/p>\n<p>Incluye chichoneras, edred\u00f3n reversible y coj\u00edn con nombre bordado<\/p>\n<p>Elegir la opci\u00f3n de cuna en el desplegable.<\/p>\n<p>El nombre del beb\u00e9 y si quer\u00e9is otra tipograf\u00eda o color, deb\u00e9is ponerlo en NOTAS DE PEDIDO al finalizar el pedido.<\/p>\n<p>ENTREGA 30 D\u00cdAS H\u00c1BILES<\/p>","protected":false},"excerpt":{"rendered":"<p>Ahorra con nuestras cunas en pack de 3, 4 o 5\u00a0 piezas<\/p>\n<p>Conjunto de cuna 120&#215;60 cm<\/p>\n<p>Incluye chichoneras, edred\u00f3n reversible y coj\u00edn con nombre bordado<\/p>\n<p>Elegir la opci\u00f3n de cuna en el desplegable.<\/p>\n<p>El nombre del beb\u00e9 y si quer\u00e9is otra tipograf\u00eda o color, deb\u00e9is ponerlo en NOTAS DE PEDIDO al finalizar el pedido.<\/p>\n<p>ENTREGA 30 D\u00cdAS H\u00c1BILES<\/p>\n<p>&nbsp;<\/p>\n<p>DETALLES DE CUNAS:<\/p>\n<p>Cuna 1 (Luis): Incluye 1 coj\u00edn verde bordado, 1 chichonera desenfundable Vicky beige\/mini, 1 edred\u00f3n reversible canela y muselina crudo.<\/p>\n<p>Cuna 2 (Alana): Incluye 1 chichonera muselina crudo, 1 coj\u00edn con nombre bordado, 1 funda de coj\u00edn sin bordar estampado y 1 edred\u00f3n reversible con volantitos.<\/p>\n<p>Cuna 3 (Vichy rosa nude): Incluye 1 chichonera, 1 edred\u00f3n reversible con volantitos y 1 coj\u00edn sin bordar.<\/p>\n<p>Cuna 4 (Ocas y lino): Incluye 1 chichonera reversible lino y crudo, 1 Coj\u00edn bordado y 1 edred\u00f3n reversible. (Para comprar cuna completa consultar en la secci\u00f3n habitaci\u00f3n)<\/p>\n<p>Cuna 5 (Ocas y azul celeste): Incluye 1 chichonera celeste, 1 edred\u00f3n reversible y 1 coj\u00edn con volantitos bordado.<\/p>\n<p>Cuna 6 (Amazona): Incluye 1 chichonera reversible amazona y azul, 1 edred\u00f3n reversible, 1 coj\u00edn bordado caramelo y 1 funda de coj\u00edn estampado 30&#215;50 cm. (Para comprar cuna completa consultar en la secci\u00f3n habitaci\u00f3n)<\/p>\n<p>Cuna 7 (Jaime): Incluye 1 coj\u00edn bordado, 1 chichonera estampado canela, 1 edred\u00f3n reversible.<\/p>\n<p>Cuna 8 (Roc\u00edo): Incluye 1 chichonera desenfundable, 1 edred\u00f3n reversible y 1 coj\u00edn bordado.<\/p>\n<p>Cuna 9 (Teresa) Incluye 1 chichonera estampada, 1 edred\u00f3n reversible y 1 coj\u00edn bordado.<\/p>\n<p>Cuna 10 (Azul y blanco) Incluye 1 chichonera azul reversible crudo, 1 funda nordica azul y tela estampada, 1 s\u00e1bana encimera con embozo estampado, 1 bajera azul y 1 coj\u00edn azul con volantito y nombre bordado.<\/p>\n<p>Cuna 11 (Lino-canela): Incluye 1 chichonera reversible lino y crudo no desenfundable, 1 Coj\u00edn bordado, 1 edred\u00f3n reversible. Bajera+encimera con volantitos<\/p>\n<p>Cuna 12 (Blanca Ocas): Incluye 1 coj\u00edn bordado, 1 chichonera no desenfundable crudo con lazos ocas, 1 colcha waffle beige, 1 sabana encimera con embozo ocas.<\/p>\n<p>Cuna 13 (Victoria): Incluye 1 chichonera no desenfundable, 1 edred\u00f3n reversible y 1 coj\u00edn bordado.<\/p>\n<p>Cuna 14 (Macarena): Incluye 1 chichonera con volantitos rosa dusty, 1 edred\u00f3n reversible Justina, 1 coj\u00edn bordado rosa dusty<\/p>\n<p>Cuna 15 (Carmen) : chichonera no desenfundable , funda n\u00f3rdica con volantitos, coj\u00edn peque\u00f1o canela, coj\u00edn 30&#215;50 bordado<\/p>\n<p>Cuna Catalina: Chichonera con volantitos crudo, funda nordica crudo y vichy con volantitos , coj\u00edn Tela Catalina con nombre bordado.<\/p>","protected":false},"featured_media":37798,"template":"","meta":[],"product_brand":[],"product_cat":[160,264,263,278],"product_tag":[],"class_list":{"0":"post-37794","1":"product","2":"type-product","3":"status-publish","4":"has-post-thumbnail","6":"product_cat-chichoneras-y-protectores-de-cuna","7":"product_cat-cunas-completas","8":"product_cat-cunas-y-habitacion","9":"product_cat-productos-mas-vendidos","11":"first","12":"instock","13":"sale","14":"taxable","15":"shipping-taxable","16":"purchasable","17":"product-type-variable"},"yoast_head":"<!-- This site is optimized with the Yoast SEO plugin v27.5 - https:\/\/yoast.com\/product\/yoast-seo-wordpress\/ -->\n<title>Conjunto de cuna 3 piezas - Oli and Co.<\/title>\n<meta name=\"description\" content=\"Conjunto de cuna 120x60 cmIncluye chichoneras, edred\u00f3n reversible y coj\u00edn con nombre bordado. Nuestras cunas m\u00e1s elegidas por los clientes.\" \/>\n<meta name=\"robots\" content=\"index, follow, max-snippet:-1, max-image-preview:large, max-video-preview:-1\" \/>\n<link rel=\"canonical\" href=\"https:\/\/oliandcobaby.com\/en\/product\/conjunto-de-cuna-3-piezas\/\" \/>\n<meta property=\"og:locale\" content=\"en_GB\" \/>\n<meta property=\"og:type\" content=\"article\" \/>\n<meta property=\"og:title\" content=\"Conjunto de cuna 3 piezas - Oli and Co.\" \/>\n<meta property=\"og:description\" content=\"Conjunto de cuna 120x60 cmIncluye chichoneras, edred\u00f3n reversible y coj\u00edn con nombre bordado. Nuestras cunas m\u00e1s elegidas por los clientes.\" \/>\n<meta property=\"og:url\" content=\"https:\/\/oliandcobaby.com\/en\/product\/conjunto-de-cuna-3-piezas\/\" \/>\n<meta property=\"og:site_name\" content=\"Oli and Co.\" \/>\n<meta property=\"article:modified_time\" content=\"2026-04-10T09:48:23+00:00\" \/>\n<meta property=\"og:image\" content=\"https:\/\/oliandcobaby.com\/wp-content\/uploads\/2025\/02\/IMG_0074-scaled.jpeg\" \/>\n\t<meta property=\"og:image:width\" content=\"1920\" \/>\n\t<meta property=\"og:image:height\" content=\"2560\" \/>\n\t<meta property=\"og:image:type\" content=\"image\/jpeg\" \/>\n<meta name=\"twitter:card\" content=\"summary_large_image\" \/>\n<meta name=\"twitter:label1\" content=\"Estimated reading time\" \/>\n\t<meta name=\"twitter:data1\" content=\"1 minute\" \/>\n<script type=\"application\/ld+json\" class=\"yoast-schema-graph\">{\"@context\":\"https:\\\/\\\/schema.org\",\"@graph\":[{\"@type\":\"WebPage\",\"@id\":\"https:\\\/\\\/oliandcobaby.com\\\/producto\\\/conjunto-de-cuna-3-piezas\\\/\",\"url\":\"https:\\\/\\\/oliandcobaby.com\\\/producto\\\/conjunto-de-cuna-3-piezas\\\/\",\"name\":\"Conjunto de cuna 3 piezas - Oli and Co.\",\"isPartOf\":{\"@id\":\"https:\\\/\\\/oliandcobaby.com\\\/#website\"},\"primaryImageOfPage\":{\"@id\":\"https:\\\/\\\/oliandcobaby.com\\\/producto\\\/conjunto-de-cuna-3-piezas\\\/#primaryimage\"},\"image\":{\"@id\":\"https:\\\/\\\/oliandcobaby.com\\\/producto\\\/conjunto-de-cuna-3-piezas\\\/#primaryimage\"},\"thumbnailUrl\":\"https:\\\/\\\/oliandcobaby.com\\\/wp-content\\\/uploads\\\/2025\\\/02\\\/IMG_0074-scaled.jpeg\",\"datePublished\":\"2025-02-05T00:04:06+00:00\",\"dateModified\":\"2026-04-10T09:48:23+00:00\",\"description\":\"Conjunto de cuna 120x60 cmIncluye chichoneras, edred\u00f3n reversible y coj\u00edn con nombre bordado. Nuestras cunas m\u00e1s elegidas por los clientes.\",\"breadcrumb\":{\"@id\":\"https:\\\/\\\/oliandcobaby.com\\\/producto\\\/conjunto-de-cuna-3-piezas\\\/#breadcrumb\"},\"inLanguage\":\"en-GB\",\"potentialAction\":[{\"@type\":\"ReadAction\",\"target\":[\"https:\\\/\\\/oliandcobaby.com\\\/producto\\\/conjunto-de-cuna-3-piezas\\\/\"]}]},{\"@type\":\"ImageObject\",\"inLanguage\":\"en-GB\",\"@id\":\"https:\\\/\\\/oliandcobaby.com\\\/producto\\\/conjunto-de-cuna-3-piezas\\\/#primaryimage\",\"url\":\"https:\\\/\\\/oliandcobaby.com\\\/wp-content\\\/uploads\\\/2025\\\/02\\\/IMG_0074-scaled.jpeg\",\"contentUrl\":\"https:\\\/\\\/oliandcobaby.com\\\/wp-content\\\/uploads\\\/2025\\\/02\\\/IMG_0074-scaled.jpeg\",\"width\":1920,\"height\":2560},{\"@type\":\"BreadcrumbList\",\"@id\":\"https:\\\/\\\/oliandcobaby.com\\\/producto\\\/conjunto-de-cuna-3-piezas\\\/#breadcrumb\",\"itemListElement\":[{\"@type\":\"ListItem\",\"position\":1,\"name\":\"Portada\",\"item\":\"https:\\\/\\\/oliandcobaby.com\\\/\"},{\"@type\":\"ListItem\",\"position\":2,\"name\":\"Tienda\",\"item\":\"https:\\\/\\\/oliandcobaby.com\\\/tienda\\\/\"},{\"@type\":\"ListItem\",\"position\":3,\"name\":\"Conjunto de cuna 3 piezas\"}]},{\"@type\":\"WebSite\",\"@id\":\"https:\\\/\\\/oliandcobaby.com\\\/#website\",\"url\":\"https:\\\/\\\/oliandcobaby.com\\\/\",\"name\":\"Oli and Co.\",\"description\":\"Ropa de Beb\u00e9\",\"potentialAction\":[{\"@type\":\"SearchAction\",\"target\":{\"@type\":\"EntryPoint\",\"urlTemplate\":\"https:\\\/\\\/oliandcobaby.com\\\/?s={search_term_string}\"},\"query-input\":{\"@type\":\"PropertyValueSpecification\",\"valueRequired\":true,\"valueName\":\"search_term_string\"}}],\"inLanguage\":\"en-GB\"}]}<\/script>\n<!-- \/ Yoast SEO plugin. -->","yoast_head_json":{"title":"Conjunto de cuna 3 piezas - Oli and Co.","description":"Conjunto de cuna 120x60 cmIncluye chichoneras, edred\u00f3n reversible y coj\u00edn con nombre bordado. Nuestras cunas m\u00e1s elegidas por los clientes.","robots":{"index":"index","follow":"follow","max-snippet":"max-snippet:-1","max-image-preview":"max-image-preview:large","max-video-preview":"max-video-preview:-1"},"canonical":"https:\/\/oliandcobaby.com\/en\/product\/conjunto-de-cuna-3-piezas\/","og_locale":"en_GB","og_type":"article","og_title":"Conjunto de cuna 3 piezas - Oli and Co.","og_description":"Conjunto de cuna 120x60 cmIncluye chichoneras, edred\u00f3n reversible y coj\u00edn con nombre bordado. Nuestras cunas m\u00e1s elegidas por los clientes.","og_url":"https:\/\/oliandcobaby.com\/en\/product\/conjunto-de-cuna-3-piezas\/","og_site_name":"Oli and Co.","article_modified_time":"2026-04-10T09:48:23+00:00","og_image":[{"width":1920,"height":2560,"url":"https:\/\/oliandcobaby.com\/wp-content\/uploads\/2025\/02\/IMG_0074-scaled.jpeg","type":"image\/jpeg"}],"twitter_card":"summary_large_image","twitter_misc":{"Estimated reading time":"1 minute"},"schema":{"@context":"https:\/\/schema.org","@graph":[{"@type":"WebPage","@id":"https:\/\/oliandcobaby.com\/producto\/conjunto-de-cuna-3-piezas\/","url":"https:\/\/oliandcobaby.com\/producto\/conjunto-de-cuna-3-piezas\/","name":"Conjunto de cuna 3 piezas - Oli and Co.","isPartOf":{"@id":"https:\/\/oliandcobaby.com\/#website"},"primaryImageOfPage":{"@id":"https:\/\/oliandcobaby.com\/producto\/conjunto-de-cuna-3-piezas\/#primaryimage"},"image":{"@id":"https:\/\/oliandcobaby.com\/producto\/conjunto-de-cuna-3-piezas\/#primaryimage"},"thumbnailUrl":"https:\/\/oliandcobaby.com\/wp-content\/uploads\/2025\/02\/IMG_0074-scaled.jpeg","datePublished":"2025-02-05T00:04:06+00:00","dateModified":"2026-04-10T09:48:23+00:00","description":"Conjunto de cuna 120x60 cmIncluye chichoneras, edred\u00f3n reversible y coj\u00edn con nombre bordado. Nuestras cunas m\u00e1s elegidas por los clientes.","breadcrumb":{"@id":"https:\/\/oliandcobaby.com\/producto\/conjunto-de-cuna-3-piezas\/#breadcrumb"},"inLanguage":"en-GB","potentialAction":[{"@type":"ReadAction","target":["https:\/\/oliandcobaby.com\/producto\/conjunto-de-cuna-3-piezas\/"]}]},{"@type":"ImageObject","inLanguage":"en-GB","@id":"https:\/\/oliandcobaby.com\/producto\/conjunto-de-cuna-3-piezas\/#primaryimage","url":"https:\/\/oliandcobaby.com\/wp-content\/uploads\/2025\/02\/IMG_0074-scaled.jpeg","contentUrl":"https:\/\/oliandcobaby.com\/wp-content\/uploads\/2025\/02\/IMG_0074-scaled.jpeg","width":1920,"height":2560},{"@type":"BreadcrumbList","@id":"https:\/\/oliandcobaby.com\/producto\/conjunto-de-cuna-3-piezas\/#breadcrumb","itemListElement":[{"@type":"ListItem","position":1,"name":"Portada","item":"https:\/\/oliandcobaby.com\/"},{"@type":"ListItem","position":2,"name":"Tienda","item":"https:\/\/oliandcobaby.com\/tienda\/"},{"@type":"ListItem","position":3,"name":"Conjunto de cuna 3 piezas"}]},{"@type":"WebSite","@id":"https:\/\/oliandcobaby.com\/#website","url":"https:\/\/oliandcobaby.com\/","name":"Oli and Co.","description":"Ropa de Beb\u00e9","potentialAction":[{"@type":"SearchAction","target":{"@type":"EntryPoint","urlTemplate":"https:\/\/oliandcobaby.com\/?s={search_term_string}"},"query-input":{"@type":"PropertyValueSpecification","valueRequired":true,"valueName":"search_term_string"}}],"inLanguage":"en-GB"}]}},"jetpack_sharing_enabled":true,"_links":{"self":[{"href":"https:\/\/oliandcobaby.com\/en\/wp-json\/wp\/v2\/product\/37794","targetHints":{"allow":["GET"]}}],"collection":[{"href":"https:\/\/oliandcobaby.com\/en\/wp-json\/wp\/v2\/product"}],"about":[{"href":"https:\/\/oliandcobaby.com\/en\/wp-json\/wp\/v2\/types\/product"}],"version-history":[{"count":1,"href":"https:\/\/oliandcobaby.com\/en\/wp-json\/wp\/v2\/product\/37794\/revisions"}],"predecessor-version":[{"id":39522,"href":"https:\/\/oliandcobaby.com\/en\/wp-json\/wp\/v2\/product\/37794\/revisions\/39522"}],"wp:featuredmedia":[{"embeddable":true,"href":"https:\/\/oliandcobaby.com\/en\/wp-json\/wp\/v2\/media\/37798"}],"wp:attachment":[{"href":"https:\/\/oliandcobaby.com\/en\/wp-json\/wp\/v2\/media?parent=37794"}],"wp:term":[{"taxonomy":"product_brand","embeddable":true,"href":"https:\/\/oliandcobaby.com\/en\/wp-json\/wp\/v2\/product_brand?post=37794"},{"taxonomy":"product_cat","embeddable":true,"href":"https:\/\/oliandcobaby.com\/en\/wp-json\/wp\/v2\/product_cat?post=37794"},{"taxonomy":"product_tag","embeddable":true,"href":"https:\/\/oliandcobaby.com\/en\/wp-json\/wp\/v2\/product_tag?post=37794"}],"curies":[{"name":"wp","href":"https:\/\/api.w.org\/{rel}","templated":true}]}}