{"id":37815,"date":"2025-02-10T16:35:36","date_gmt":"2025-02-10T16:35:36","guid":{"rendered":"https:\/\/oliandcobaby.com\/?post_type=product&#038;p=37815"},"modified":"2026-02-17T18:32:46","modified_gmt":"2026-02-17T18:32:46","slug":"pack-recien-nacido-canela","status":"publish","type":"product","link":"https:\/\/oliandcobaby.com\/en\/product\/pack-recien-nacido-canela\/","title":{"rendered":"Pack reci\u00e9n nacido Canela"},"content":{"rendered":"<p>Pack canela para reci\u00e9n nacido:<\/p>\n<p>&nbsp;<\/p>\n<p>Arrullo<\/p>\n<p>Babero con puntilla<\/p>\n<p>Jersey y polaina<\/p>\n<p>Neceser<\/p>\n<p>Decoraci\u00f3n de luna para habitaci\u00f3n<\/p>","protected":false},"excerpt":{"rendered":"<p>Pack canela para reci\u00e9n nacido:<\/p>\n<p>&nbsp;<\/p>\n<p>Arrullo<\/p>\n<p>Babero con puntilla<\/p>\n<p>Jersey y polaina<\/p>\n<p>Neceser<\/p>\n<p>Decoraci\u00f3n de luna para habitaci\u00f3n<\/p>","protected":false},"featured_media":37817,"template":"","meta":[],"product_brand":[],"product_cat":[255,15,257,278],"product_tag":[],"class_list":{"0":"post-37815","1":"product","2":"type-product","3":"status-publish","4":"has-post-thumbnail","6":"product_cat-cajas-regalo-y-packs","7":"product_cat-tienda","8":"product_cat-colecciones","9":"product_cat-productos-mas-vendidos","11":"first","12":"outofstock","13":"taxable","14":"shipping-taxable","15":"purchasable","16":"product-type-simple"},"yoast_head":"<!-- This site is optimized with the Yoast SEO plugin v27.0 - https:\/\/yoast.com\/product\/yoast-seo-wordpress\/ -->\n<title>Pack reci\u00e9n nacido Canela - Oli and Co.<\/title>\n<meta name=\"description\" content=\"Caja de regalo para reci\u00e9n nacido con canastilla completa, un regalo bonito y muy \u00fatil para beb\u00e9s y mam\u00e1s. sorprende en baby shower\" \/>\n<meta name=\"robots\" content=\"index, follow, max-snippet:-1, max-image-preview:large, max-video-preview:-1\" \/>\n<link rel=\"canonical\" href=\"https:\/\/oliandcobaby.com\/en\/product\/pack-recien-nacido-canela\/\" \/>\n<meta property=\"og:locale\" content=\"en_GB\" \/>\n<meta property=\"og:type\" content=\"article\" \/>\n<meta property=\"og:title\" content=\"Pack reci\u00e9n nacido Canela - Oli and Co.\" \/>\n<meta property=\"og:description\" content=\"Caja de regalo para reci\u00e9n nacido con canastilla completa, un regalo bonito y muy \u00fatil para beb\u00e9s y mam\u00e1s. sorprende en baby shower\" \/>\n<meta property=\"og:url\" content=\"https:\/\/oliandcobaby.com\/en\/product\/pack-recien-nacido-canela\/\" \/>\n<meta property=\"og:site_name\" content=\"Oli and Co.\" \/>\n<meta property=\"article:modified_time\" content=\"2026-02-17T18:32:46+00:00\" \/>\n<meta property=\"og:image\" content=\"https:\/\/oliandcobaby.com\/wp-content\/uploads\/2025\/02\/IMG_0085-scaled.jpeg\" \/>\n\t<meta property=\"og:image:width\" content=\"1920\" \/>\n\t<meta property=\"og:image:height\" content=\"2560\" \/>\n\t<meta property=\"og:image:type\" content=\"image\/jpeg\" \/>\n<meta name=\"twitter:card\" content=\"summary_large_image\" \/>\n<meta name=\"twitter:label1\" content=\"Estimated reading time\" \/>\n\t<meta name=\"twitter:data1\" content=\"1 minute\" \/>\n<script type=\"application\/ld+json\" class=\"yoast-schema-graph\">{\"@context\":\"https:\/\/schema.org\",\"@graph\":[{\"@type\":\"WebPage\",\"@id\":\"https:\/\/oliandcobaby.com\/producto\/pack-recien-nacido-canela\/\",\"url\":\"https:\/\/oliandcobaby.com\/producto\/pack-recien-nacido-canela\/\",\"name\":\"Pack reci\u00e9n nacido Canela - Oli and Co.\",\"isPartOf\":{\"@id\":\"https:\/\/oliandcobaby.com\/#website\"},\"primaryImageOfPage\":{\"@id\":\"https:\/\/oliandcobaby.com\/producto\/pack-recien-nacido-canela\/#primaryimage\"},\"image\":{\"@id\":\"https:\/\/oliandcobaby.com\/producto\/pack-recien-nacido-canela\/#primaryimage\"},\"thumbnailUrl\":\"https:\/\/oliandcobaby.com\/wp-content\/uploads\/2025\/02\/IMG_0085-scaled.jpeg\",\"datePublished\":\"2025-02-10T16:35:36+00:00\",\"dateModified\":\"2026-02-17T18:32:46+00:00\",\"description\":\"Caja de regalo para reci\u00e9n nacido con canastilla completa, un regalo bonito y muy \u00fatil para beb\u00e9s y mam\u00e1s. sorprende en baby shower\",\"breadcrumb\":{\"@id\":\"https:\/\/oliandcobaby.com\/producto\/pack-recien-nacido-canela\/#breadcrumb\"},\"inLanguage\":\"en-GB\",\"potentialAction\":[{\"@type\":\"ReadAction\",\"target\":[\"https:\/\/oliandcobaby.com\/producto\/pack-recien-nacido-canela\/\"]}]},{\"@type\":\"ImageObject\",\"inLanguage\":\"en-GB\",\"@id\":\"https:\/\/oliandcobaby.com\/producto\/pack-recien-nacido-canela\/#primaryimage\",\"url\":\"https:\/\/oliandcobaby.com\/wp-content\/uploads\/2025\/02\/IMG_0085-scaled.jpeg\",\"contentUrl\":\"https:\/\/oliandcobaby.com\/wp-content\/uploads\/2025\/02\/IMG_0085-scaled.jpeg\",\"width\":1920,\"height\":2560},{\"@type\":\"BreadcrumbList\",\"@id\":\"https:\/\/oliandcobaby.com\/producto\/pack-recien-nacido-canela\/#breadcrumb\",\"itemListElement\":[{\"@type\":\"ListItem\",\"position\":1,\"name\":\"Portada\",\"item\":\"https:\/\/oliandcobaby.com\/\"},{\"@type\":\"ListItem\",\"position\":2,\"name\":\"Tienda\",\"item\":\"https:\/\/oliandcobaby.com\/tienda\/\"},{\"@type\":\"ListItem\",\"position\":3,\"name\":\"Pack reci\u00e9n nacido Canela\"}]},{\"@type\":\"WebSite\",\"@id\":\"https:\/\/oliandcobaby.com\/#website\",\"url\":\"https:\/\/oliandcobaby.com\/\",\"name\":\"Oli and Co.\",\"description\":\"Ropa de Beb\u00e9\",\"potentialAction\":[{\"@type\":\"SearchAction\",\"target\":{\"@type\":\"EntryPoint\",\"urlTemplate\":\"https:\/\/oliandcobaby.com\/?s={search_term_string}\"},\"query-input\":{\"@type\":\"PropertyValueSpecification\",\"valueRequired\":true,\"valueName\":\"search_term_string\"}}],\"inLanguage\":\"en-GB\"}]}<\/script>\n<!-- \/ Yoast SEO plugin. -->","yoast_head_json":{"title":"Pack reci\u00e9n nacido Canela - Oli and Co.","description":"Caja de regalo para reci\u00e9n nacido con canastilla completa, un regalo bonito y muy \u00fatil para beb\u00e9s y mam\u00e1s. sorprende en baby shower","robots":{"index":"index","follow":"follow","max-snippet":"max-snippet:-1","max-image-preview":"max-image-preview:large","max-video-preview":"max-video-preview:-1"},"canonical":"https:\/\/oliandcobaby.com\/en\/product\/pack-recien-nacido-canela\/","og_locale":"en_GB","og_type":"article","og_title":"Pack reci\u00e9n nacido Canela - Oli and Co.","og_description":"Caja de regalo para reci\u00e9n nacido con canastilla completa, un regalo bonito y muy \u00fatil para beb\u00e9s y mam\u00e1s. sorprende en baby shower","og_url":"https:\/\/oliandcobaby.com\/en\/product\/pack-recien-nacido-canela\/","og_site_name":"Oli and Co.","article_modified_time":"2026-02-17T18:32:46+00:00","og_image":[{"width":1920,"height":2560,"url":"https:\/\/oliandcobaby.com\/wp-content\/uploads\/2025\/02\/IMG_0085-scaled.jpeg","type":"image\/jpeg"}],"twitter_card":"summary_large_image","twitter_misc":{"Estimated reading time":"1 minute"},"schema":{"@context":"https:\/\/schema.org","@graph":[{"@type":"WebPage","@id":"https:\/\/oliandcobaby.com\/producto\/pack-recien-nacido-canela\/","url":"https:\/\/oliandcobaby.com\/producto\/pack-recien-nacido-canela\/","name":"Pack reci\u00e9n nacido Canela - Oli and Co.","isPartOf":{"@id":"https:\/\/oliandcobaby.com\/#website"},"primaryImageOfPage":{"@id":"https:\/\/oliandcobaby.com\/producto\/pack-recien-nacido-canela\/#primaryimage"},"image":{"@id":"https:\/\/oliandcobaby.com\/producto\/pack-recien-nacido-canela\/#primaryimage"},"thumbnailUrl":"https:\/\/oliandcobaby.com\/wp-content\/uploads\/2025\/02\/IMG_0085-scaled.jpeg","datePublished":"2025-02-10T16:35:36+00:00","dateModified":"2026-02-17T18:32:46+00:00","description":"Caja de regalo para reci\u00e9n nacido con canastilla completa, un regalo bonito y muy \u00fatil para beb\u00e9s y mam\u00e1s. sorprende en baby shower","breadcrumb":{"@id":"https:\/\/oliandcobaby.com\/producto\/pack-recien-nacido-canela\/#breadcrumb"},"inLanguage":"en-GB","potentialAction":[{"@type":"ReadAction","target":["https:\/\/oliandcobaby.com\/producto\/pack-recien-nacido-canela\/"]}]},{"@type":"ImageObject","inLanguage":"en-GB","@id":"https:\/\/oliandcobaby.com\/producto\/pack-recien-nacido-canela\/#primaryimage","url":"https:\/\/oliandcobaby.com\/wp-content\/uploads\/2025\/02\/IMG_0085-scaled.jpeg","contentUrl":"https:\/\/oliandcobaby.com\/wp-content\/uploads\/2025\/02\/IMG_0085-scaled.jpeg","width":1920,"height":2560},{"@type":"BreadcrumbList","@id":"https:\/\/oliandcobaby.com\/producto\/pack-recien-nacido-canela\/#breadcrumb","itemListElement":[{"@type":"ListItem","position":1,"name":"Portada","item":"https:\/\/oliandcobaby.com\/"},{"@type":"ListItem","position":2,"name":"Tienda","item":"https:\/\/oliandcobaby.com\/tienda\/"},{"@type":"ListItem","position":3,"name":"Pack reci\u00e9n nacido Canela"}]},{"@type":"WebSite","@id":"https:\/\/oliandcobaby.com\/#website","url":"https:\/\/oliandcobaby.com\/","name":"Oli and Co.","description":"Ropa de Beb\u00e9","potentialAction":[{"@type":"SearchAction","target":{"@type":"EntryPoint","urlTemplate":"https:\/\/oliandcobaby.com\/?s={search_term_string}"},"query-input":{"@type":"PropertyValueSpecification","valueRequired":true,"valueName":"search_term_string"}}],"inLanguage":"en-GB"}]}},"jetpack_sharing_enabled":true,"_links":{"self":[{"href":"https:\/\/oliandcobaby.com\/en\/wp-json\/wp\/v2\/product\/37815","targetHints":{"allow":["GET"]}}],"collection":[{"href":"https:\/\/oliandcobaby.com\/en\/wp-json\/wp\/v2\/product"}],"about":[{"href":"https:\/\/oliandcobaby.com\/en\/wp-json\/wp\/v2\/types\/product"}],"version-history":[{"count":0,"href":"https:\/\/oliandcobaby.com\/en\/wp-json\/wp\/v2\/product\/37815\/revisions"}],"wp:featuredmedia":[{"embeddable":true,"href":"https:\/\/oliandcobaby.com\/en\/wp-json\/wp\/v2\/media\/37817"}],"wp:attachment":[{"href":"https:\/\/oliandcobaby.com\/en\/wp-json\/wp\/v2\/media?parent=37815"}],"wp:term":[{"taxonomy":"product_brand","embeddable":true,"href":"https:\/\/oliandcobaby.com\/en\/wp-json\/wp\/v2\/product_brand?post=37815"},{"taxonomy":"product_cat","embeddable":true,"href":"https:\/\/oliandcobaby.com\/en\/wp-json\/wp\/v2\/product_cat?post=37815"},{"taxonomy":"product_tag","embeddable":true,"href":"https:\/\/oliandcobaby.com\/en\/wp-json\/wp\/v2\/product_tag?post=37815"}],"curies":[{"name":"wp","href":"https:\/\/api.w.org\/{rel}","templated":true}]}}