{"id":38314,"date":"2025-08-13T19:09:05","date_gmt":"2025-08-13T19:09:05","guid":{"rendered":"https:\/\/oliandcobaby.com\/?post_type=product&#038;p=38314"},"modified":"2025-08-14T19:20:50","modified_gmt":"2025-08-14T19:20:50","slug":"pack-textiles-de-habitacion-completa","status":"publish","type":"product","link":"https:\/\/oliandcobaby.com\/en\/product\/pack-textiles-de-habitacion-completa\/","title":{"rendered":"Pack textiles de habitaci\u00f3n completa."},"content":{"rendered":"<p>Incluye todos los textiles para la habitaci\u00f3n de tu beb\u00e9:<\/p>\n<p>Cuna: Chichonera, edred\u00f3n, juego de s\u00e1banas, coj\u00edn bordado con su nombre, manta fina para media estaci\u00f3n y verano, organizador de cuna.<\/p>\n<p>Cambio de pa\u00f1al: Funda de cambiador con lazos, 2 cestos medianos para pa\u00f1ales, 1 cesto grande para almacenar todos los pa\u00f1ales.<\/p>\n<p>Decoraci\u00f3n: Coj\u00edn cuadrado (45&#215;45) con volantitos para colocar en sill\u00f3n de lactancia o camita, banderin combinando 2 telas.<\/p>\n<p>Juego: Manta de juego y Cesto XXL para almacenar juguetes.<\/p>\n<p>&nbsp;<\/p>\n<p>Estos productos se confeccionaran con las telas elegidas como: chichonera, tela 1 y tela 2.<\/p>\n<p>Si quisieras a\u00f1adir alguna otra tela o realizar alguna modificaci\u00f3n escr\u00edbelo en el recuadro que aparece al finalizar el pedido (notas de pedido).<\/p>\n<p>AHORRO DE 64,8\u20ac COMPRANDO EL PACK.<\/p>\n<p>(PRECIO REAL COMPRANDO LOS PRODUCTOS POR SEPARADO 663,8\u20ac)<\/p>","protected":false},"excerpt":{"rendered":"<p>Incluye todos los textiles para la habitaci\u00f3n de tu beb\u00e9:<\/p>\n<p>Cuna: Chichonera, edred\u00f3n, juego de s\u00e1banas, coj\u00edn bordado con su nombre, manta fina para media estaci\u00f3n y verano, organizador de cuna.<\/p>\n<p>Cambio de pa\u00f1al: Funda de cambiador con lazos, 2 cestos medianos para pa\u00f1ales, 1 cesto grande para almacenar todos los pa\u00f1ales.<\/p>\n<p>Decoraci\u00f3n: Coj\u00edn cuadrado (45&#215;45) con volantitos para colocar en sill\u00f3n de lactancia o camita, banderin combinando 2 telas.<\/p>\n<p>Juego: Manta de juego y Cesto XXL para almacenar juguetes.<\/p>\n<p>&nbsp;<\/p>\n<p>Estos productos se confeccionaran con las telas elegidas como: chichonera, tela 1 y tela 2.<\/p>\n<p>Si quisieras a\u00f1adir alguna otra tela o realizar alguna modificaci\u00f3n escr\u00edbelo en el recuadro que aparece al finalizar el pedido (notas de pedido).<\/p>\n<p>AHORRO DE 64,8\u20ac COMPRANDO EL PACK.<\/p>\n<p>(PRECIO REAL COMPRANDO LOS PRODUCTOS POR SEPARADO 663,8\u20ac)<\/p>\n<p>&nbsp;<\/p>\n<p>PRODUCTO POR ENCARGO: TIEMPO DE PRODUCCI\u00d3N APROXIMADO 25 D\u00cdAS H\u00c1BILES<\/p>","protected":false},"featured_media":38316,"template":"","meta":[],"product_brand":[],"product_cat":[160,264,263],"product_tag":[],"class_list":{"0":"post-38314","1":"product","2":"type-product","3":"status-publish","4":"has-post-thumbnail","6":"product_cat-chichoneras-y-protectores-de-cuna","7":"product_cat-cunas-completas","8":"product_cat-cunas-y-habitacion","10":"first","11":"instock","12":"taxable","13":"shipping-taxable","14":"purchasable","15":"product-type-variable"},"yoast_head":"<!-- This site is optimized with the Yoast SEO plugin v27.0 - https:\/\/yoast.com\/product\/yoast-seo-wordpress\/ -->\n<title>Pack textiles de habitaci\u00f3n completa. - Oli and Co.<\/title>\n<meta name=\"robots\" content=\"index, follow, max-snippet:-1, max-image-preview:large, max-video-preview:-1\" \/>\n<link rel=\"canonical\" href=\"https:\/\/oliandcobaby.com\/en\/product\/pack-textiles-de-habitacion-completa\/\" \/>\n<meta property=\"og:locale\" content=\"en_GB\" \/>\n<meta property=\"og:type\" content=\"article\" \/>\n<meta property=\"og:title\" content=\"Pack textiles de habitaci\u00f3n completa. - Oli and Co.\" \/>\n<meta property=\"og:description\" content=\"Incluye todos los textiles para la habitaci\u00f3n de tu beb\u00e9:  Cuna: Chichonera, edred\u00f3n, juego de s\u00e1banas, coj\u00edn bordado con su nombre, manta fina para media estaci\u00f3n y verano, organizador de cuna.  Cambio de pa\u00f1al: Funda de cambiador con lazos, 2 cestos medianos para pa\u00f1ales, 1 cesto grande para almacenar todos los pa\u00f1ales.  Decoraci\u00f3n: Coj\u00edn cuadrado (45x45) con volantitos para colocar en sill\u00f3n de lactancia o camita, banderin combinando 2 telas.  Juego: Manta de juego y Cesto XXL para almacenar juguetes.  &nbsp;  Estos productos se confeccionaran con las telas elegidas como: chichonera, tela 1 y tela 2.  Si quisieras a\u00f1adir alguna otra tela o realizar alguna modificaci\u00f3n escr\u00edbelo en el recuadro que aparece al finalizar el pedido (notas de pedido).  AHORRO DE 64,8\u20ac COMPRANDO EL PACK.  (PRECIO REAL COMPRANDO LOS PRODUCTOS POR SEPARADO 663,8\u20ac)  &nbsp;  PRODUCTO POR ENCARGO: TIEMPO DE PRODUCCI\u00d3N APROXIMADO 25 D\u00cdAS H\u00c1BILES\" \/>\n<meta property=\"og:url\" content=\"https:\/\/oliandcobaby.com\/en\/product\/pack-textiles-de-habitacion-completa\/\" \/>\n<meta property=\"og:site_name\" content=\"Oli and Co.\" \/>\n<meta property=\"article:modified_time\" content=\"2025-08-14T19:20:50+00:00\" \/>\n<meta property=\"og:image\" content=\"https:\/\/oliandcobaby.com\/wp-content\/uploads\/2025\/08\/Tezza-1344-min-scaled.jpg\" \/>\n\t<meta property=\"og:image:width\" content=\"1920\" \/>\n\t<meta property=\"og:image:height\" content=\"2560\" \/>\n\t<meta property=\"og:image:type\" content=\"image\/jpeg\" \/>\n<meta name=\"twitter:card\" content=\"summary_large_image\" \/>\n<meta name=\"twitter:label1\" content=\"Estimated reading time\" \/>\n\t<meta name=\"twitter:data1\" content=\"1 minute\" \/>\n<script type=\"application\/ld+json\" class=\"yoast-schema-graph\">{\"@context\":\"https:\/\/schema.org\",\"@graph\":[{\"@type\":\"WebPage\",\"@id\":\"https:\/\/oliandcobaby.com\/producto\/pack-textiles-de-habitacion-completa\/\",\"url\":\"https:\/\/oliandcobaby.com\/producto\/pack-textiles-de-habitacion-completa\/\",\"name\":\"Pack textiles de habitaci\u00f3n completa. - Oli and Co.\",\"isPartOf\":{\"@id\":\"https:\/\/oliandcobaby.com\/#website\"},\"primaryImageOfPage\":{\"@id\":\"https:\/\/oliandcobaby.com\/producto\/pack-textiles-de-habitacion-completa\/#primaryimage\"},\"image\":{\"@id\":\"https:\/\/oliandcobaby.com\/producto\/pack-textiles-de-habitacion-completa\/#primaryimage\"},\"thumbnailUrl\":\"https:\/\/oliandcobaby.com\/wp-content\/uploads\/2025\/08\/Tezza-1344-min-scaled.jpg\",\"datePublished\":\"2025-08-13T19:09:05+00:00\",\"dateModified\":\"2025-08-14T19:20:50+00:00\",\"breadcrumb\":{\"@id\":\"https:\/\/oliandcobaby.com\/producto\/pack-textiles-de-habitacion-completa\/#breadcrumb\"},\"inLanguage\":\"en-GB\",\"potentialAction\":[{\"@type\":\"ReadAction\",\"target\":[\"https:\/\/oliandcobaby.com\/producto\/pack-textiles-de-habitacion-completa\/\"]}]},{\"@type\":\"ImageObject\",\"inLanguage\":\"en-GB\",\"@id\":\"https:\/\/oliandcobaby.com\/producto\/pack-textiles-de-habitacion-completa\/#primaryimage\",\"url\":\"https:\/\/oliandcobaby.com\/wp-content\/uploads\/2025\/08\/Tezza-1344-min-scaled.jpg\",\"contentUrl\":\"https:\/\/oliandcobaby.com\/wp-content\/uploads\/2025\/08\/Tezza-1344-min-scaled.jpg\",\"width\":1920,\"height\":2560},{\"@type\":\"BreadcrumbList\",\"@id\":\"https:\/\/oliandcobaby.com\/producto\/pack-textiles-de-habitacion-completa\/#breadcrumb\",\"itemListElement\":[{\"@type\":\"ListItem\",\"position\":1,\"name\":\"Portada\",\"item\":\"https:\/\/oliandcobaby.com\/\"},{\"@type\":\"ListItem\",\"position\":2,\"name\":\"Tienda\",\"item\":\"https:\/\/oliandcobaby.com\/tienda\/\"},{\"@type\":\"ListItem\",\"position\":3,\"name\":\"Pack textiles de habitaci\u00f3n completa.\"}]},{\"@type\":\"WebSite\",\"@id\":\"https:\/\/oliandcobaby.com\/#website\",\"url\":\"https:\/\/oliandcobaby.com\/\",\"name\":\"Oli and Co.\",\"description\":\"Ropa de Beb\u00e9\",\"potentialAction\":[{\"@type\":\"SearchAction\",\"target\":{\"@type\":\"EntryPoint\",\"urlTemplate\":\"https:\/\/oliandcobaby.com\/?s={search_term_string}\"},\"query-input\":{\"@type\":\"PropertyValueSpecification\",\"valueRequired\":true,\"valueName\":\"search_term_string\"}}],\"inLanguage\":\"en-GB\"}]}<\/script>\n<!-- \/ Yoast SEO plugin. -->","yoast_head_json":{"title":"Pack textiles de habitaci\u00f3n completa. - Oli and Co.","robots":{"index":"index","follow":"follow","max-snippet":"max-snippet:-1","max-image-preview":"max-image-preview:large","max-video-preview":"max-video-preview:-1"},"canonical":"https:\/\/oliandcobaby.com\/en\/product\/pack-textiles-de-habitacion-completa\/","og_locale":"en_GB","og_type":"article","og_title":"Pack textiles de habitaci\u00f3n completa. - Oli and Co.","og_description":"Incluye todos los textiles para la habitaci\u00f3n de tu beb\u00e9:  Cuna: Chichonera, edred\u00f3n, juego de s\u00e1banas, coj\u00edn bordado con su nombre, manta fina para media estaci\u00f3n y verano, organizador de cuna.  Cambio de pa\u00f1al: Funda de cambiador con lazos, 2 cestos medianos para pa\u00f1ales, 1 cesto grande para almacenar todos los pa\u00f1ales.  Decoraci\u00f3n: Coj\u00edn cuadrado (45x45) con volantitos para colocar en sill\u00f3n de lactancia o camita, banderin combinando 2 telas.  Juego: Manta de juego y Cesto XXL para almacenar juguetes.  &nbsp;  Estos productos se confeccionaran con las telas elegidas como: chichonera, tela 1 y tela 2.  Si quisieras a\u00f1adir alguna otra tela o realizar alguna modificaci\u00f3n escr\u00edbelo en el recuadro que aparece al finalizar el pedido (notas de pedido).  AHORRO DE 64,8\u20ac COMPRANDO EL PACK.  (PRECIO REAL COMPRANDO LOS PRODUCTOS POR SEPARADO 663,8\u20ac)  &nbsp;  PRODUCTO POR ENCARGO: TIEMPO DE PRODUCCI\u00d3N APROXIMADO 25 D\u00cdAS H\u00c1BILES","og_url":"https:\/\/oliandcobaby.com\/en\/product\/pack-textiles-de-habitacion-completa\/","og_site_name":"Oli and Co.","article_modified_time":"2025-08-14T19:20:50+00:00","og_image":[{"width":1920,"height":2560,"url":"https:\/\/oliandcobaby.com\/wp-content\/uploads\/2025\/08\/Tezza-1344-min-scaled.jpg","type":"image\/jpeg"}],"twitter_card":"summary_large_image","twitter_misc":{"Estimated reading time":"1 minute"},"schema":{"@context":"https:\/\/schema.org","@graph":[{"@type":"WebPage","@id":"https:\/\/oliandcobaby.com\/producto\/pack-textiles-de-habitacion-completa\/","url":"https:\/\/oliandcobaby.com\/producto\/pack-textiles-de-habitacion-completa\/","name":"Pack textiles de habitaci\u00f3n completa. - Oli and Co.","isPartOf":{"@id":"https:\/\/oliandcobaby.com\/#website"},"primaryImageOfPage":{"@id":"https:\/\/oliandcobaby.com\/producto\/pack-textiles-de-habitacion-completa\/#primaryimage"},"image":{"@id":"https:\/\/oliandcobaby.com\/producto\/pack-textiles-de-habitacion-completa\/#primaryimage"},"thumbnailUrl":"https:\/\/oliandcobaby.com\/wp-content\/uploads\/2025\/08\/Tezza-1344-min-scaled.jpg","datePublished":"2025-08-13T19:09:05+00:00","dateModified":"2025-08-14T19:20:50+00:00","breadcrumb":{"@id":"https:\/\/oliandcobaby.com\/producto\/pack-textiles-de-habitacion-completa\/#breadcrumb"},"inLanguage":"en-GB","potentialAction":[{"@type":"ReadAction","target":["https:\/\/oliandcobaby.com\/producto\/pack-textiles-de-habitacion-completa\/"]}]},{"@type":"ImageObject","inLanguage":"en-GB","@id":"https:\/\/oliandcobaby.com\/producto\/pack-textiles-de-habitacion-completa\/#primaryimage","url":"https:\/\/oliandcobaby.com\/wp-content\/uploads\/2025\/08\/Tezza-1344-min-scaled.jpg","contentUrl":"https:\/\/oliandcobaby.com\/wp-content\/uploads\/2025\/08\/Tezza-1344-min-scaled.jpg","width":1920,"height":2560},{"@type":"BreadcrumbList","@id":"https:\/\/oliandcobaby.com\/producto\/pack-textiles-de-habitacion-completa\/#breadcrumb","itemListElement":[{"@type":"ListItem","position":1,"name":"Portada","item":"https:\/\/oliandcobaby.com\/"},{"@type":"ListItem","position":2,"name":"Tienda","item":"https:\/\/oliandcobaby.com\/tienda\/"},{"@type":"ListItem","position":3,"name":"Pack textiles de habitaci\u00f3n completa."}]},{"@type":"WebSite","@id":"https:\/\/oliandcobaby.com\/#website","url":"https:\/\/oliandcobaby.com\/","name":"Oli and Co.","description":"Ropa de Beb\u00e9","potentialAction":[{"@type":"SearchAction","target":{"@type":"EntryPoint","urlTemplate":"https:\/\/oliandcobaby.com\/?s={search_term_string}"},"query-input":{"@type":"PropertyValueSpecification","valueRequired":true,"valueName":"search_term_string"}}],"inLanguage":"en-GB"}]}},"jetpack_sharing_enabled":true,"_links":{"self":[{"href":"https:\/\/oliandcobaby.com\/en\/wp-json\/wp\/v2\/product\/38314","targetHints":{"allow":["GET"]}}],"collection":[{"href":"https:\/\/oliandcobaby.com\/en\/wp-json\/wp\/v2\/product"}],"about":[{"href":"https:\/\/oliandcobaby.com\/en\/wp-json\/wp\/v2\/types\/product"}],"version-history":[{"count":0,"href":"https:\/\/oliandcobaby.com\/en\/wp-json\/wp\/v2\/product\/38314\/revisions"}],"wp:featuredmedia":[{"embeddable":true,"href":"https:\/\/oliandcobaby.com\/en\/wp-json\/wp\/v2\/media\/38316"}],"wp:attachment":[{"href":"https:\/\/oliandcobaby.com\/en\/wp-json\/wp\/v2\/media?parent=38314"}],"wp:term":[{"taxonomy":"product_brand","embeddable":true,"href":"https:\/\/oliandcobaby.com\/en\/wp-json\/wp\/v2\/product_brand?post=38314"},{"taxonomy":"product_cat","embeddable":true,"href":"https:\/\/oliandcobaby.com\/en\/wp-json\/wp\/v2\/product_cat?post=38314"},{"taxonomy":"product_tag","embeddable":true,"href":"https:\/\/oliandcobaby.com\/en\/wp-json\/wp\/v2\/product_tag?post=38314"}],"curies":[{"name":"wp","href":"https:\/\/api.w.org\/{rel}","templated":true}]}}