{"id":38505,"date":"2025-08-25T11:45:25","date_gmt":"2025-08-25T11:45:25","guid":{"rendered":"https:\/\/oliandcobaby.com\/?post_type=product&#038;p=38505"},"modified":"2025-08-25T11:45:26","modified_gmt":"2025-08-25T11:45:26","slug":"pack-primeros-suenos-2","status":"publish","type":"product","link":"https:\/\/oliandcobaby.com\/en\/product\/pack-primeros-suenos-2\/","title":{"rendered":"Pack primeros sue\u00f1os (beige)"},"content":{"rendered":"<p>Pack ideal para regalo de reci\u00e9n nacido.<\/p>\n<p>Este es uno de los regalos m\u00e1s especiales para el reci\u00e9n nacido que seguro, emocionar\u00e1 a quien lo reciba.<\/p>\n<p>Se compone del <b>2 muselinas medianas, que sirven tanto para cubrir al beb\u00e9 como para amamantarle o limpiar babitas, <\/b>un arrullo que siempre es un imprescindible los primeros meses del beb\u00e9.<\/p>\n<p>Un coj\u00edn anti vuelco, para colocar al beb\u00e9 en la posici\u00f3n m\u00e1s c\u00f3moda despu\u00e9s de comer y evitar reflujos. Y un babero de algod\u00f3n 100%, delicado y suave con su inicial bordada en azul empolvado.<\/p>\n<p>Escribe el nombre del beb\u00e9. Se bordar\u00e1 el nombre completo en el coj\u00edn y la inicial en el baberito.<\/p>\n<p>Tipograf\u00eda: Lirio, color azul empolvado. Si quieres otra tipograf\u00eda o color escr\u00edbenos en NOTAS DE PEDIDO.<\/p>\n<p><b>Plazo estimado: de 15 a 20 d\u00edas laborables.<\/b><\/p>","protected":false},"excerpt":{"rendered":"<p>Pack ideal para regalo de reci\u00e9n nacido.<\/p>\n<p>Este es uno de los regalos m\u00e1s especiales para el reci\u00e9n nacido que seguro, emocionar\u00e1 a quien lo reciba.<\/p>\n<p>Se compone del <b>2 muselinas medianas, que sirven tanto para cubrir al beb\u00e9 como para amamantarle o limpiar babitas, <\/b>un arrullo que siempre es un imprescindible los primeros meses del beb\u00e9.<\/p>\n<p>Un coj\u00edn anti vuelco, para colocar al beb\u00e9 en la posici\u00f3n m\u00e1s c\u00f3moda despu\u00e9s de comer y evitar reflujos. Y un babero de algod\u00f3n 100%, delicado y suave con su inicial bordada en azul empolvado.<\/p>\n<p>Escribe el nombre del beb\u00e9. Se bordar\u00e1 el nombre completo en el coj\u00edn y la inicial en el baberito.<\/p>\n<p>Tipograf\u00eda: Lirio, color azul empolvado. Si quieres otra tipograf\u00eda o color escr\u00edbenos en NOTAS DE PEDIDO.<\/p>\n<p><b>Plazo estimado: de 15 a 20 d\u00edas laborables.<\/b><\/p>","protected":false},"featured_media":38503,"template":"","meta":[],"product_brand":[],"product_cat":[255,15],"product_tag":[],"class_list":{"0":"post-38505","1":"product","2":"type-product","3":"status-publish","4":"has-post-thumbnail","6":"product_cat-cajas-regalo-y-packs","7":"product_cat-tienda","9":"first","10":"instock","11":"taxable","12":"shipping-taxable","13":"purchasable","14":"product-type-simple"},"yoast_head":"<!-- This site is optimized with the Yoast SEO plugin v27.5 - https:\/\/yoast.com\/product\/yoast-seo-wordpress\/ -->\n<title>Pack primeros sue\u00f1os (beige) - Oli and Co.<\/title>\n<meta name=\"description\" content=\"Pack para regalar a reci\u00e9n nacido, incluye muselinas, arrullo, coj\u00edn bordado antivuelco y babero personalizado. Un regalo ideal .\" \/>\n<meta name=\"robots\" content=\"index, follow, max-snippet:-1, max-image-preview:large, max-video-preview:-1\" \/>\n<link rel=\"canonical\" href=\"https:\/\/oliandcobaby.com\/en\/product\/pack-primeros-suenos-2\/\" \/>\n<meta property=\"og:locale\" content=\"en_GB\" \/>\n<meta property=\"og:type\" content=\"article\" \/>\n<meta property=\"og:title\" content=\"Pack primeros sue\u00f1os (beige) - Oli and Co.\" \/>\n<meta property=\"og:description\" content=\"Pack para regalar a reci\u00e9n nacido, incluye muselinas, arrullo, coj\u00edn bordado antivuelco y babero personalizado. Un regalo ideal .\" \/>\n<meta property=\"og:url\" content=\"https:\/\/oliandcobaby.com\/en\/product\/pack-primeros-suenos-2\/\" \/>\n<meta property=\"og:site_name\" content=\"Oli and Co.\" \/>\n<meta property=\"article:modified_time\" content=\"2025-08-25T11:45:26+00:00\" \/>\n<meta property=\"og:image\" content=\"https:\/\/oliandcobaby.com\/wp-content\/uploads\/2025\/08\/IMG_0265.png\" \/>\n\t<meta property=\"og:image:width\" content=\"1080\" \/>\n\t<meta property=\"og:image:height\" content=\"1350\" \/>\n\t<meta property=\"og:image:type\" content=\"image\/png\" \/>\n<meta name=\"twitter:card\" content=\"summary_large_image\" \/>\n<meta name=\"twitter:label1\" content=\"Estimated reading time\" \/>\n\t<meta name=\"twitter:data1\" content=\"1 minute\" \/>\n<script type=\"application\/ld+json\" class=\"yoast-schema-graph\">{\"@context\":\"https:\\\/\\\/schema.org\",\"@graph\":[{\"@type\":\"WebPage\",\"@id\":\"https:\\\/\\\/oliandcobaby.com\\\/producto\\\/pack-primeros-suenos-2\\\/\",\"url\":\"https:\\\/\\\/oliandcobaby.com\\\/producto\\\/pack-primeros-suenos-2\\\/\",\"name\":\"Pack primeros sue\u00f1os (beige) - Oli and Co.\",\"isPartOf\":{\"@id\":\"https:\\\/\\\/oliandcobaby.com\\\/#website\"},\"primaryImageOfPage\":{\"@id\":\"https:\\\/\\\/oliandcobaby.com\\\/producto\\\/pack-primeros-suenos-2\\\/#primaryimage\"},\"image\":{\"@id\":\"https:\\\/\\\/oliandcobaby.com\\\/producto\\\/pack-primeros-suenos-2\\\/#primaryimage\"},\"thumbnailUrl\":\"https:\\\/\\\/oliandcobaby.com\\\/wp-content\\\/uploads\\\/2025\\\/08\\\/IMG_0265.png\",\"datePublished\":\"2025-08-25T11:45:25+00:00\",\"dateModified\":\"2025-08-25T11:45:26+00:00\",\"description\":\"Pack para regalar a reci\u00e9n nacido, incluye muselinas, arrullo, coj\u00edn bordado antivuelco y babero personalizado. Un regalo ideal .\",\"breadcrumb\":{\"@id\":\"https:\\\/\\\/oliandcobaby.com\\\/producto\\\/pack-primeros-suenos-2\\\/#breadcrumb\"},\"inLanguage\":\"en-GB\",\"potentialAction\":[{\"@type\":\"ReadAction\",\"target\":[\"https:\\\/\\\/oliandcobaby.com\\\/producto\\\/pack-primeros-suenos-2\\\/\"]}]},{\"@type\":\"ImageObject\",\"inLanguage\":\"en-GB\",\"@id\":\"https:\\\/\\\/oliandcobaby.com\\\/producto\\\/pack-primeros-suenos-2\\\/#primaryimage\",\"url\":\"https:\\\/\\\/oliandcobaby.com\\\/wp-content\\\/uploads\\\/2025\\\/08\\\/IMG_0265.png\",\"contentUrl\":\"https:\\\/\\\/oliandcobaby.com\\\/wp-content\\\/uploads\\\/2025\\\/08\\\/IMG_0265.png\",\"width\":1080,\"height\":1350},{\"@type\":\"BreadcrumbList\",\"@id\":\"https:\\\/\\\/oliandcobaby.com\\\/producto\\\/pack-primeros-suenos-2\\\/#breadcrumb\",\"itemListElement\":[{\"@type\":\"ListItem\",\"position\":1,\"name\":\"Portada\",\"item\":\"https:\\\/\\\/oliandcobaby.com\\\/\"},{\"@type\":\"ListItem\",\"position\":2,\"name\":\"Tienda\",\"item\":\"https:\\\/\\\/oliandcobaby.com\\\/tienda\\\/\"},{\"@type\":\"ListItem\",\"position\":3,\"name\":\"Pack primeros sue\u00f1os (beige)\"}]},{\"@type\":\"WebSite\",\"@id\":\"https:\\\/\\\/oliandcobaby.com\\\/#website\",\"url\":\"https:\\\/\\\/oliandcobaby.com\\\/\",\"name\":\"Oli and Co.\",\"description\":\"Ropa de Beb\u00e9\",\"potentialAction\":[{\"@type\":\"SearchAction\",\"target\":{\"@type\":\"EntryPoint\",\"urlTemplate\":\"https:\\\/\\\/oliandcobaby.com\\\/?s={search_term_string}\"},\"query-input\":{\"@type\":\"PropertyValueSpecification\",\"valueRequired\":true,\"valueName\":\"search_term_string\"}}],\"inLanguage\":\"en-GB\"}]}<\/script>\n<!-- \/ Yoast SEO plugin. -->","yoast_head_json":{"title":"Pack primeros sue\u00f1os (beige) - Oli and Co.","description":"Pack para regalar a reci\u00e9n nacido, incluye muselinas, arrullo, coj\u00edn bordado antivuelco y babero personalizado. Un regalo ideal .","robots":{"index":"index","follow":"follow","max-snippet":"max-snippet:-1","max-image-preview":"max-image-preview:large","max-video-preview":"max-video-preview:-1"},"canonical":"https:\/\/oliandcobaby.com\/en\/product\/pack-primeros-suenos-2\/","og_locale":"en_GB","og_type":"article","og_title":"Pack primeros sue\u00f1os (beige) - Oli and Co.","og_description":"Pack para regalar a reci\u00e9n nacido, incluye muselinas, arrullo, coj\u00edn bordado antivuelco y babero personalizado. Un regalo ideal .","og_url":"https:\/\/oliandcobaby.com\/en\/product\/pack-primeros-suenos-2\/","og_site_name":"Oli and Co.","article_modified_time":"2025-08-25T11:45:26+00:00","og_image":[{"width":1080,"height":1350,"url":"https:\/\/oliandcobaby.com\/wp-content\/uploads\/2025\/08\/IMG_0265.png","type":"image\/png"}],"twitter_card":"summary_large_image","twitter_misc":{"Estimated reading time":"1 minute"},"schema":{"@context":"https:\/\/schema.org","@graph":[{"@type":"WebPage","@id":"https:\/\/oliandcobaby.com\/producto\/pack-primeros-suenos-2\/","url":"https:\/\/oliandcobaby.com\/producto\/pack-primeros-suenos-2\/","name":"Pack primeros sue\u00f1os (beige) - Oli and Co.","isPartOf":{"@id":"https:\/\/oliandcobaby.com\/#website"},"primaryImageOfPage":{"@id":"https:\/\/oliandcobaby.com\/producto\/pack-primeros-suenos-2\/#primaryimage"},"image":{"@id":"https:\/\/oliandcobaby.com\/producto\/pack-primeros-suenos-2\/#primaryimage"},"thumbnailUrl":"https:\/\/oliandcobaby.com\/wp-content\/uploads\/2025\/08\/IMG_0265.png","datePublished":"2025-08-25T11:45:25+00:00","dateModified":"2025-08-25T11:45:26+00:00","description":"Pack para regalar a reci\u00e9n nacido, incluye muselinas, arrullo, coj\u00edn bordado antivuelco y babero personalizado. Un regalo ideal .","breadcrumb":{"@id":"https:\/\/oliandcobaby.com\/producto\/pack-primeros-suenos-2\/#breadcrumb"},"inLanguage":"en-GB","potentialAction":[{"@type":"ReadAction","target":["https:\/\/oliandcobaby.com\/producto\/pack-primeros-suenos-2\/"]}]},{"@type":"ImageObject","inLanguage":"en-GB","@id":"https:\/\/oliandcobaby.com\/producto\/pack-primeros-suenos-2\/#primaryimage","url":"https:\/\/oliandcobaby.com\/wp-content\/uploads\/2025\/08\/IMG_0265.png","contentUrl":"https:\/\/oliandcobaby.com\/wp-content\/uploads\/2025\/08\/IMG_0265.png","width":1080,"height":1350},{"@type":"BreadcrumbList","@id":"https:\/\/oliandcobaby.com\/producto\/pack-primeros-suenos-2\/#breadcrumb","itemListElement":[{"@type":"ListItem","position":1,"name":"Portada","item":"https:\/\/oliandcobaby.com\/"},{"@type":"ListItem","position":2,"name":"Tienda","item":"https:\/\/oliandcobaby.com\/tienda\/"},{"@type":"ListItem","position":3,"name":"Pack primeros sue\u00f1os (beige)"}]},{"@type":"WebSite","@id":"https:\/\/oliandcobaby.com\/#website","url":"https:\/\/oliandcobaby.com\/","name":"Oli and Co.","description":"Ropa de Beb\u00e9","potentialAction":[{"@type":"SearchAction","target":{"@type":"EntryPoint","urlTemplate":"https:\/\/oliandcobaby.com\/?s={search_term_string}"},"query-input":{"@type":"PropertyValueSpecification","valueRequired":true,"valueName":"search_term_string"}}],"inLanguage":"en-GB"}]}},"jetpack_sharing_enabled":true,"_links":{"self":[{"href":"https:\/\/oliandcobaby.com\/en\/wp-json\/wp\/v2\/product\/38505","targetHints":{"allow":["GET"]}}],"collection":[{"href":"https:\/\/oliandcobaby.com\/en\/wp-json\/wp\/v2\/product"}],"about":[{"href":"https:\/\/oliandcobaby.com\/en\/wp-json\/wp\/v2\/types\/product"}],"version-history":[{"count":0,"href":"https:\/\/oliandcobaby.com\/en\/wp-json\/wp\/v2\/product\/38505\/revisions"}],"wp:featuredmedia":[{"embeddable":true,"href":"https:\/\/oliandcobaby.com\/en\/wp-json\/wp\/v2\/media\/38503"}],"wp:attachment":[{"href":"https:\/\/oliandcobaby.com\/en\/wp-json\/wp\/v2\/media?parent=38505"}],"wp:term":[{"taxonomy":"product_brand","embeddable":true,"href":"https:\/\/oliandcobaby.com\/en\/wp-json\/wp\/v2\/product_brand?post=38505"},{"taxonomy":"product_cat","embeddable":true,"href":"https:\/\/oliandcobaby.com\/en\/wp-json\/wp\/v2\/product_cat?post=38505"},{"taxonomy":"product_tag","embeddable":true,"href":"https:\/\/oliandcobaby.com\/en\/wp-json\/wp\/v2\/product_tag?post=38505"}],"curies":[{"name":"wp","href":"https:\/\/api.w.org\/{rel}","templated":true}]}}