{"id":38508,"date":"2025-08-25T12:21:48","date_gmt":"2025-08-25T12:21:48","guid":{"rendered":"https:\/\/oliandcobaby.com\/?post_type=product&#038;p=38508"},"modified":"2025-08-25T12:21:48","modified_gmt":"2025-08-25T12:21:48","slug":"pack-mono-y-util-blanco","status":"publish","type":"product","link":"https:\/\/oliandcobaby.com\/en\/product\/pack-mono-y-util-blanco\/","title":{"rendered":"Pack mono y \u00fatil (Blanco)"},"content":{"rendered":"<p>Quieres hacer un regalo con un presupuesto medio y quedar como el\/la mejor?<\/p>\n<p>Con este pack aciertas seguro, ya que no solo tiene monadas, sino que lo componen productos muy \u00fatiles y vers\u00e1tiles para cualquier beb\u00e9!<\/p>\n<p>Se compone de una toallitas salvababas (que podr\u00e1 utilizar desde reci\u00e9n nacido hasta en la guarde)<b>, un sonajero crochet de animalito, <\/b>un arrullo que siempre es un imprescindible los primeros meses del beb\u00e9 para arroparle y una pinza de chupete, blanquita y delicada para combinar con todos los conjuntitos del beb\u00e9.<\/p>\n<p>Fabricados con materiales 100% seguros con certificaciones de calidad, ya que en contacto con la piel del reci\u00e9n nacido es fundamental un buen material.<\/p>\n<p><b>Plazo estimado: de 15 a 20 d\u00edas laborables.<\/b><\/p>","protected":false},"excerpt":{"rendered":"<p>Quieres hacer un regalo con un presupuesto medio y quedar como el\/la mejor?<\/p>\n<p>Con este pack aciertas seguro, ya que no solo tiene monadas, sino que lo componen productos muy \u00fatiles y vers\u00e1tiles para cualquier beb\u00e9!<\/p>\n<p>Se compone de una toallitas salvababas (que podr\u00e1 utilizar desde reci\u00e9n nacido hasta en la guarde)<b>, un sonajero crochet de animalito, <\/b>un arrullo que siempre es un imprescindible los primeros meses del beb\u00e9 para arroparle y una pinza de chupete, blanquita y delicada para combinar con todos los conjuntitos del beb\u00e9.<\/p>\n<p>Fabricados con materiales 100% seguros con certificaciones de calidad, ya que en contacto con la piel del reci\u00e9n nacido es fundamental un buen material.<\/p>\n<p><b>Plazo estimado: de 15 a 20 d\u00edas laborables.<\/b><\/p>","protected":false},"featured_media":38500,"template":"","meta":[],"product_brand":[],"product_cat":[255,15],"product_tag":[],"class_list":{"0":"post-38508","1":"product","2":"type-product","3":"status-publish","4":"has-post-thumbnail","6":"product_cat-cajas-regalo-y-packs","7":"product_cat-tienda","9":"first","10":"instock","11":"taxable","12":"shipping-taxable","13":"purchasable","14":"product-type-simple"},"yoast_head":"<!-- This site is optimized with the Yoast SEO plugin v27.5 - https:\/\/yoast.com\/product\/yoast-seo-wordpress\/ -->\n<title>Pack mono y \u00fatil (Blanco) - Oli and Co.<\/title>\n<meta name=\"description\" content=\"El regalo que toda mam\u00e1 y pap\u00e1 necesitar\u00e1n, con productos no solo monos, sino tambi\u00e9n vers\u00e1tiles, \u00fatiles y con larga vida \u00fatil.\" \/>\n<meta name=\"robots\" content=\"index, follow, max-snippet:-1, max-image-preview:large, max-video-preview:-1\" \/>\n<link rel=\"canonical\" href=\"https:\/\/oliandcobaby.com\/en\/product\/pack-mono-y-util-blanco\/\" \/>\n<meta property=\"og:locale\" content=\"en_GB\" \/>\n<meta property=\"og:type\" content=\"article\" \/>\n<meta property=\"og:title\" content=\"Pack mono y \u00fatil (Blanco) - Oli and Co.\" \/>\n<meta property=\"og:description\" content=\"El regalo que toda mam\u00e1 y pap\u00e1 necesitar\u00e1n, con productos no solo monos, sino tambi\u00e9n vers\u00e1tiles, \u00fatiles y con larga vida \u00fatil.\" \/>\n<meta property=\"og:url\" content=\"https:\/\/oliandcobaby.com\/en\/product\/pack-mono-y-util-blanco\/\" \/>\n<meta property=\"og:site_name\" content=\"Oli and Co.\" \/>\n<meta property=\"og:image\" content=\"https:\/\/oliandcobaby.com\/wp-content\/uploads\/2025\/08\/IMG_0268.png\" \/>\n\t<meta property=\"og:image:width\" content=\"1080\" \/>\n\t<meta property=\"og:image:height\" content=\"1350\" \/>\n\t<meta property=\"og:image:type\" content=\"image\/png\" \/>\n<meta name=\"twitter:card\" content=\"summary_large_image\" \/>\n<meta name=\"twitter:label1\" content=\"Estimated reading time\" \/>\n\t<meta name=\"twitter:data1\" content=\"1 minute\" \/>\n<script type=\"application\/ld+json\" class=\"yoast-schema-graph\">{\"@context\":\"https:\\\/\\\/schema.org\",\"@graph\":[{\"@type\":\"WebPage\",\"@id\":\"https:\\\/\\\/oliandcobaby.com\\\/producto\\\/pack-mono-y-util-blanco\\\/\",\"url\":\"https:\\\/\\\/oliandcobaby.com\\\/producto\\\/pack-mono-y-util-blanco\\\/\",\"name\":\"Pack mono y \u00fatil (Blanco) - Oli and Co.\",\"isPartOf\":{\"@id\":\"https:\\\/\\\/oliandcobaby.com\\\/#website\"},\"primaryImageOfPage\":{\"@id\":\"https:\\\/\\\/oliandcobaby.com\\\/producto\\\/pack-mono-y-util-blanco\\\/#primaryimage\"},\"image\":{\"@id\":\"https:\\\/\\\/oliandcobaby.com\\\/producto\\\/pack-mono-y-util-blanco\\\/#primaryimage\"},\"thumbnailUrl\":\"https:\\\/\\\/oliandcobaby.com\\\/wp-content\\\/uploads\\\/2025\\\/08\\\/IMG_0268.png\",\"datePublished\":\"2025-08-25T12:21:48+00:00\",\"description\":\"El regalo que toda mam\u00e1 y pap\u00e1 necesitar\u00e1n, con productos no solo monos, sino tambi\u00e9n vers\u00e1tiles, \u00fatiles y con larga vida \u00fatil.\",\"breadcrumb\":{\"@id\":\"https:\\\/\\\/oliandcobaby.com\\\/producto\\\/pack-mono-y-util-blanco\\\/#breadcrumb\"},\"inLanguage\":\"en-GB\",\"potentialAction\":[{\"@type\":\"ReadAction\",\"target\":[\"https:\\\/\\\/oliandcobaby.com\\\/producto\\\/pack-mono-y-util-blanco\\\/\"]}]},{\"@type\":\"ImageObject\",\"inLanguage\":\"en-GB\",\"@id\":\"https:\\\/\\\/oliandcobaby.com\\\/producto\\\/pack-mono-y-util-blanco\\\/#primaryimage\",\"url\":\"https:\\\/\\\/oliandcobaby.com\\\/wp-content\\\/uploads\\\/2025\\\/08\\\/IMG_0268.png\",\"contentUrl\":\"https:\\\/\\\/oliandcobaby.com\\\/wp-content\\\/uploads\\\/2025\\\/08\\\/IMG_0268.png\",\"width\":1080,\"height\":1350},{\"@type\":\"BreadcrumbList\",\"@id\":\"https:\\\/\\\/oliandcobaby.com\\\/producto\\\/pack-mono-y-util-blanco\\\/#breadcrumb\",\"itemListElement\":[{\"@type\":\"ListItem\",\"position\":1,\"name\":\"Portada\",\"item\":\"https:\\\/\\\/oliandcobaby.com\\\/\"},{\"@type\":\"ListItem\",\"position\":2,\"name\":\"Tienda\",\"item\":\"https:\\\/\\\/oliandcobaby.com\\\/tienda\\\/\"},{\"@type\":\"ListItem\",\"position\":3,\"name\":\"Pack mono y \u00fatil (Blanco)\"}]},{\"@type\":\"WebSite\",\"@id\":\"https:\\\/\\\/oliandcobaby.com\\\/#website\",\"url\":\"https:\\\/\\\/oliandcobaby.com\\\/\",\"name\":\"Oli and Co.\",\"description\":\"Ropa de Beb\u00e9\",\"potentialAction\":[{\"@type\":\"SearchAction\",\"target\":{\"@type\":\"EntryPoint\",\"urlTemplate\":\"https:\\\/\\\/oliandcobaby.com\\\/?s={search_term_string}\"},\"query-input\":{\"@type\":\"PropertyValueSpecification\",\"valueRequired\":true,\"valueName\":\"search_term_string\"}}],\"inLanguage\":\"en-GB\"}]}<\/script>\n<!-- \/ Yoast SEO plugin. -->","yoast_head_json":{"title":"Pack mono y \u00fatil (Blanco) - Oli and Co.","description":"El regalo que toda mam\u00e1 y pap\u00e1 necesitar\u00e1n, con productos no solo monos, sino tambi\u00e9n vers\u00e1tiles, \u00fatiles y con larga vida \u00fatil.","robots":{"index":"index","follow":"follow","max-snippet":"max-snippet:-1","max-image-preview":"max-image-preview:large","max-video-preview":"max-video-preview:-1"},"canonical":"https:\/\/oliandcobaby.com\/en\/product\/pack-mono-y-util-blanco\/","og_locale":"en_GB","og_type":"article","og_title":"Pack mono y \u00fatil (Blanco) - Oli and Co.","og_description":"El regalo que toda mam\u00e1 y pap\u00e1 necesitar\u00e1n, con productos no solo monos, sino tambi\u00e9n vers\u00e1tiles, \u00fatiles y con larga vida \u00fatil.","og_url":"https:\/\/oliandcobaby.com\/en\/product\/pack-mono-y-util-blanco\/","og_site_name":"Oli and Co.","og_image":[{"width":1080,"height":1350,"url":"https:\/\/oliandcobaby.com\/wp-content\/uploads\/2025\/08\/IMG_0268.png","type":"image\/png"}],"twitter_card":"summary_large_image","twitter_misc":{"Estimated reading time":"1 minute"},"schema":{"@context":"https:\/\/schema.org","@graph":[{"@type":"WebPage","@id":"https:\/\/oliandcobaby.com\/producto\/pack-mono-y-util-blanco\/","url":"https:\/\/oliandcobaby.com\/producto\/pack-mono-y-util-blanco\/","name":"Pack mono y \u00fatil (Blanco) - Oli and Co.","isPartOf":{"@id":"https:\/\/oliandcobaby.com\/#website"},"primaryImageOfPage":{"@id":"https:\/\/oliandcobaby.com\/producto\/pack-mono-y-util-blanco\/#primaryimage"},"image":{"@id":"https:\/\/oliandcobaby.com\/producto\/pack-mono-y-util-blanco\/#primaryimage"},"thumbnailUrl":"https:\/\/oliandcobaby.com\/wp-content\/uploads\/2025\/08\/IMG_0268.png","datePublished":"2025-08-25T12:21:48+00:00","description":"El regalo que toda mam\u00e1 y pap\u00e1 necesitar\u00e1n, con productos no solo monos, sino tambi\u00e9n vers\u00e1tiles, \u00fatiles y con larga vida \u00fatil.","breadcrumb":{"@id":"https:\/\/oliandcobaby.com\/producto\/pack-mono-y-util-blanco\/#breadcrumb"},"inLanguage":"en-GB","potentialAction":[{"@type":"ReadAction","target":["https:\/\/oliandcobaby.com\/producto\/pack-mono-y-util-blanco\/"]}]},{"@type":"ImageObject","inLanguage":"en-GB","@id":"https:\/\/oliandcobaby.com\/producto\/pack-mono-y-util-blanco\/#primaryimage","url":"https:\/\/oliandcobaby.com\/wp-content\/uploads\/2025\/08\/IMG_0268.png","contentUrl":"https:\/\/oliandcobaby.com\/wp-content\/uploads\/2025\/08\/IMG_0268.png","width":1080,"height":1350},{"@type":"BreadcrumbList","@id":"https:\/\/oliandcobaby.com\/producto\/pack-mono-y-util-blanco\/#breadcrumb","itemListElement":[{"@type":"ListItem","position":1,"name":"Portada","item":"https:\/\/oliandcobaby.com\/"},{"@type":"ListItem","position":2,"name":"Tienda","item":"https:\/\/oliandcobaby.com\/tienda\/"},{"@type":"ListItem","position":3,"name":"Pack mono y \u00fatil (Blanco)"}]},{"@type":"WebSite","@id":"https:\/\/oliandcobaby.com\/#website","url":"https:\/\/oliandcobaby.com\/","name":"Oli and Co.","description":"Ropa de Beb\u00e9","potentialAction":[{"@type":"SearchAction","target":{"@type":"EntryPoint","urlTemplate":"https:\/\/oliandcobaby.com\/?s={search_term_string}"},"query-input":{"@type":"PropertyValueSpecification","valueRequired":true,"valueName":"search_term_string"}}],"inLanguage":"en-GB"}]}},"jetpack_sharing_enabled":true,"_links":{"self":[{"href":"https:\/\/oliandcobaby.com\/en\/wp-json\/wp\/v2\/product\/38508","targetHints":{"allow":["GET"]}}],"collection":[{"href":"https:\/\/oliandcobaby.com\/en\/wp-json\/wp\/v2\/product"}],"about":[{"href":"https:\/\/oliandcobaby.com\/en\/wp-json\/wp\/v2\/types\/product"}],"version-history":[{"count":0,"href":"https:\/\/oliandcobaby.com\/en\/wp-json\/wp\/v2\/product\/38508\/revisions"}],"wp:featuredmedia":[{"embeddable":true,"href":"https:\/\/oliandcobaby.com\/en\/wp-json\/wp\/v2\/media\/38500"}],"wp:attachment":[{"href":"https:\/\/oliandcobaby.com\/en\/wp-json\/wp\/v2\/media?parent=38508"}],"wp:term":[{"taxonomy":"product_brand","embeddable":true,"href":"https:\/\/oliandcobaby.com\/en\/wp-json\/wp\/v2\/product_brand?post=38508"},{"taxonomy":"product_cat","embeddable":true,"href":"https:\/\/oliandcobaby.com\/en\/wp-json\/wp\/v2\/product_cat?post=38508"},{"taxonomy":"product_tag","embeddable":true,"href":"https:\/\/oliandcobaby.com\/en\/wp-json\/wp\/v2\/product_tag?post=38508"}],"curies":[{"name":"wp","href":"https:\/\/api.w.org\/{rel}","templated":true}]}}