{"id":38509,"date":"2025-08-25T12:35:57","date_gmt":"2025-08-25T12:35:57","guid":{"rendered":"https:\/\/oliandcobaby.com\/?post_type=product&#038;p=38509"},"modified":"2025-08-25T12:37:18","modified_gmt":"2025-08-25T12:37:18","slug":"pack-paseo-creciendo-juntos-de-0-meses-a-3-anos","status":"publish","type":"product","link":"https:\/\/oliandcobaby.com\/en\/product\/pack-paseo-creciendo-juntos-de-0-meses-a-3-anos\/","title":{"rendered":"Pack Paseo Creciendo Juntos Lantana (de 0 meses a 3 a\u00f1os)"},"content":{"rendered":"<p>Pack Paseo \u201cCreciendo Juntos\u201d<\/p>\n<p>Tu mejor aliado desde los primeros paseos hasta la etapa de sillita<\/p>\n<p>Este pack est\u00e1 pensado para acompa\u00f1arte en todas las etapas del paseo de tu beb\u00e9, con accesorios pr\u00e1cticos, coordinados y llenos de estilo.<\/p>\n<p>Incluye:<\/p>\n<p>\u2022 Bolso organizador: ligero, amplio y con compartimentos para llevar todo lo necesario siempre a mano.<\/p>\n<p>\u2022 Cubrecapazo: ideal para proteger y vestir el capazo en los primeros meses.<\/p>\n<p>\u2022 Bajera de saco: suave, transpirable y de f\u00e1cil lavado, para un descanso c\u00f3modo.<\/p>\n<p>\u2022 Colchoneta para la silla: mantiene a tu peque fresco y c\u00f3modo cuando pas\u00e9is a la etapa de silla de paseo.<\/p>\n<p>&#8211; Saco para los d\u00edas m\u00e1s fresquitos.<\/p>\n<p>Todo est\u00e1 dise\u00f1ado para que combine entre s\u00ed y lo tengas listo sin complicaciones.<\/p>\n<p>Beneficios del pack:<\/p>\n<p>Ahorro frente a comprar cada pieza por separado<\/p>\n<p>Estilo coordinado en todo el carrito<\/p>\n<p>Uso prolongado: del capazo a la sillita<\/p>\n<p>Perfecto como regalo completo o para mam\u00e1s que quieren tener todo listo desde el inicio.<\/p>","protected":false},"excerpt":{"rendered":"<p>Pack Paseo \u201cCreciendo Juntos\u201d<\/p>\n<p>Tu mejor aliado desde los primeros paseos hasta la etapa de sillita<\/p>\n<p>Este pack est\u00e1 pensado para acompa\u00f1arte en todas las etapas del paseo de tu beb\u00e9, con accesorios pr\u00e1cticos, coordinados y llenos de estilo.<\/p>\n<p>Incluye:<\/p>\n<p>\u2022 Bolso organizador: ligero, amplio y con compartimentos para llevar todo lo necesario siempre a mano.<\/p>\n<p>\u2022 Cubrecapazo: ideal para proteger y vestir el capazo en los primeros meses.<\/p>\n<p>\u2022 Bajera de saco: suave, transpirable y de f\u00e1cil lavado, para un descanso c\u00f3modo.<\/p>\n<p>\u2022 Colchoneta para la silla: mantiene a tu peque fresco y c\u00f3modo cuando pas\u00e9is a la etapa de silla de paseo.<\/p>\n<p>Todo est\u00e1 dise\u00f1ado para que combine entre s\u00ed y lo tengas listo sin complicaciones.<\/p>\n<p>Beneficios del pack:<\/p>\n<p>Ahorro frente a comprar cada pieza por separado<\/p>\n<p>Estilo coordinado en todo el carrito<\/p>\n<p>Uso prolongado: del capazo a la sillita<\/p>\n<p>Perfecto como regalo completo o para mam\u00e1s que quieren tener todo listo desde el inicio.<\/p>","protected":false},"featured_media":38502,"template":"","meta":[],"product_brand":[],"product_cat":[255,15,257],"product_tag":[],"class_list":{"0":"post-38509","1":"product","2":"type-product","3":"status-publish","4":"has-post-thumbnail","6":"product_cat-cajas-regalo-y-packs","7":"product_cat-tienda","8":"product_cat-colecciones","10":"first","11":"instock","12":"taxable","13":"shipping-taxable","14":"purchasable","15":"product-type-simple"},"yoast_head":"<!-- This site is optimized with the Yoast SEO plugin v27.5 - https:\/\/yoast.com\/product\/yoast-seo-wordpress\/ -->\n<title>Pack Paseo Creciendo Juntos Lantana (de 0 meses a 3 a\u00f1os) - Oli and Co.<\/title>\n<meta name=\"description\" content=\"El pack que necesitar\u00e1 tu beb\u00e9 en todas las etapas del paseo (capazo y silla). Coordinando estampados y con productos vers\u00e1tiles a mejor precio.\" \/>\n<meta name=\"robots\" content=\"index, follow, max-snippet:-1, max-image-preview:large, max-video-preview:-1\" \/>\n<link rel=\"canonical\" href=\"https:\/\/oliandcobaby.com\/en\/product\/pack-paseo-creciendo-juntos-de-0-meses-a-3-anos\/\" \/>\n<meta property=\"og:locale\" content=\"en_GB\" \/>\n<meta property=\"og:type\" content=\"article\" \/>\n<meta property=\"og:title\" content=\"Pack Paseo Creciendo Juntos Lantana (de 0 meses a 3 a\u00f1os) - Oli and Co.\" \/>\n<meta property=\"og:description\" content=\"El pack que necesitar\u00e1 tu beb\u00e9 en todas las etapas del paseo (capazo y silla). Coordinando estampados y con productos vers\u00e1tiles a mejor precio.\" \/>\n<meta property=\"og:url\" content=\"https:\/\/oliandcobaby.com\/en\/product\/pack-paseo-creciendo-juntos-de-0-meses-a-3-anos\/\" \/>\n<meta property=\"og:site_name\" content=\"Oli and Co.\" \/>\n<meta property=\"article:modified_time\" content=\"2025-08-25T12:37:18+00:00\" \/>\n<meta property=\"og:image\" content=\"https:\/\/oliandcobaby.com\/wp-content\/uploads\/2025\/08\/IMG_0266.png\" \/>\n\t<meta property=\"og:image:width\" content=\"1080\" \/>\n\t<meta property=\"og:image:height\" content=\"1350\" \/>\n\t<meta property=\"og:image:type\" content=\"image\/png\" \/>\n<meta name=\"twitter:card\" content=\"summary_large_image\" \/>\n<meta name=\"twitter:label1\" content=\"Estimated reading time\" \/>\n\t<meta name=\"twitter:data1\" content=\"1 minute\" \/>\n<script type=\"application\/ld+json\" class=\"yoast-schema-graph\">{\"@context\":\"https:\\\/\\\/schema.org\",\"@graph\":[{\"@type\":\"WebPage\",\"@id\":\"https:\\\/\\\/oliandcobaby.com\\\/producto\\\/pack-paseo-creciendo-juntos-de-0-meses-a-3-anos\\\/\",\"url\":\"https:\\\/\\\/oliandcobaby.com\\\/producto\\\/pack-paseo-creciendo-juntos-de-0-meses-a-3-anos\\\/\",\"name\":\"Pack Paseo Creciendo Juntos Lantana (de 0 meses a 3 a\u00f1os) - Oli and Co.\",\"isPartOf\":{\"@id\":\"https:\\\/\\\/oliandcobaby.com\\\/#website\"},\"primaryImageOfPage\":{\"@id\":\"https:\\\/\\\/oliandcobaby.com\\\/producto\\\/pack-paseo-creciendo-juntos-de-0-meses-a-3-anos\\\/#primaryimage\"},\"image\":{\"@id\":\"https:\\\/\\\/oliandcobaby.com\\\/producto\\\/pack-paseo-creciendo-juntos-de-0-meses-a-3-anos\\\/#primaryimage\"},\"thumbnailUrl\":\"https:\\\/\\\/oliandcobaby.com\\\/wp-content\\\/uploads\\\/2025\\\/08\\\/IMG_0266.png\",\"datePublished\":\"2025-08-25T12:35:57+00:00\",\"dateModified\":\"2025-08-25T12:37:18+00:00\",\"description\":\"El pack que necesitar\u00e1 tu beb\u00e9 en todas las etapas del paseo (capazo y silla). Coordinando estampados y con productos vers\u00e1tiles a mejor precio.\",\"breadcrumb\":{\"@id\":\"https:\\\/\\\/oliandcobaby.com\\\/producto\\\/pack-paseo-creciendo-juntos-de-0-meses-a-3-anos\\\/#breadcrumb\"},\"inLanguage\":\"en-GB\",\"potentialAction\":[{\"@type\":\"ReadAction\",\"target\":[\"https:\\\/\\\/oliandcobaby.com\\\/producto\\\/pack-paseo-creciendo-juntos-de-0-meses-a-3-anos\\\/\"]}]},{\"@type\":\"ImageObject\",\"inLanguage\":\"en-GB\",\"@id\":\"https:\\\/\\\/oliandcobaby.com\\\/producto\\\/pack-paseo-creciendo-juntos-de-0-meses-a-3-anos\\\/#primaryimage\",\"url\":\"https:\\\/\\\/oliandcobaby.com\\\/wp-content\\\/uploads\\\/2025\\\/08\\\/IMG_0266.png\",\"contentUrl\":\"https:\\\/\\\/oliandcobaby.com\\\/wp-content\\\/uploads\\\/2025\\\/08\\\/IMG_0266.png\",\"width\":1080,\"height\":1350},{\"@type\":\"BreadcrumbList\",\"@id\":\"https:\\\/\\\/oliandcobaby.com\\\/producto\\\/pack-paseo-creciendo-juntos-de-0-meses-a-3-anos\\\/#breadcrumb\",\"itemListElement\":[{\"@type\":\"ListItem\",\"position\":1,\"name\":\"Portada\",\"item\":\"https:\\\/\\\/oliandcobaby.com\\\/\"},{\"@type\":\"ListItem\",\"position\":2,\"name\":\"Tienda\",\"item\":\"https:\\\/\\\/oliandcobaby.com\\\/tienda\\\/\"},{\"@type\":\"ListItem\",\"position\":3,\"name\":\"Pack Paseo Creciendo Juntos Lantana (de 0 meses a 3 a\u00f1os)\"}]},{\"@type\":\"WebSite\",\"@id\":\"https:\\\/\\\/oliandcobaby.com\\\/#website\",\"url\":\"https:\\\/\\\/oliandcobaby.com\\\/\",\"name\":\"Oli and Co.\",\"description\":\"Ropa de Beb\u00e9\",\"potentialAction\":[{\"@type\":\"SearchAction\",\"target\":{\"@type\":\"EntryPoint\",\"urlTemplate\":\"https:\\\/\\\/oliandcobaby.com\\\/?s={search_term_string}\"},\"query-input\":{\"@type\":\"PropertyValueSpecification\",\"valueRequired\":true,\"valueName\":\"search_term_string\"}}],\"inLanguage\":\"en-GB\"}]}<\/script>\n<!-- \/ Yoast SEO plugin. -->","yoast_head_json":{"title":"Pack Paseo Creciendo Juntos Lantana (de 0 meses a 3 a\u00f1os) - Oli and Co.","description":"El pack que necesitar\u00e1 tu beb\u00e9 en todas las etapas del paseo (capazo y silla). Coordinando estampados y con productos vers\u00e1tiles a mejor precio.","robots":{"index":"index","follow":"follow","max-snippet":"max-snippet:-1","max-image-preview":"max-image-preview:large","max-video-preview":"max-video-preview:-1"},"canonical":"https:\/\/oliandcobaby.com\/en\/product\/pack-paseo-creciendo-juntos-de-0-meses-a-3-anos\/","og_locale":"en_GB","og_type":"article","og_title":"Pack Paseo Creciendo Juntos Lantana (de 0 meses a 3 a\u00f1os) - Oli and Co.","og_description":"El pack que necesitar\u00e1 tu beb\u00e9 en todas las etapas del paseo (capazo y silla). Coordinando estampados y con productos vers\u00e1tiles a mejor precio.","og_url":"https:\/\/oliandcobaby.com\/en\/product\/pack-paseo-creciendo-juntos-de-0-meses-a-3-anos\/","og_site_name":"Oli and Co.","article_modified_time":"2025-08-25T12:37:18+00:00","og_image":[{"width":1080,"height":1350,"url":"https:\/\/oliandcobaby.com\/wp-content\/uploads\/2025\/08\/IMG_0266.png","type":"image\/png"}],"twitter_card":"summary_large_image","twitter_misc":{"Estimated reading time":"1 minute"},"schema":{"@context":"https:\/\/schema.org","@graph":[{"@type":"WebPage","@id":"https:\/\/oliandcobaby.com\/producto\/pack-paseo-creciendo-juntos-de-0-meses-a-3-anos\/","url":"https:\/\/oliandcobaby.com\/producto\/pack-paseo-creciendo-juntos-de-0-meses-a-3-anos\/","name":"Pack Paseo Creciendo Juntos Lantana (de 0 meses a 3 a\u00f1os) - Oli and Co.","isPartOf":{"@id":"https:\/\/oliandcobaby.com\/#website"},"primaryImageOfPage":{"@id":"https:\/\/oliandcobaby.com\/producto\/pack-paseo-creciendo-juntos-de-0-meses-a-3-anos\/#primaryimage"},"image":{"@id":"https:\/\/oliandcobaby.com\/producto\/pack-paseo-creciendo-juntos-de-0-meses-a-3-anos\/#primaryimage"},"thumbnailUrl":"https:\/\/oliandcobaby.com\/wp-content\/uploads\/2025\/08\/IMG_0266.png","datePublished":"2025-08-25T12:35:57+00:00","dateModified":"2025-08-25T12:37:18+00:00","description":"El pack que necesitar\u00e1 tu beb\u00e9 en todas las etapas del paseo (capazo y silla). Coordinando estampados y con productos vers\u00e1tiles a mejor precio.","breadcrumb":{"@id":"https:\/\/oliandcobaby.com\/producto\/pack-paseo-creciendo-juntos-de-0-meses-a-3-anos\/#breadcrumb"},"inLanguage":"en-GB","potentialAction":[{"@type":"ReadAction","target":["https:\/\/oliandcobaby.com\/producto\/pack-paseo-creciendo-juntos-de-0-meses-a-3-anos\/"]}]},{"@type":"ImageObject","inLanguage":"en-GB","@id":"https:\/\/oliandcobaby.com\/producto\/pack-paseo-creciendo-juntos-de-0-meses-a-3-anos\/#primaryimage","url":"https:\/\/oliandcobaby.com\/wp-content\/uploads\/2025\/08\/IMG_0266.png","contentUrl":"https:\/\/oliandcobaby.com\/wp-content\/uploads\/2025\/08\/IMG_0266.png","width":1080,"height":1350},{"@type":"BreadcrumbList","@id":"https:\/\/oliandcobaby.com\/producto\/pack-paseo-creciendo-juntos-de-0-meses-a-3-anos\/#breadcrumb","itemListElement":[{"@type":"ListItem","position":1,"name":"Portada","item":"https:\/\/oliandcobaby.com\/"},{"@type":"ListItem","position":2,"name":"Tienda","item":"https:\/\/oliandcobaby.com\/tienda\/"},{"@type":"ListItem","position":3,"name":"Pack Paseo Creciendo Juntos Lantana (de 0 meses a 3 a\u00f1os)"}]},{"@type":"WebSite","@id":"https:\/\/oliandcobaby.com\/#website","url":"https:\/\/oliandcobaby.com\/","name":"Oli and Co.","description":"Ropa de Beb\u00e9","potentialAction":[{"@type":"SearchAction","target":{"@type":"EntryPoint","urlTemplate":"https:\/\/oliandcobaby.com\/?s={search_term_string}"},"query-input":{"@type":"PropertyValueSpecification","valueRequired":true,"valueName":"search_term_string"}}],"inLanguage":"en-GB"}]}},"jetpack_sharing_enabled":true,"_links":{"self":[{"href":"https:\/\/oliandcobaby.com\/en\/wp-json\/wp\/v2\/product\/38509","targetHints":{"allow":["GET"]}}],"collection":[{"href":"https:\/\/oliandcobaby.com\/en\/wp-json\/wp\/v2\/product"}],"about":[{"href":"https:\/\/oliandcobaby.com\/en\/wp-json\/wp\/v2\/types\/product"}],"version-history":[{"count":0,"href":"https:\/\/oliandcobaby.com\/en\/wp-json\/wp\/v2\/product\/38509\/revisions"}],"wp:featuredmedia":[{"embeddable":true,"href":"https:\/\/oliandcobaby.com\/en\/wp-json\/wp\/v2\/media\/38502"}],"wp:attachment":[{"href":"https:\/\/oliandcobaby.com\/en\/wp-json\/wp\/v2\/media?parent=38509"}],"wp:term":[{"taxonomy":"product_brand","embeddable":true,"href":"https:\/\/oliandcobaby.com\/en\/wp-json\/wp\/v2\/product_brand?post=38509"},{"taxonomy":"product_cat","embeddable":true,"href":"https:\/\/oliandcobaby.com\/en\/wp-json\/wp\/v2\/product_cat?post=38509"},{"taxonomy":"product_tag","embeddable":true,"href":"https:\/\/oliandcobaby.com\/en\/wp-json\/wp\/v2\/product_tag?post=38509"}],"curies":[{"name":"wp","href":"https:\/\/api.w.org\/{rel}","templated":true}]}}