{"id":39008,"date":"2026-01-07T20:19:16","date_gmt":"2026-01-07T20:19:16","guid":{"rendered":"https:\/\/oliandcobaby.com\/?post_type=product&#038;p=39008"},"modified":"2026-01-07T20:21:09","modified_gmt":"2026-01-07T20:21:09","slug":"neceser-xl-canela","status":"publish","type":"product","link":"https:\/\/oliandcobaby.com\/en\/product\/neceser-xl-canela\/","title":{"rendered":"Neceser XL canela"},"content":{"rendered":"<p>El neceser perfecto para que te quepa todo lo que necesita tu beb\u00e9 (o tu..)<\/p>\n<p>Va a ser tu mejor aliado en viajes, paseos, visitas al m\u00e9dico&#8230;<\/p>\n<p>Interior impermeable<\/p>","protected":false},"excerpt":{"rendered":"<p>El neceser perfecto para que te quepa todo lo que necesita tu beb\u00e9 (o tu..)<\/p>\n<p>Va a ser tu mejor aliado en viajes, paseos, visitas al m\u00e9dico&#8230;<\/p>\n<p>Interior impermeable<\/p>\n<p>Comb\u00ednalo con m\u00e1s productos de la colecci\u00f3n CANELA<\/p>","protected":false},"featured_media":39000,"template":"","meta":[],"product_brand":[],"product_cat":[15,262,257,182],"product_tag":[],"class_list":{"0":"post-39008","1":"product","2":"type-product","3":"status-publish","4":"has-post-thumbnail","6":"product_cat-tienda","7":"product_cat-productos-muselina-canela","8":"product_cat-colecciones","9":"product_cat-neceseres-y-cambiadores","11":"first","12":"instock","13":"taxable","14":"shipping-taxable","15":"purchasable","16":"product-type-simple"},"yoast_head":"<!-- This site is optimized with the Yoast SEO plugin v27.5 - https:\/\/yoast.com\/product\/yoast-seo-wordpress\/ -->\n<title>Neceser XL canela - Oli and Co.<\/title>\n<meta name=\"description\" content=\"El neceser perfecto para que te quepa todo lo que necesita tu beb\u00e9 (o tu..)Va a ser tu mejor aliado en viajes, paseos, visitas al m\u00e9dico...Interior impermeable\" \/>\n<meta name=\"robots\" content=\"index, follow, max-snippet:-1, max-image-preview:large, max-video-preview:-1\" \/>\n<link rel=\"canonical\" href=\"https:\/\/oliandcobaby.com\/en\/product\/neceser-xl-canela\/\" \/>\n<meta property=\"og:locale\" content=\"en_GB\" \/>\n<meta property=\"og:type\" content=\"article\" \/>\n<meta property=\"og:title\" content=\"Neceser XL canela - Oli and Co.\" \/>\n<meta property=\"og:description\" content=\"El neceser perfecto para que te quepa todo lo que necesita tu beb\u00e9 (o tu..)Va a ser tu mejor aliado en viajes, paseos, visitas al m\u00e9dico...Interior impermeable\" \/>\n<meta property=\"og:url\" content=\"https:\/\/oliandcobaby.com\/en\/product\/neceser-xl-canela\/\" \/>\n<meta property=\"og:site_name\" content=\"Oli and Co.\" \/>\n<meta property=\"article:modified_time\" content=\"2026-01-07T20:21:09+00:00\" \/>\n<meta property=\"og:image\" content=\"https:\/\/oliandcobaby.com\/wp-content\/uploads\/2026\/01\/Tezza-8328-1.jpg\" \/>\n\t<meta property=\"og:image:width\" content=\"864\" \/>\n\t<meta property=\"og:image:height\" content=\"1184\" \/>\n\t<meta property=\"og:image:type\" content=\"image\/jpeg\" \/>\n<meta name=\"twitter:card\" content=\"summary_large_image\" \/>\n<meta name=\"twitter:label1\" content=\"Estimated reading time\" \/>\n\t<meta name=\"twitter:data1\" content=\"1 minute\" \/>\n<script type=\"application\/ld+json\" class=\"yoast-schema-graph\">{\"@context\":\"https:\\\/\\\/schema.org\",\"@graph\":[{\"@type\":\"WebPage\",\"@id\":\"https:\\\/\\\/oliandcobaby.com\\\/producto\\\/neceser-xl-canela\\\/\",\"url\":\"https:\\\/\\\/oliandcobaby.com\\\/producto\\\/neceser-xl-canela\\\/\",\"name\":\"Neceser XL canela - Oli and Co.\",\"isPartOf\":{\"@id\":\"https:\\\/\\\/oliandcobaby.com\\\/#website\"},\"primaryImageOfPage\":{\"@id\":\"https:\\\/\\\/oliandcobaby.com\\\/producto\\\/neceser-xl-canela\\\/#primaryimage\"},\"image\":{\"@id\":\"https:\\\/\\\/oliandcobaby.com\\\/producto\\\/neceser-xl-canela\\\/#primaryimage\"},\"thumbnailUrl\":\"https:\\\/\\\/oliandcobaby.com\\\/wp-content\\\/uploads\\\/2026\\\/01\\\/Tezza-8328-1.jpg\",\"datePublished\":\"2026-01-07T20:19:16+00:00\",\"dateModified\":\"2026-01-07T20:21:09+00:00\",\"description\":\"El neceser perfecto para que te quepa todo lo que necesita tu beb\u00e9 (o tu..)Va a ser tu mejor aliado en viajes, paseos, visitas al m\u00e9dico...Interior impermeable\",\"breadcrumb\":{\"@id\":\"https:\\\/\\\/oliandcobaby.com\\\/producto\\\/neceser-xl-canela\\\/#breadcrumb\"},\"inLanguage\":\"en-GB\",\"potentialAction\":[{\"@type\":\"ReadAction\",\"target\":[\"https:\\\/\\\/oliandcobaby.com\\\/producto\\\/neceser-xl-canela\\\/\"]}]},{\"@type\":\"ImageObject\",\"inLanguage\":\"en-GB\",\"@id\":\"https:\\\/\\\/oliandcobaby.com\\\/producto\\\/neceser-xl-canela\\\/#primaryimage\",\"url\":\"https:\\\/\\\/oliandcobaby.com\\\/wp-content\\\/uploads\\\/2026\\\/01\\\/Tezza-8328-1.jpg\",\"contentUrl\":\"https:\\\/\\\/oliandcobaby.com\\\/wp-content\\\/uploads\\\/2026\\\/01\\\/Tezza-8328-1.jpg\",\"width\":864,\"height\":1184},{\"@type\":\"BreadcrumbList\",\"@id\":\"https:\\\/\\\/oliandcobaby.com\\\/producto\\\/neceser-xl-canela\\\/#breadcrumb\",\"itemListElement\":[{\"@type\":\"ListItem\",\"position\":1,\"name\":\"Portada\",\"item\":\"https:\\\/\\\/oliandcobaby.com\\\/\"},{\"@type\":\"ListItem\",\"position\":2,\"name\":\"Tienda\",\"item\":\"https:\\\/\\\/oliandcobaby.com\\\/tienda\\\/\"},{\"@type\":\"ListItem\",\"position\":3,\"name\":\"Neceser XL canela\"}]},{\"@type\":\"WebSite\",\"@id\":\"https:\\\/\\\/oliandcobaby.com\\\/#website\",\"url\":\"https:\\\/\\\/oliandcobaby.com\\\/\",\"name\":\"Oli and Co.\",\"description\":\"Ropa de Beb\u00e9\",\"potentialAction\":[{\"@type\":\"SearchAction\",\"target\":{\"@type\":\"EntryPoint\",\"urlTemplate\":\"https:\\\/\\\/oliandcobaby.com\\\/?s={search_term_string}\"},\"query-input\":{\"@type\":\"PropertyValueSpecification\",\"valueRequired\":true,\"valueName\":\"search_term_string\"}}],\"inLanguage\":\"en-GB\"}]}<\/script>\n<!-- \/ Yoast SEO plugin. -->","yoast_head_json":{"title":"Neceser XL canela - Oli and Co.","description":"El neceser perfecto para que te quepa todo lo que necesita tu beb\u00e9 (o tu..)Va a ser tu mejor aliado en viajes, paseos, visitas al m\u00e9dico...Interior impermeable","robots":{"index":"index","follow":"follow","max-snippet":"max-snippet:-1","max-image-preview":"max-image-preview:large","max-video-preview":"max-video-preview:-1"},"canonical":"https:\/\/oliandcobaby.com\/en\/product\/neceser-xl-canela\/","og_locale":"en_GB","og_type":"article","og_title":"Neceser XL canela - Oli and Co.","og_description":"El neceser perfecto para que te quepa todo lo que necesita tu beb\u00e9 (o tu..)Va a ser tu mejor aliado en viajes, paseos, visitas al m\u00e9dico...Interior impermeable","og_url":"https:\/\/oliandcobaby.com\/en\/product\/neceser-xl-canela\/","og_site_name":"Oli and Co.","article_modified_time":"2026-01-07T20:21:09+00:00","og_image":[{"width":864,"height":1184,"url":"https:\/\/oliandcobaby.com\/wp-content\/uploads\/2026\/01\/Tezza-8328-1.jpg","type":"image\/jpeg"}],"twitter_card":"summary_large_image","twitter_misc":{"Estimated reading time":"1 minute"},"schema":{"@context":"https:\/\/schema.org","@graph":[{"@type":"WebPage","@id":"https:\/\/oliandcobaby.com\/producto\/neceser-xl-canela\/","url":"https:\/\/oliandcobaby.com\/producto\/neceser-xl-canela\/","name":"Neceser XL canela - Oli and Co.","isPartOf":{"@id":"https:\/\/oliandcobaby.com\/#website"},"primaryImageOfPage":{"@id":"https:\/\/oliandcobaby.com\/producto\/neceser-xl-canela\/#primaryimage"},"image":{"@id":"https:\/\/oliandcobaby.com\/producto\/neceser-xl-canela\/#primaryimage"},"thumbnailUrl":"https:\/\/oliandcobaby.com\/wp-content\/uploads\/2026\/01\/Tezza-8328-1.jpg","datePublished":"2026-01-07T20:19:16+00:00","dateModified":"2026-01-07T20:21:09+00:00","description":"El neceser perfecto para que te quepa todo lo que necesita tu beb\u00e9 (o tu..)Va a ser tu mejor aliado en viajes, paseos, visitas al m\u00e9dico...Interior impermeable","breadcrumb":{"@id":"https:\/\/oliandcobaby.com\/producto\/neceser-xl-canela\/#breadcrumb"},"inLanguage":"en-GB","potentialAction":[{"@type":"ReadAction","target":["https:\/\/oliandcobaby.com\/producto\/neceser-xl-canela\/"]}]},{"@type":"ImageObject","inLanguage":"en-GB","@id":"https:\/\/oliandcobaby.com\/producto\/neceser-xl-canela\/#primaryimage","url":"https:\/\/oliandcobaby.com\/wp-content\/uploads\/2026\/01\/Tezza-8328-1.jpg","contentUrl":"https:\/\/oliandcobaby.com\/wp-content\/uploads\/2026\/01\/Tezza-8328-1.jpg","width":864,"height":1184},{"@type":"BreadcrumbList","@id":"https:\/\/oliandcobaby.com\/producto\/neceser-xl-canela\/#breadcrumb","itemListElement":[{"@type":"ListItem","position":1,"name":"Portada","item":"https:\/\/oliandcobaby.com\/"},{"@type":"ListItem","position":2,"name":"Tienda","item":"https:\/\/oliandcobaby.com\/tienda\/"},{"@type":"ListItem","position":3,"name":"Neceser XL canela"}]},{"@type":"WebSite","@id":"https:\/\/oliandcobaby.com\/#website","url":"https:\/\/oliandcobaby.com\/","name":"Oli and Co.","description":"Ropa de Beb\u00e9","potentialAction":[{"@type":"SearchAction","target":{"@type":"EntryPoint","urlTemplate":"https:\/\/oliandcobaby.com\/?s={search_term_string}"},"query-input":{"@type":"PropertyValueSpecification","valueRequired":true,"valueName":"search_term_string"}}],"inLanguage":"en-GB"}]}},"jetpack_sharing_enabled":true,"_links":{"self":[{"href":"https:\/\/oliandcobaby.com\/en\/wp-json\/wp\/v2\/product\/39008","targetHints":{"allow":["GET"]}}],"collection":[{"href":"https:\/\/oliandcobaby.com\/en\/wp-json\/wp\/v2\/product"}],"about":[{"href":"https:\/\/oliandcobaby.com\/en\/wp-json\/wp\/v2\/types\/product"}],"version-history":[{"count":0,"href":"https:\/\/oliandcobaby.com\/en\/wp-json\/wp\/v2\/product\/39008\/revisions"}],"wp:featuredmedia":[{"embeddable":true,"href":"https:\/\/oliandcobaby.com\/en\/wp-json\/wp\/v2\/media\/39000"}],"wp:attachment":[{"href":"https:\/\/oliandcobaby.com\/en\/wp-json\/wp\/v2\/media?parent=39008"}],"wp:term":[{"taxonomy":"product_brand","embeddable":true,"href":"https:\/\/oliandcobaby.com\/en\/wp-json\/wp\/v2\/product_brand?post=39008"},{"taxonomy":"product_cat","embeddable":true,"href":"https:\/\/oliandcobaby.com\/en\/wp-json\/wp\/v2\/product_cat?post=39008"},{"taxonomy":"product_tag","embeddable":true,"href":"https:\/\/oliandcobaby.com\/en\/wp-json\/wp\/v2\/product_tag?post=39008"}],"curies":[{"name":"wp","href":"https:\/\/api.w.org\/{rel}","templated":true}]}}