{"id":39013,"date":"2026-01-07T20:33:41","date_gmt":"2026-01-07T20:33:41","guid":{"rendered":"https:\/\/oliandcobaby.com\/?post_type=product&#038;p=39013"},"modified":"2026-01-07T20:33:41","modified_gmt":"2026-01-07T20:33:41","slug":"coleccion-forest-impermeable","status":"publish","type":"product","link":"https:\/\/oliandcobaby.com\/en\/product\/coleccion-forest-impermeable\/","title":{"rendered":"Colecci\u00f3n Forest Impermeable"},"content":{"rendered":"<p>Neceser extra grande para llevar de viaje todo lo que necesites!<\/p>\n<p>Ser\u00e1 tu aliado en todos los viajes, paseos, visitas al m\u00e9dico de tu beb\u00e9.<\/p>\n<p>Tiene una capacidad ideal para llevar todo lo necesario.<\/p>\n<p>Es impermeable por fuera y por dentro, as\u00ed que olvidate de los accidentes h\u00famedos que puedan ocurrir, o simplemente utilizalo para guardar su ropita sucia, as\u00ed no ensucia todo lo dem\u00e1s!<\/p>","protected":false},"excerpt":{"rendered":"<p>Neceser extra grande para llevar de viaje todo lo que necesites!<\/p>\n<p>Ser\u00e1 tu aliado en todos los viajes, paseos, visitas al m\u00e9dico de tu beb\u00e9.<\/p>\n<p>Tiene una capacidad ideal para llevar todo lo necesario.<\/p>\n<p>Es impermeable por fuera y por dentro, as\u00ed que olvidate de los accidentes h\u00famedos que puedan ocurrir, o simplemente utilizalo para guardar su ropita sucia, as\u00ed no ensucia todo lo dem\u00e1s!<\/p>","protected":false},"featured_media":39015,"template":"","meta":[],"product_brand":[],"product_cat":[15,182],"product_tag":[],"class_list":{"0":"post-39013","1":"product","2":"type-product","3":"status-publish","4":"has-post-thumbnail","6":"product_cat-tienda","7":"product_cat-neceseres-y-cambiadores","9":"first","10":"instock","11":"taxable","12":"shipping-taxable","13":"purchasable","14":"product-type-simple"},"yoast_head":"<!-- This site is optimized with the Yoast SEO plugin v27.5 - https:\/\/yoast.com\/product\/yoast-seo-wordpress\/ -->\n<title>Colecci\u00f3n Forest Impermeable - Oli and Co.<\/title>\n<meta name=\"description\" content=\"Neceser extra grande para llevar de viaje todo lo que necesites!Ser\u00e1 tu aliado en todos los viajes, paseos, visitas al m\u00e9dico de tu beb\u00e9.Tiene una capacidad ideal para llevar todo lo necesario.Es impermeable por fuera y por dentro.\" \/>\n<meta name=\"robots\" content=\"index, follow, max-snippet:-1, max-image-preview:large, max-video-preview:-1\" \/>\n<link rel=\"canonical\" href=\"https:\/\/oliandcobaby.com\/en\/product\/coleccion-forest-impermeable\/\" \/>\n<meta property=\"og:locale\" content=\"en_GB\" \/>\n<meta property=\"og:type\" content=\"article\" \/>\n<meta property=\"og:title\" content=\"Colecci\u00f3n Forest Impermeable - Oli and Co.\" \/>\n<meta property=\"og:description\" content=\"Neceser extra grande para llevar de viaje todo lo que necesites!Ser\u00e1 tu aliado en todos los viajes, paseos, visitas al m\u00e9dico de tu beb\u00e9.Tiene una capacidad ideal para llevar todo lo necesario.Es impermeable por fuera y por dentro.\" \/>\n<meta property=\"og:url\" content=\"https:\/\/oliandcobaby.com\/en\/product\/coleccion-forest-impermeable\/\" \/>\n<meta property=\"og:site_name\" content=\"Oli and Co.\" \/>\n<meta property=\"og:image\" content=\"https:\/\/oliandcobaby.com\/wp-content\/uploads\/2026\/01\/productplus_1767817601939-1.png\" \/>\n\t<meta property=\"og:image:width\" content=\"864\" \/>\n\t<meta property=\"og:image:height\" content=\"1184\" \/>\n\t<meta property=\"og:image:type\" content=\"image\/png\" \/>\n<meta name=\"twitter:card\" content=\"summary_large_image\" \/>\n<meta name=\"twitter:label1\" content=\"Estimated reading time\" \/>\n\t<meta name=\"twitter:data1\" content=\"1 minute\" \/>\n<script type=\"application\/ld+json\" class=\"yoast-schema-graph\">{\"@context\":\"https:\\\/\\\/schema.org\",\"@graph\":[{\"@type\":\"WebPage\",\"@id\":\"https:\\\/\\\/oliandcobaby.com\\\/producto\\\/coleccion-forest-impermeable\\\/\",\"url\":\"https:\\\/\\\/oliandcobaby.com\\\/producto\\\/coleccion-forest-impermeable\\\/\",\"name\":\"Colecci\u00f3n Forest Impermeable - Oli and Co.\",\"isPartOf\":{\"@id\":\"https:\\\/\\\/oliandcobaby.com\\\/#website\"},\"primaryImageOfPage\":{\"@id\":\"https:\\\/\\\/oliandcobaby.com\\\/producto\\\/coleccion-forest-impermeable\\\/#primaryimage\"},\"image\":{\"@id\":\"https:\\\/\\\/oliandcobaby.com\\\/producto\\\/coleccion-forest-impermeable\\\/#primaryimage\"},\"thumbnailUrl\":\"https:\\\/\\\/oliandcobaby.com\\\/wp-content\\\/uploads\\\/2026\\\/01\\\/productplus_1767817601939-1.png\",\"datePublished\":\"2026-01-07T20:33:41+00:00\",\"description\":\"Neceser extra grande para llevar de viaje todo lo que necesites!Ser\u00e1 tu aliado en todos los viajes, paseos, visitas al m\u00e9dico de tu beb\u00e9.Tiene una capacidad ideal para llevar todo lo necesario.Es impermeable por fuera y por dentro.\",\"breadcrumb\":{\"@id\":\"https:\\\/\\\/oliandcobaby.com\\\/producto\\\/coleccion-forest-impermeable\\\/#breadcrumb\"},\"inLanguage\":\"en-GB\",\"potentialAction\":[{\"@type\":\"ReadAction\",\"target\":[\"https:\\\/\\\/oliandcobaby.com\\\/producto\\\/coleccion-forest-impermeable\\\/\"]}]},{\"@type\":\"ImageObject\",\"inLanguage\":\"en-GB\",\"@id\":\"https:\\\/\\\/oliandcobaby.com\\\/producto\\\/coleccion-forest-impermeable\\\/#primaryimage\",\"url\":\"https:\\\/\\\/oliandcobaby.com\\\/wp-content\\\/uploads\\\/2026\\\/01\\\/productplus_1767817601939-1.png\",\"contentUrl\":\"https:\\\/\\\/oliandcobaby.com\\\/wp-content\\\/uploads\\\/2026\\\/01\\\/productplus_1767817601939-1.png\",\"width\":864,\"height\":1184},{\"@type\":\"BreadcrumbList\",\"@id\":\"https:\\\/\\\/oliandcobaby.com\\\/producto\\\/coleccion-forest-impermeable\\\/#breadcrumb\",\"itemListElement\":[{\"@type\":\"ListItem\",\"position\":1,\"name\":\"Portada\",\"item\":\"https:\\\/\\\/oliandcobaby.com\\\/\"},{\"@type\":\"ListItem\",\"position\":2,\"name\":\"Tienda\",\"item\":\"https:\\\/\\\/oliandcobaby.com\\\/tienda\\\/\"},{\"@type\":\"ListItem\",\"position\":3,\"name\":\"Colecci\u00f3n Forest Impermeable\"}]},{\"@type\":\"WebSite\",\"@id\":\"https:\\\/\\\/oliandcobaby.com\\\/#website\",\"url\":\"https:\\\/\\\/oliandcobaby.com\\\/\",\"name\":\"Oli and Co.\",\"description\":\"Ropa de Beb\u00e9\",\"potentialAction\":[{\"@type\":\"SearchAction\",\"target\":{\"@type\":\"EntryPoint\",\"urlTemplate\":\"https:\\\/\\\/oliandcobaby.com\\\/?s={search_term_string}\"},\"query-input\":{\"@type\":\"PropertyValueSpecification\",\"valueRequired\":true,\"valueName\":\"search_term_string\"}}],\"inLanguage\":\"en-GB\"}]}<\/script>\n<!-- \/ Yoast SEO plugin. -->","yoast_head_json":{"title":"Colecci\u00f3n Forest Impermeable - Oli and Co.","description":"Neceser extra grande para llevar de viaje todo lo que necesites!Ser\u00e1 tu aliado en todos los viajes, paseos, visitas al m\u00e9dico de tu beb\u00e9.Tiene una capacidad ideal para llevar todo lo necesario.Es impermeable por fuera y por dentro.","robots":{"index":"index","follow":"follow","max-snippet":"max-snippet:-1","max-image-preview":"max-image-preview:large","max-video-preview":"max-video-preview:-1"},"canonical":"https:\/\/oliandcobaby.com\/en\/product\/coleccion-forest-impermeable\/","og_locale":"en_GB","og_type":"article","og_title":"Colecci\u00f3n Forest Impermeable - Oli and Co.","og_description":"Neceser extra grande para llevar de viaje todo lo que necesites!Ser\u00e1 tu aliado en todos los viajes, paseos, visitas al m\u00e9dico de tu beb\u00e9.Tiene una capacidad ideal para llevar todo lo necesario.Es impermeable por fuera y por dentro.","og_url":"https:\/\/oliandcobaby.com\/en\/product\/coleccion-forest-impermeable\/","og_site_name":"Oli and Co.","og_image":[{"width":864,"height":1184,"url":"https:\/\/oliandcobaby.com\/wp-content\/uploads\/2026\/01\/productplus_1767817601939-1.png","type":"image\/png"}],"twitter_card":"summary_large_image","twitter_misc":{"Estimated reading time":"1 minute"},"schema":{"@context":"https:\/\/schema.org","@graph":[{"@type":"WebPage","@id":"https:\/\/oliandcobaby.com\/producto\/coleccion-forest-impermeable\/","url":"https:\/\/oliandcobaby.com\/producto\/coleccion-forest-impermeable\/","name":"Colecci\u00f3n Forest Impermeable - Oli and Co.","isPartOf":{"@id":"https:\/\/oliandcobaby.com\/#website"},"primaryImageOfPage":{"@id":"https:\/\/oliandcobaby.com\/producto\/coleccion-forest-impermeable\/#primaryimage"},"image":{"@id":"https:\/\/oliandcobaby.com\/producto\/coleccion-forest-impermeable\/#primaryimage"},"thumbnailUrl":"https:\/\/oliandcobaby.com\/wp-content\/uploads\/2026\/01\/productplus_1767817601939-1.png","datePublished":"2026-01-07T20:33:41+00:00","description":"Neceser extra grande para llevar de viaje todo lo que necesites!Ser\u00e1 tu aliado en todos los viajes, paseos, visitas al m\u00e9dico de tu beb\u00e9.Tiene una capacidad ideal para llevar todo lo necesario.Es impermeable por fuera y por dentro.","breadcrumb":{"@id":"https:\/\/oliandcobaby.com\/producto\/coleccion-forest-impermeable\/#breadcrumb"},"inLanguage":"en-GB","potentialAction":[{"@type":"ReadAction","target":["https:\/\/oliandcobaby.com\/producto\/coleccion-forest-impermeable\/"]}]},{"@type":"ImageObject","inLanguage":"en-GB","@id":"https:\/\/oliandcobaby.com\/producto\/coleccion-forest-impermeable\/#primaryimage","url":"https:\/\/oliandcobaby.com\/wp-content\/uploads\/2026\/01\/productplus_1767817601939-1.png","contentUrl":"https:\/\/oliandcobaby.com\/wp-content\/uploads\/2026\/01\/productplus_1767817601939-1.png","width":864,"height":1184},{"@type":"BreadcrumbList","@id":"https:\/\/oliandcobaby.com\/producto\/coleccion-forest-impermeable\/#breadcrumb","itemListElement":[{"@type":"ListItem","position":1,"name":"Portada","item":"https:\/\/oliandcobaby.com\/"},{"@type":"ListItem","position":2,"name":"Tienda","item":"https:\/\/oliandcobaby.com\/tienda\/"},{"@type":"ListItem","position":3,"name":"Colecci\u00f3n Forest Impermeable"}]},{"@type":"WebSite","@id":"https:\/\/oliandcobaby.com\/#website","url":"https:\/\/oliandcobaby.com\/","name":"Oli and Co.","description":"Ropa de Beb\u00e9","potentialAction":[{"@type":"SearchAction","target":{"@type":"EntryPoint","urlTemplate":"https:\/\/oliandcobaby.com\/?s={search_term_string}"},"query-input":{"@type":"PropertyValueSpecification","valueRequired":true,"valueName":"search_term_string"}}],"inLanguage":"en-GB"}]}},"jetpack_sharing_enabled":true,"_links":{"self":[{"href":"https:\/\/oliandcobaby.com\/en\/wp-json\/wp\/v2\/product\/39013","targetHints":{"allow":["GET"]}}],"collection":[{"href":"https:\/\/oliandcobaby.com\/en\/wp-json\/wp\/v2\/product"}],"about":[{"href":"https:\/\/oliandcobaby.com\/en\/wp-json\/wp\/v2\/types\/product"}],"version-history":[{"count":0,"href":"https:\/\/oliandcobaby.com\/en\/wp-json\/wp\/v2\/product\/39013\/revisions"}],"wp:featuredmedia":[{"embeddable":true,"href":"https:\/\/oliandcobaby.com\/en\/wp-json\/wp\/v2\/media\/39015"}],"wp:attachment":[{"href":"https:\/\/oliandcobaby.com\/en\/wp-json\/wp\/v2\/media?parent=39013"}],"wp:term":[{"taxonomy":"product_brand","embeddable":true,"href":"https:\/\/oliandcobaby.com\/en\/wp-json\/wp\/v2\/product_brand?post=39013"},{"taxonomy":"product_cat","embeddable":true,"href":"https:\/\/oliandcobaby.com\/en\/wp-json\/wp\/v2\/product_cat?post=39013"},{"taxonomy":"product_tag","embeddable":true,"href":"https:\/\/oliandcobaby.com\/en\/wp-json\/wp\/v2\/product_tag?post=39013"}],"curies":[{"name":"wp","href":"https:\/\/api.w.org\/{rel}","templated":true}]}}