{"id":39137,"date":"2026-01-21T21:05:45","date_gmt":"2026-01-21T21:05:45","guid":{"rendered":"https:\/\/oliandcobaby.com\/?post_type=product&#038;p=39137"},"modified":"2026-01-21T21:05:45","modified_gmt":"2026-01-21T21:05:45","slug":"funda-hamaca-nila","status":"publish","type":"product","link":"https:\/\/oliandcobaby.com\/en\/product\/funda-hamaca-nila\/","title":{"rendered":"Funda hamaca Nila"},"content":{"rendered":"<p>Funda de hamaca Nila para BabyBjorn<\/p>\n<p>Productos de beb\u00e9 de nuestra colecci\u00f3n Premium Nila.<\/p>\n<p>Este tejido 100% algod\u00f3n de una de las mejores casas de tejidos espa\u00f1oles, fabricantes de tejidos de alta calidad y durabilidad.<\/p>\n<p>Es una tela resistente y sobre todo, con estampados originales y exclusivos.<\/p>","protected":false},"excerpt":{"rendered":"<p>Funda de hamaca Nila para BabyBjorn<\/p>\n<p>Productos de beb\u00e9 de nuestra colecci\u00f3n Premium Nila.<\/p>\n<p>Este tejido 100% algod\u00f3n de una de las mejores casas de tejidos espa\u00f1oles, fabricantes de tejidos de alta calidad y durabilidad.<\/p>\n<p>Es una tela resistente y sobre todo, con estampados originales y exclusivos.<\/p>\n<p>Se puede personalizar.<\/p>","protected":false},"featured_media":39128,"template":"","meta":[],"product_brand":[],"product_cat":[215,263,278],"product_tag":[],"class_list":{"0":"post-39137","1":"product","2":"type-product","3":"status-publish","4":"has-post-thumbnail","6":"product_cat-funda-de-hamaca","7":"product_cat-cunas-y-habitacion","8":"product_cat-productos-mas-vendidos","10":"first","11":"instock","12":"taxable","13":"shipping-taxable","14":"purchasable","15":"product-type-variable"},"yoast_head":"<!-- This site is optimized with the Yoast SEO plugin v27.5 - https:\/\/yoast.com\/product\/yoast-seo-wordpress\/ -->\n<title>Funda hamaca Nila - Oli and Co.<\/title>\n<meta name=\"description\" content=\"Funda de hamaca Nila para BabyBjornProductos de beb\u00e9 de nuestra colecci\u00f3n Premium Nila.Este tejido 100% algod\u00f3n\" \/>\n<meta name=\"robots\" content=\"index, follow, max-snippet:-1, max-image-preview:large, max-video-preview:-1\" \/>\n<link rel=\"canonical\" href=\"https:\/\/oliandcobaby.com\/en\/product\/funda-hamaca-nila\/\" \/>\n<meta property=\"og:locale\" content=\"en_GB\" \/>\n<meta property=\"og:type\" content=\"article\" \/>\n<meta property=\"og:title\" content=\"Funda hamaca Nila - Oli and Co.\" \/>\n<meta property=\"og:description\" content=\"Funda de hamaca Nila para BabyBjornProductos de beb\u00e9 de nuestra colecci\u00f3n Premium Nila.Este tejido 100% algod\u00f3n\" \/>\n<meta property=\"og:url\" content=\"https:\/\/oliandcobaby.com\/en\/product\/funda-hamaca-nila\/\" \/>\n<meta property=\"og:site_name\" content=\"Oli and Co.\" \/>\n<meta property=\"og:image\" content=\"https:\/\/oliandcobaby.com\/wp-content\/uploads\/2026\/01\/Tezza-2449-1-scaled.jpg\" \/>\n\t<meta property=\"og:image:width\" content=\"1920\" \/>\n\t<meta property=\"og:image:height\" content=\"2560\" \/>\n\t<meta property=\"og:image:type\" content=\"image\/jpeg\" \/>\n<meta name=\"twitter:card\" content=\"summary_large_image\" \/>\n<meta name=\"twitter:label1\" content=\"Estimated reading time\" \/>\n\t<meta name=\"twitter:data1\" content=\"1 minute\" \/>\n<script type=\"application\/ld+json\" class=\"yoast-schema-graph\">{\"@context\":\"https:\\\/\\\/schema.org\",\"@graph\":[{\"@type\":\"WebPage\",\"@id\":\"https:\\\/\\\/oliandcobaby.com\\\/producto\\\/funda-hamaca-nila\\\/\",\"url\":\"https:\\\/\\\/oliandcobaby.com\\\/producto\\\/funda-hamaca-nila\\\/\",\"name\":\"Funda hamaca Nila - Oli and Co.\",\"isPartOf\":{\"@id\":\"https:\\\/\\\/oliandcobaby.com\\\/#website\"},\"primaryImageOfPage\":{\"@id\":\"https:\\\/\\\/oliandcobaby.com\\\/producto\\\/funda-hamaca-nila\\\/#primaryimage\"},\"image\":{\"@id\":\"https:\\\/\\\/oliandcobaby.com\\\/producto\\\/funda-hamaca-nila\\\/#primaryimage\"},\"thumbnailUrl\":\"https:\\\/\\\/oliandcobaby.com\\\/wp-content\\\/uploads\\\/2026\\\/01\\\/Tezza-2449-1-scaled.jpg\",\"datePublished\":\"2026-01-21T21:05:45+00:00\",\"description\":\"Funda de hamaca Nila para BabyBjornProductos de beb\u00e9 de nuestra colecci\u00f3n Premium Nila.Este tejido 100% algod\u00f3n\",\"breadcrumb\":{\"@id\":\"https:\\\/\\\/oliandcobaby.com\\\/producto\\\/funda-hamaca-nila\\\/#breadcrumb\"},\"inLanguage\":\"en-GB\",\"potentialAction\":[{\"@type\":\"ReadAction\",\"target\":[\"https:\\\/\\\/oliandcobaby.com\\\/producto\\\/funda-hamaca-nila\\\/\"]}]},{\"@type\":\"ImageObject\",\"inLanguage\":\"en-GB\",\"@id\":\"https:\\\/\\\/oliandcobaby.com\\\/producto\\\/funda-hamaca-nila\\\/#primaryimage\",\"url\":\"https:\\\/\\\/oliandcobaby.com\\\/wp-content\\\/uploads\\\/2026\\\/01\\\/Tezza-2449-1-scaled.jpg\",\"contentUrl\":\"https:\\\/\\\/oliandcobaby.com\\\/wp-content\\\/uploads\\\/2026\\\/01\\\/Tezza-2449-1-scaled.jpg\",\"width\":1920,\"height\":2560},{\"@type\":\"BreadcrumbList\",\"@id\":\"https:\\\/\\\/oliandcobaby.com\\\/producto\\\/funda-hamaca-nila\\\/#breadcrumb\",\"itemListElement\":[{\"@type\":\"ListItem\",\"position\":1,\"name\":\"Portada\",\"item\":\"https:\\\/\\\/oliandcobaby.com\\\/\"},{\"@type\":\"ListItem\",\"position\":2,\"name\":\"Tienda\",\"item\":\"https:\\\/\\\/oliandcobaby.com\\\/tienda\\\/\"},{\"@type\":\"ListItem\",\"position\":3,\"name\":\"Funda hamaca Nila\"}]},{\"@type\":\"WebSite\",\"@id\":\"https:\\\/\\\/oliandcobaby.com\\\/#website\",\"url\":\"https:\\\/\\\/oliandcobaby.com\\\/\",\"name\":\"Oli and Co.\",\"description\":\"Ropa de Beb\u00e9\",\"potentialAction\":[{\"@type\":\"SearchAction\",\"target\":{\"@type\":\"EntryPoint\",\"urlTemplate\":\"https:\\\/\\\/oliandcobaby.com\\\/?s={search_term_string}\"},\"query-input\":{\"@type\":\"PropertyValueSpecification\",\"valueRequired\":true,\"valueName\":\"search_term_string\"}}],\"inLanguage\":\"en-GB\"}]}<\/script>\n<!-- \/ Yoast SEO plugin. -->","yoast_head_json":{"title":"Funda hamaca Nila - Oli and Co.","description":"Funda de hamaca Nila para BabyBjornProductos de beb\u00e9 de nuestra colecci\u00f3n Premium Nila.Este tejido 100% algod\u00f3n","robots":{"index":"index","follow":"follow","max-snippet":"max-snippet:-1","max-image-preview":"max-image-preview:large","max-video-preview":"max-video-preview:-1"},"canonical":"https:\/\/oliandcobaby.com\/en\/product\/funda-hamaca-nila\/","og_locale":"en_GB","og_type":"article","og_title":"Funda hamaca Nila - Oli and Co.","og_description":"Funda de hamaca Nila para BabyBjornProductos de beb\u00e9 de nuestra colecci\u00f3n Premium Nila.Este tejido 100% algod\u00f3n","og_url":"https:\/\/oliandcobaby.com\/en\/product\/funda-hamaca-nila\/","og_site_name":"Oli and Co.","og_image":[{"width":1920,"height":2560,"url":"https:\/\/oliandcobaby.com\/wp-content\/uploads\/2026\/01\/Tezza-2449-1-scaled.jpg","type":"image\/jpeg"}],"twitter_card":"summary_large_image","twitter_misc":{"Estimated reading time":"1 minute"},"schema":{"@context":"https:\/\/schema.org","@graph":[{"@type":"WebPage","@id":"https:\/\/oliandcobaby.com\/producto\/funda-hamaca-nila\/","url":"https:\/\/oliandcobaby.com\/producto\/funda-hamaca-nila\/","name":"Funda hamaca Nila - Oli and Co.","isPartOf":{"@id":"https:\/\/oliandcobaby.com\/#website"},"primaryImageOfPage":{"@id":"https:\/\/oliandcobaby.com\/producto\/funda-hamaca-nila\/#primaryimage"},"image":{"@id":"https:\/\/oliandcobaby.com\/producto\/funda-hamaca-nila\/#primaryimage"},"thumbnailUrl":"https:\/\/oliandcobaby.com\/wp-content\/uploads\/2026\/01\/Tezza-2449-1-scaled.jpg","datePublished":"2026-01-21T21:05:45+00:00","description":"Funda de hamaca Nila para BabyBjornProductos de beb\u00e9 de nuestra colecci\u00f3n Premium Nila.Este tejido 100% algod\u00f3n","breadcrumb":{"@id":"https:\/\/oliandcobaby.com\/producto\/funda-hamaca-nila\/#breadcrumb"},"inLanguage":"en-GB","potentialAction":[{"@type":"ReadAction","target":["https:\/\/oliandcobaby.com\/producto\/funda-hamaca-nila\/"]}]},{"@type":"ImageObject","inLanguage":"en-GB","@id":"https:\/\/oliandcobaby.com\/producto\/funda-hamaca-nila\/#primaryimage","url":"https:\/\/oliandcobaby.com\/wp-content\/uploads\/2026\/01\/Tezza-2449-1-scaled.jpg","contentUrl":"https:\/\/oliandcobaby.com\/wp-content\/uploads\/2026\/01\/Tezza-2449-1-scaled.jpg","width":1920,"height":2560},{"@type":"BreadcrumbList","@id":"https:\/\/oliandcobaby.com\/producto\/funda-hamaca-nila\/#breadcrumb","itemListElement":[{"@type":"ListItem","position":1,"name":"Portada","item":"https:\/\/oliandcobaby.com\/"},{"@type":"ListItem","position":2,"name":"Tienda","item":"https:\/\/oliandcobaby.com\/tienda\/"},{"@type":"ListItem","position":3,"name":"Funda hamaca Nila"}]},{"@type":"WebSite","@id":"https:\/\/oliandcobaby.com\/#website","url":"https:\/\/oliandcobaby.com\/","name":"Oli and Co.","description":"Ropa de Beb\u00e9","potentialAction":[{"@type":"SearchAction","target":{"@type":"EntryPoint","urlTemplate":"https:\/\/oliandcobaby.com\/?s={search_term_string}"},"query-input":{"@type":"PropertyValueSpecification","valueRequired":true,"valueName":"search_term_string"}}],"inLanguage":"en-GB"}]}},"jetpack_sharing_enabled":true,"_links":{"self":[{"href":"https:\/\/oliandcobaby.com\/en\/wp-json\/wp\/v2\/product\/39137","targetHints":{"allow":["GET"]}}],"collection":[{"href":"https:\/\/oliandcobaby.com\/en\/wp-json\/wp\/v2\/product"}],"about":[{"href":"https:\/\/oliandcobaby.com\/en\/wp-json\/wp\/v2\/types\/product"}],"version-history":[{"count":0,"href":"https:\/\/oliandcobaby.com\/en\/wp-json\/wp\/v2\/product\/39137\/revisions"}],"wp:featuredmedia":[{"embeddable":true,"href":"https:\/\/oliandcobaby.com\/en\/wp-json\/wp\/v2\/media\/39128"}],"wp:attachment":[{"href":"https:\/\/oliandcobaby.com\/en\/wp-json\/wp\/v2\/media?parent=39137"}],"wp:term":[{"taxonomy":"product_brand","embeddable":true,"href":"https:\/\/oliandcobaby.com\/en\/wp-json\/wp\/v2\/product_brand?post=39137"},{"taxonomy":"product_cat","embeddable":true,"href":"https:\/\/oliandcobaby.com\/en\/wp-json\/wp\/v2\/product_cat?post=39137"},{"taxonomy":"product_tag","embeddable":true,"href":"https:\/\/oliandcobaby.com\/en\/wp-json\/wp\/v2\/product_tag?post=39137"}],"curies":[{"name":"wp","href":"https:\/\/api.w.org\/{rel}","templated":true}]}}