{"id":431,"date":"2022-09-21T08:26:48","date_gmt":"2022-09-21T08:26:48","guid":{"rendered":"https:\/\/oliandcobaby.com\/?post_type=product&#038;p=431"},"modified":"2025-08-17T15:29:20","modified_gmt":"2025-08-17T15:29:20","slug":"funda-de-cojin-con-volantitos","status":"publish","type":"product","link":"https:\/\/oliandcobaby.com\/en\/product\/funda-de-cojin-con-volantitos\/","title":{"rendered":"Funda de coj\u00edn con volantitos"},"content":{"rendered":"","protected":false},"excerpt":{"rendered":"<p>Funda de coj\u00edn sin relleno de coj\u00edn incluido, con volantes decorativos, tela a elecci\u00f3n. (No incluye nombre bordado) Medidas: 30&#215;50 cm<\/p>","protected":false},"featured_media":1810,"template":"","meta":[],"product_brand":[],"product_cat":[161,263],"product_tag":[],"class_list":{"0":"post-431","1":"product","2":"type-product","3":"status-publish","4":"has-post-thumbnail","6":"product_cat-cojines-y-fundas","7":"product_cat-cunas-y-habitacion","9":"first","10":"instock","11":"taxable","12":"shipping-taxable","13":"purchasable","14":"product-type-variable"},"yoast_head":"<!-- This site is optimized with the Yoast SEO plugin v27.5 - https:\/\/yoast.com\/product\/yoast-seo-wordpress\/ -->\n<title>Funda de coj\u00edn con volante | Oli and Co.<\/title>\n<meta name=\"description\" content=\"Funda de coj\u00edn con volante para beb\u00e9. El complemento perfecto para decorar su cuna. Puedes elegir tela y bordarlo con su nombre.\" \/>\n<meta name=\"robots\" content=\"index, follow, max-snippet:-1, max-image-preview:large, max-video-preview:-1\" \/>\n<link rel=\"canonical\" href=\"https:\/\/oliandcobaby.com\/en\/product\/funda-de-cojin-con-volantitos\/\" \/>\n<meta property=\"og:locale\" content=\"en_GB\" \/>\n<meta property=\"og:type\" content=\"article\" \/>\n<meta property=\"og:title\" content=\"Funda de coj\u00edn con volante | Oli and Co.\" \/>\n<meta property=\"og:description\" content=\"Funda de coj\u00edn con volante para beb\u00e9. El complemento perfecto para decorar su cuna. Puedes elegir tela y bordarlo con su nombre.\" \/>\n<meta property=\"og:url\" content=\"https:\/\/oliandcobaby.com\/en\/product\/funda-de-cojin-con-volantitos\/\" \/>\n<meta property=\"og:site_name\" content=\"Oli and Co.\" \/>\n<meta property=\"article:modified_time\" content=\"2025-08-17T15:29:20+00:00\" \/>\n<meta property=\"og:image\" content=\"https:\/\/oliandcobaby.com\/wp-content\/uploads\/2022\/09\/Funda-de-cojin-con-volantitos.jpg\" \/>\n\t<meta property=\"og:image:width\" content=\"500\" \/>\n\t<meta property=\"og:image:height\" content=\"625\" \/>\n\t<meta property=\"og:image:type\" content=\"image\/jpeg\" \/>\n<meta name=\"twitter:card\" content=\"summary_large_image\" \/>\n<meta name=\"twitter:label1\" content=\"Estimated reading time\" \/>\n\t<meta name=\"twitter:data1\" content=\"1 minute\" \/>\n<script type=\"application\/ld+json\" class=\"yoast-schema-graph\">{\"@context\":\"https:\\\/\\\/schema.org\",\"@graph\":[{\"@type\":\"WebPage\",\"@id\":\"https:\\\/\\\/oliandcobaby.com\\\/producto\\\/funda-de-cojin-con-volantitos\\\/\",\"url\":\"https:\\\/\\\/oliandcobaby.com\\\/producto\\\/funda-de-cojin-con-volantitos\\\/\",\"name\":\"Funda de coj\u00edn con volante | Oli and Co.\",\"isPartOf\":{\"@id\":\"https:\\\/\\\/oliandcobaby.com\\\/#website\"},\"primaryImageOfPage\":{\"@id\":\"https:\\\/\\\/oliandcobaby.com\\\/producto\\\/funda-de-cojin-con-volantitos\\\/#primaryimage\"},\"image\":{\"@id\":\"https:\\\/\\\/oliandcobaby.com\\\/producto\\\/funda-de-cojin-con-volantitos\\\/#primaryimage\"},\"thumbnailUrl\":\"https:\\\/\\\/oliandcobaby.com\\\/wp-content\\\/uploads\\\/2022\\\/09\\\/Funda-de-cojin-con-volantitos.jpg\",\"datePublished\":\"2022-09-21T08:26:48+00:00\",\"dateModified\":\"2025-08-17T15:29:20+00:00\",\"description\":\"Funda de coj\u00edn con volante para beb\u00e9. El complemento perfecto para decorar su cuna. Puedes elegir tela y bordarlo con su nombre.\",\"breadcrumb\":{\"@id\":\"https:\\\/\\\/oliandcobaby.com\\\/producto\\\/funda-de-cojin-con-volantitos\\\/#breadcrumb\"},\"inLanguage\":\"en-GB\",\"potentialAction\":[{\"@type\":\"ReadAction\",\"target\":[\"https:\\\/\\\/oliandcobaby.com\\\/producto\\\/funda-de-cojin-con-volantitos\\\/\"]}]},{\"@type\":\"ImageObject\",\"inLanguage\":\"en-GB\",\"@id\":\"https:\\\/\\\/oliandcobaby.com\\\/producto\\\/funda-de-cojin-con-volantitos\\\/#primaryimage\",\"url\":\"https:\\\/\\\/oliandcobaby.com\\\/wp-content\\\/uploads\\\/2022\\\/09\\\/Funda-de-cojin-con-volantitos.jpg\",\"contentUrl\":\"https:\\\/\\\/oliandcobaby.com\\\/wp-content\\\/uploads\\\/2022\\\/09\\\/Funda-de-cojin-con-volantitos.jpg\",\"width\":500,\"height\":625},{\"@type\":\"BreadcrumbList\",\"@id\":\"https:\\\/\\\/oliandcobaby.com\\\/producto\\\/funda-de-cojin-con-volantitos\\\/#breadcrumb\",\"itemListElement\":[{\"@type\":\"ListItem\",\"position\":1,\"name\":\"Portada\",\"item\":\"https:\\\/\\\/oliandcobaby.com\\\/\"},{\"@type\":\"ListItem\",\"position\":2,\"name\":\"Tienda\",\"item\":\"https:\\\/\\\/oliandcobaby.com\\\/tienda\\\/\"},{\"@type\":\"ListItem\",\"position\":3,\"name\":\"Funda de coj\u00edn con volantitos\"}]},{\"@type\":\"WebSite\",\"@id\":\"https:\\\/\\\/oliandcobaby.com\\\/#website\",\"url\":\"https:\\\/\\\/oliandcobaby.com\\\/\",\"name\":\"Oli and Co.\",\"description\":\"Ropa de Beb\u00e9\",\"potentialAction\":[{\"@type\":\"SearchAction\",\"target\":{\"@type\":\"EntryPoint\",\"urlTemplate\":\"https:\\\/\\\/oliandcobaby.com\\\/?s={search_term_string}\"},\"query-input\":{\"@type\":\"PropertyValueSpecification\",\"valueRequired\":true,\"valueName\":\"search_term_string\"}}],\"inLanguage\":\"en-GB\"}]}<\/script>\n<!-- \/ Yoast SEO plugin. -->","yoast_head_json":{"title":"Funda de coj\u00edn con volante | Oli and Co.","description":"Funda de coj\u00edn con volante para beb\u00e9. El complemento perfecto para decorar su cuna. Puedes elegir tela y bordarlo con su nombre.","robots":{"index":"index","follow":"follow","max-snippet":"max-snippet:-1","max-image-preview":"max-image-preview:large","max-video-preview":"max-video-preview:-1"},"canonical":"https:\/\/oliandcobaby.com\/en\/product\/funda-de-cojin-con-volantitos\/","og_locale":"en_GB","og_type":"article","og_title":"Funda de coj\u00edn con volante | Oli and Co.","og_description":"Funda de coj\u00edn con volante para beb\u00e9. El complemento perfecto para decorar su cuna. Puedes elegir tela y bordarlo con su nombre.","og_url":"https:\/\/oliandcobaby.com\/en\/product\/funda-de-cojin-con-volantitos\/","og_site_name":"Oli and Co.","article_modified_time":"2025-08-17T15:29:20+00:00","og_image":[{"width":500,"height":625,"url":"https:\/\/oliandcobaby.com\/wp-content\/uploads\/2022\/09\/Funda-de-cojin-con-volantitos.jpg","type":"image\/jpeg"}],"twitter_card":"summary_large_image","twitter_misc":{"Estimated reading time":"1 minute"},"schema":{"@context":"https:\/\/schema.org","@graph":[{"@type":"WebPage","@id":"https:\/\/oliandcobaby.com\/producto\/funda-de-cojin-con-volantitos\/","url":"https:\/\/oliandcobaby.com\/producto\/funda-de-cojin-con-volantitos\/","name":"Funda de coj\u00edn con volante | Oli and Co.","isPartOf":{"@id":"https:\/\/oliandcobaby.com\/#website"},"primaryImageOfPage":{"@id":"https:\/\/oliandcobaby.com\/producto\/funda-de-cojin-con-volantitos\/#primaryimage"},"image":{"@id":"https:\/\/oliandcobaby.com\/producto\/funda-de-cojin-con-volantitos\/#primaryimage"},"thumbnailUrl":"https:\/\/oliandcobaby.com\/wp-content\/uploads\/2022\/09\/Funda-de-cojin-con-volantitos.jpg","datePublished":"2022-09-21T08:26:48+00:00","dateModified":"2025-08-17T15:29:20+00:00","description":"Funda de coj\u00edn con volante para beb\u00e9. El complemento perfecto para decorar su cuna. Puedes elegir tela y bordarlo con su nombre.","breadcrumb":{"@id":"https:\/\/oliandcobaby.com\/producto\/funda-de-cojin-con-volantitos\/#breadcrumb"},"inLanguage":"en-GB","potentialAction":[{"@type":"ReadAction","target":["https:\/\/oliandcobaby.com\/producto\/funda-de-cojin-con-volantitos\/"]}]},{"@type":"ImageObject","inLanguage":"en-GB","@id":"https:\/\/oliandcobaby.com\/producto\/funda-de-cojin-con-volantitos\/#primaryimage","url":"https:\/\/oliandcobaby.com\/wp-content\/uploads\/2022\/09\/Funda-de-cojin-con-volantitos.jpg","contentUrl":"https:\/\/oliandcobaby.com\/wp-content\/uploads\/2022\/09\/Funda-de-cojin-con-volantitos.jpg","width":500,"height":625},{"@type":"BreadcrumbList","@id":"https:\/\/oliandcobaby.com\/producto\/funda-de-cojin-con-volantitos\/#breadcrumb","itemListElement":[{"@type":"ListItem","position":1,"name":"Portada","item":"https:\/\/oliandcobaby.com\/"},{"@type":"ListItem","position":2,"name":"Tienda","item":"https:\/\/oliandcobaby.com\/tienda\/"},{"@type":"ListItem","position":3,"name":"Funda de coj\u00edn con volantitos"}]},{"@type":"WebSite","@id":"https:\/\/oliandcobaby.com\/#website","url":"https:\/\/oliandcobaby.com\/","name":"Oli and Co.","description":"Ropa de Beb\u00e9","potentialAction":[{"@type":"SearchAction","target":{"@type":"EntryPoint","urlTemplate":"https:\/\/oliandcobaby.com\/?s={search_term_string}"},"query-input":{"@type":"PropertyValueSpecification","valueRequired":true,"valueName":"search_term_string"}}],"inLanguage":"en-GB"}]}},"jetpack_sharing_enabled":true,"_links":{"self":[{"href":"https:\/\/oliandcobaby.com\/en\/wp-json\/wp\/v2\/product\/431","targetHints":{"allow":["GET"]}}],"collection":[{"href":"https:\/\/oliandcobaby.com\/en\/wp-json\/wp\/v2\/product"}],"about":[{"href":"https:\/\/oliandcobaby.com\/en\/wp-json\/wp\/v2\/types\/product"}],"version-history":[{"count":0,"href":"https:\/\/oliandcobaby.com\/en\/wp-json\/wp\/v2\/product\/431\/revisions"}],"wp:featuredmedia":[{"embeddable":true,"href":"https:\/\/oliandcobaby.com\/en\/wp-json\/wp\/v2\/media\/1810"}],"wp:attachment":[{"href":"https:\/\/oliandcobaby.com\/en\/wp-json\/wp\/v2\/media?parent=431"}],"wp:term":[{"taxonomy":"product_brand","embeddable":true,"href":"https:\/\/oliandcobaby.com\/en\/wp-json\/wp\/v2\/product_brand?post=431"},{"taxonomy":"product_cat","embeddable":true,"href":"https:\/\/oliandcobaby.com\/en\/wp-json\/wp\/v2\/product_cat?post=431"},{"taxonomy":"product_tag","embeddable":true,"href":"https:\/\/oliandcobaby.com\/en\/wp-json\/wp\/v2\/product_tag?post=431"}],"curies":[{"name":"wp","href":"https:\/\/api.w.org\/{rel}","templated":true}]}}