{"id":434,"date":"2022-09-21T08:31:59","date_gmt":"2022-09-21T08:31:59","guid":{"rendered":"https:\/\/oliandcobaby.com\/?post_type=product&#038;p=434"},"modified":"2026-04-30T07:32:30","modified_gmt":"2026-04-30T07:32:30","slug":"cesta-de-cambiador","status":"publish","type":"product","link":"https:\/\/oliandcobaby.com\/en\/product\/cesta-de-cambiador\/","title":{"rendered":"Cesta de cambiador"},"content":{"rendered":"<p>Cestos de cambiador para organizar los pa\u00f1ales, toallitas, cremitas, perfumes y todos los productos de aseo del beb\u00e9.<\/p>\n<p>Se confeccionan en 3 tama\u00f1os diferentes, para cubrir con todas las necesidades y adaptarse al mueble cambiador de tu beb\u00e9.<\/p>\n<p>Son completamente reversibles por lo que puedes arriesgarte a probar distintos estampados y no aburrirte.<\/p>\n<p>Tambi\u00e9n se pueden utilizar para regalar accesorios y crear una canastilla completamente hecha a mano en Espa\u00f1a con materiales de calidad.<\/p>","protected":false},"excerpt":{"rendered":"<p>Cestos de cambiador para organizar los pa\u00f1ales, toallitas, cremitas, perfumes y todos los productos de aseo del beb\u00e9.<\/p>\n<p>Se confeccionan en 3 tama\u00f1os diferentes, para cubrir con todas las necesidades y adaptarse al mueble cambiador de tu beb\u00e9.<\/p>\n<p>Son completamente reversibles por lo que puedes arriesgarte a probar distintos estampados y no aburrirte.<\/p>\n<p>Tambi\u00e9n se pueden utilizar para regalar accesorios y crear una canastilla completamente hecha a mano en Espa\u00f1a con materiales de calidad.<\/p>\n<p>Medidas aproximadas: S: 20&#215;15, M:30&#215;22 cm, L:45&#215;25 cm<\/p>\n<p>XL: Para juguetes, tama\u00f1o grande.<\/p>","protected":false},"featured_media":2774,"template":"","meta":[],"product_brand":[],"product_cat":[189,263,159],"product_tag":[],"class_list":{"0":"post-434","1":"product","2":"type-product","3":"status-publish","4":"has-post-thumbnail","6":"product_cat-fundas-de-cambiador","7":"product_cat-cunas-y-habitacion","8":"product_cat-organizadores","10":"first","11":"instock","12":"taxable","13":"shipping-taxable","14":"purchasable","15":"product-type-variable"},"yoast_head":"<!-- This site is optimized with the Yoast SEO plugin v27.0 - https:\/\/yoast.com\/product\/yoast-seo-wordpress\/ -->\n<title>Cesta de cambiador para beb\u00e9 | Oli and Co.<\/title>\n<meta name=\"description\" content=\"Cesta de cambiador para beb\u00e9 por encargo. Puedes elegir tus propias telas para crear una prenda \u00fanica y personalizada para tu beb\u00e9.\" \/>\n<meta name=\"robots\" content=\"index, follow, max-snippet:-1, max-image-preview:large, max-video-preview:-1\" \/>\n<link rel=\"canonical\" href=\"https:\/\/oliandcobaby.com\/en\/product\/cesta-de-cambiador\/\" \/>\n<meta property=\"og:locale\" content=\"en_GB\" \/>\n<meta property=\"og:type\" content=\"article\" \/>\n<meta property=\"og:title\" content=\"Cesta de cambiador para beb\u00e9 | Oli and Co.\" \/>\n<meta property=\"og:description\" content=\"Cesta de cambiador para beb\u00e9 por encargo. Puedes elegir tus propias telas para crear una prenda \u00fanica y personalizada para tu beb\u00e9.\" \/>\n<meta property=\"og:url\" content=\"https:\/\/oliandcobaby.com\/en\/product\/cesta-de-cambiador\/\" \/>\n<meta property=\"og:site_name\" content=\"Oli and Co.\" \/>\n<meta property=\"article:modified_time\" content=\"2026-04-30T07:32:30+00:00\" \/>\n<meta property=\"og:image\" content=\"https:\/\/oliandcobaby.com\/wp-content\/uploads\/2022\/09\/E020.jpg\" \/>\n\t<meta property=\"og:image:width\" content=\"500\" \/>\n\t<meta property=\"og:image:height\" content=\"667\" \/>\n\t<meta property=\"og:image:type\" content=\"image\/jpeg\" \/>\n<meta name=\"twitter:card\" content=\"summary_large_image\" \/>\n<meta name=\"twitter:label1\" content=\"Estimated reading time\" \/>\n\t<meta name=\"twitter:data1\" content=\"1 minute\" \/>\n<script type=\"application\/ld+json\" class=\"yoast-schema-graph\">{\"@context\":\"https:\/\/schema.org\",\"@graph\":[{\"@type\":\"WebPage\",\"@id\":\"https:\/\/oliandcobaby.com\/producto\/cesta-de-cambiador\/\",\"url\":\"https:\/\/oliandcobaby.com\/producto\/cesta-de-cambiador\/\",\"name\":\"Cesta de cambiador para beb\u00e9 | Oli and Co.\",\"isPartOf\":{\"@id\":\"https:\/\/oliandcobaby.com\/#website\"},\"primaryImageOfPage\":{\"@id\":\"https:\/\/oliandcobaby.com\/producto\/cesta-de-cambiador\/#primaryimage\"},\"image\":{\"@id\":\"https:\/\/oliandcobaby.com\/producto\/cesta-de-cambiador\/#primaryimage\"},\"thumbnailUrl\":\"https:\/\/oliandcobaby.com\/wp-content\/uploads\/2022\/09\/E020.jpg\",\"datePublished\":\"2022-09-21T08:31:59+00:00\",\"dateModified\":\"2026-04-30T07:32:30+00:00\",\"description\":\"Cesta de cambiador para beb\u00e9 por encargo. Puedes elegir tus propias telas para crear una prenda \u00fanica y personalizada para tu beb\u00e9.\",\"breadcrumb\":{\"@id\":\"https:\/\/oliandcobaby.com\/producto\/cesta-de-cambiador\/#breadcrumb\"},\"inLanguage\":\"en-GB\",\"potentialAction\":[{\"@type\":\"ReadAction\",\"target\":[\"https:\/\/oliandcobaby.com\/producto\/cesta-de-cambiador\/\"]}]},{\"@type\":\"ImageObject\",\"inLanguage\":\"en-GB\",\"@id\":\"https:\/\/oliandcobaby.com\/producto\/cesta-de-cambiador\/#primaryimage\",\"url\":\"https:\/\/oliandcobaby.com\/wp-content\/uploads\/2022\/09\/E020.jpg\",\"contentUrl\":\"https:\/\/oliandcobaby.com\/wp-content\/uploads\/2022\/09\/E020.jpg\",\"width\":500,\"height\":667},{\"@type\":\"BreadcrumbList\",\"@id\":\"https:\/\/oliandcobaby.com\/producto\/cesta-de-cambiador\/#breadcrumb\",\"itemListElement\":[{\"@type\":\"ListItem\",\"position\":1,\"name\":\"Portada\",\"item\":\"https:\/\/oliandcobaby.com\/\"},{\"@type\":\"ListItem\",\"position\":2,\"name\":\"Tienda\",\"item\":\"https:\/\/oliandcobaby.com\/tienda\/\"},{\"@type\":\"ListItem\",\"position\":3,\"name\":\"Cesta de cambiador\"}]},{\"@type\":\"WebSite\",\"@id\":\"https:\/\/oliandcobaby.com\/#website\",\"url\":\"https:\/\/oliandcobaby.com\/\",\"name\":\"Oli and Co.\",\"description\":\"Ropa de Beb\u00e9\",\"potentialAction\":[{\"@type\":\"SearchAction\",\"target\":{\"@type\":\"EntryPoint\",\"urlTemplate\":\"https:\/\/oliandcobaby.com\/?s={search_term_string}\"},\"query-input\":{\"@type\":\"PropertyValueSpecification\",\"valueRequired\":true,\"valueName\":\"search_term_string\"}}],\"inLanguage\":\"en-GB\"}]}<\/script>\n<!-- \/ Yoast SEO plugin. -->","yoast_head_json":{"title":"Cesta de cambiador para beb\u00e9 | Oli and Co.","description":"Cesta de cambiador para beb\u00e9 por encargo. Puedes elegir tus propias telas para crear una prenda \u00fanica y personalizada para tu beb\u00e9.","robots":{"index":"index","follow":"follow","max-snippet":"max-snippet:-1","max-image-preview":"max-image-preview:large","max-video-preview":"max-video-preview:-1"},"canonical":"https:\/\/oliandcobaby.com\/en\/product\/cesta-de-cambiador\/","og_locale":"en_GB","og_type":"article","og_title":"Cesta de cambiador para beb\u00e9 | Oli and Co.","og_description":"Cesta de cambiador para beb\u00e9 por encargo. Puedes elegir tus propias telas para crear una prenda \u00fanica y personalizada para tu beb\u00e9.","og_url":"https:\/\/oliandcobaby.com\/en\/product\/cesta-de-cambiador\/","og_site_name":"Oli and Co.","article_modified_time":"2026-04-30T07:32:30+00:00","og_image":[{"width":500,"height":667,"url":"https:\/\/oliandcobaby.com\/wp-content\/uploads\/2022\/09\/E020.jpg","type":"image\/jpeg"}],"twitter_card":"summary_large_image","twitter_misc":{"Estimated reading time":"1 minute"},"schema":{"@context":"https:\/\/schema.org","@graph":[{"@type":"WebPage","@id":"https:\/\/oliandcobaby.com\/producto\/cesta-de-cambiador\/","url":"https:\/\/oliandcobaby.com\/producto\/cesta-de-cambiador\/","name":"Cesta de cambiador para beb\u00e9 | Oli and Co.","isPartOf":{"@id":"https:\/\/oliandcobaby.com\/#website"},"primaryImageOfPage":{"@id":"https:\/\/oliandcobaby.com\/producto\/cesta-de-cambiador\/#primaryimage"},"image":{"@id":"https:\/\/oliandcobaby.com\/producto\/cesta-de-cambiador\/#primaryimage"},"thumbnailUrl":"https:\/\/oliandcobaby.com\/wp-content\/uploads\/2022\/09\/E020.jpg","datePublished":"2022-09-21T08:31:59+00:00","dateModified":"2026-04-30T07:32:30+00:00","description":"Cesta de cambiador para beb\u00e9 por encargo. Puedes elegir tus propias telas para crear una prenda \u00fanica y personalizada para tu beb\u00e9.","breadcrumb":{"@id":"https:\/\/oliandcobaby.com\/producto\/cesta-de-cambiador\/#breadcrumb"},"inLanguage":"en-GB","potentialAction":[{"@type":"ReadAction","target":["https:\/\/oliandcobaby.com\/producto\/cesta-de-cambiador\/"]}]},{"@type":"ImageObject","inLanguage":"en-GB","@id":"https:\/\/oliandcobaby.com\/producto\/cesta-de-cambiador\/#primaryimage","url":"https:\/\/oliandcobaby.com\/wp-content\/uploads\/2022\/09\/E020.jpg","contentUrl":"https:\/\/oliandcobaby.com\/wp-content\/uploads\/2022\/09\/E020.jpg","width":500,"height":667},{"@type":"BreadcrumbList","@id":"https:\/\/oliandcobaby.com\/producto\/cesta-de-cambiador\/#breadcrumb","itemListElement":[{"@type":"ListItem","position":1,"name":"Portada","item":"https:\/\/oliandcobaby.com\/"},{"@type":"ListItem","position":2,"name":"Tienda","item":"https:\/\/oliandcobaby.com\/tienda\/"},{"@type":"ListItem","position":3,"name":"Cesta de cambiador"}]},{"@type":"WebSite","@id":"https:\/\/oliandcobaby.com\/#website","url":"https:\/\/oliandcobaby.com\/","name":"Oli and Co.","description":"Ropa de Beb\u00e9","potentialAction":[{"@type":"SearchAction","target":{"@type":"EntryPoint","urlTemplate":"https:\/\/oliandcobaby.com\/?s={search_term_string}"},"query-input":{"@type":"PropertyValueSpecification","valueRequired":true,"valueName":"search_term_string"}}],"inLanguage":"en-GB"}]}},"jetpack_sharing_enabled":true,"_links":{"self":[{"href":"https:\/\/oliandcobaby.com\/en\/wp-json\/wp\/v2\/product\/434","targetHints":{"allow":["GET"]}}],"collection":[{"href":"https:\/\/oliandcobaby.com\/en\/wp-json\/wp\/v2\/product"}],"about":[{"href":"https:\/\/oliandcobaby.com\/en\/wp-json\/wp\/v2\/types\/product"}],"version-history":[{"count":1,"href":"https:\/\/oliandcobaby.com\/en\/wp-json\/wp\/v2\/product\/434\/revisions"}],"predecessor-version":[{"id":39544,"href":"https:\/\/oliandcobaby.com\/en\/wp-json\/wp\/v2\/product\/434\/revisions\/39544"}],"wp:featuredmedia":[{"embeddable":true,"href":"https:\/\/oliandcobaby.com\/en\/wp-json\/wp\/v2\/media\/2774"}],"wp:attachment":[{"href":"https:\/\/oliandcobaby.com\/en\/wp-json\/wp\/v2\/media?parent=434"}],"wp:term":[{"taxonomy":"product_brand","embeddable":true,"href":"https:\/\/oliandcobaby.com\/en\/wp-json\/wp\/v2\/product_brand?post=434"},{"taxonomy":"product_cat","embeddable":true,"href":"https:\/\/oliandcobaby.com\/en\/wp-json\/wp\/v2\/product_cat?post=434"},{"taxonomy":"product_tag","embeddable":true,"href":"https:\/\/oliandcobaby.com\/en\/wp-json\/wp\/v2\/product_tag?post=434"}],"curies":[{"name":"wp","href":"https:\/\/api.w.org\/{rel}","templated":true}]}}