{"id":444,"date":"2022-09-21T08:42:00","date_gmt":"2022-09-21T08:42:00","guid":{"rendered":"https:\/\/oliandcobaby.com\/?post_type=product&#038;p=444"},"modified":"2025-08-17T15:18:05","modified_gmt":"2025-08-17T15:18:05","slug":"cambiador-portatil","status":"publish","type":"product","link":"https:\/\/oliandcobaby.com\/en\/product\/cambiador-portatil\/","title":{"rendered":"Cambiador portatil"},"content":{"rendered":"","protected":false},"excerpt":{"rendered":"<p>Cambiador port\u00e1til con interior impermeable. Se puede elegir la tela exterior. Su estructura ligera permite doblarlo cuantas veces sea necesario para guardarlo. Cierre con velcro. Medidas: 65&#215;45 cm<\/p>\n<p>Para nombre bordado elegir tipograf\u00eda y color y ponerlo en notas de pedido.<\/p>","protected":false},"featured_media":761,"template":"","meta":[],"product_brand":[],"product_cat":[15,182],"product_tag":[],"class_list":{"0":"post-444","1":"product","2":"type-product","3":"status-publish","4":"has-post-thumbnail","6":"product_cat-tienda","7":"product_cat-neceseres-y-cambiadores","9":"first","10":"instock","11":"taxable","12":"shipping-taxable","13":"purchasable","14":"product-type-variable"},"yoast_head":"<!-- This site is optimized with the Yoast SEO plugin v27.0 - https:\/\/yoast.com\/product\/yoast-seo-wordpress\/ -->\n<title>Cambiador port\u00e1til para beb\u00e9 | Oli and Co.<\/title>\n<meta name=\"description\" content=\"Cambiador port\u00e1til para beb\u00e9 por encargo. Puedes elegir tus propias telas para crear una prenda \u00fanica y personalizada para tu beb\u00e9.\" \/>\n<meta name=\"robots\" content=\"index, follow, max-snippet:-1, max-image-preview:large, max-video-preview:-1\" \/>\n<link rel=\"canonical\" href=\"https:\/\/oliandcobaby.com\/en\/product\/cambiador-portatil\/\" \/>\n<meta property=\"og:locale\" content=\"en_GB\" \/>\n<meta property=\"og:type\" content=\"article\" \/>\n<meta property=\"og:title\" content=\"Cambiador port\u00e1til para beb\u00e9 | Oli and Co.\" \/>\n<meta property=\"og:description\" content=\"Cambiador port\u00e1til para beb\u00e9 por encargo. Puedes elegir tus propias telas para crear una prenda \u00fanica y personalizada para tu beb\u00e9.\" \/>\n<meta property=\"og:url\" content=\"https:\/\/oliandcobaby.com\/en\/product\/cambiador-portatil\/\" \/>\n<meta property=\"og:site_name\" content=\"Oli and Co.\" \/>\n<meta property=\"article:modified_time\" content=\"2025-08-17T15:18:05+00:00\" \/>\n<meta property=\"og:image\" content=\"https:\/\/oliandcobaby.com\/wp-content\/uploads\/2022\/09\/Cambiador-con-interior-impermeable.jpg\" \/>\n\t<meta property=\"og:image:width\" content=\"500\" \/>\n\t<meta property=\"og:image:height\" content=\"667\" \/>\n\t<meta property=\"og:image:type\" content=\"image\/jpeg\" \/>\n<meta name=\"twitter:card\" content=\"summary_large_image\" \/>\n<meta name=\"twitter:label1\" content=\"Estimated reading time\" \/>\n\t<meta name=\"twitter:data1\" content=\"1 minute\" \/>\n<script type=\"application\/ld+json\" class=\"yoast-schema-graph\">{\"@context\":\"https:\/\/schema.org\",\"@graph\":[{\"@type\":\"WebPage\",\"@id\":\"https:\/\/oliandcobaby.com\/producto\/cambiador-portatil\/\",\"url\":\"https:\/\/oliandcobaby.com\/producto\/cambiador-portatil\/\",\"name\":\"Cambiador port\u00e1til para beb\u00e9 | Oli and Co.\",\"isPartOf\":{\"@id\":\"https:\/\/oliandcobaby.com\/#website\"},\"primaryImageOfPage\":{\"@id\":\"https:\/\/oliandcobaby.com\/producto\/cambiador-portatil\/#primaryimage\"},\"image\":{\"@id\":\"https:\/\/oliandcobaby.com\/producto\/cambiador-portatil\/#primaryimage\"},\"thumbnailUrl\":\"https:\/\/oliandcobaby.com\/wp-content\/uploads\/2022\/09\/Cambiador-con-interior-impermeable.jpg\",\"datePublished\":\"2022-09-21T08:42:00+00:00\",\"dateModified\":\"2025-08-17T15:18:05+00:00\",\"description\":\"Cambiador port\u00e1til para beb\u00e9 por encargo. Puedes elegir tus propias telas para crear una prenda \u00fanica y personalizada para tu beb\u00e9.\",\"breadcrumb\":{\"@id\":\"https:\/\/oliandcobaby.com\/producto\/cambiador-portatil\/#breadcrumb\"},\"inLanguage\":\"en-GB\",\"potentialAction\":[{\"@type\":\"ReadAction\",\"target\":[\"https:\/\/oliandcobaby.com\/producto\/cambiador-portatil\/\"]}]},{\"@type\":\"ImageObject\",\"inLanguage\":\"en-GB\",\"@id\":\"https:\/\/oliandcobaby.com\/producto\/cambiador-portatil\/#primaryimage\",\"url\":\"https:\/\/oliandcobaby.com\/wp-content\/uploads\/2022\/09\/Cambiador-con-interior-impermeable.jpg\",\"contentUrl\":\"https:\/\/oliandcobaby.com\/wp-content\/uploads\/2022\/09\/Cambiador-con-interior-impermeable.jpg\",\"width\":500,\"height\":667},{\"@type\":\"BreadcrumbList\",\"@id\":\"https:\/\/oliandcobaby.com\/producto\/cambiador-portatil\/#breadcrumb\",\"itemListElement\":[{\"@type\":\"ListItem\",\"position\":1,\"name\":\"Portada\",\"item\":\"https:\/\/oliandcobaby.com\/\"},{\"@type\":\"ListItem\",\"position\":2,\"name\":\"Tienda\",\"item\":\"https:\/\/oliandcobaby.com\/tienda\/\"},{\"@type\":\"ListItem\",\"position\":3,\"name\":\"Cambiador portatil\"}]},{\"@type\":\"WebSite\",\"@id\":\"https:\/\/oliandcobaby.com\/#website\",\"url\":\"https:\/\/oliandcobaby.com\/\",\"name\":\"Oli and Co.\",\"description\":\"Ropa de Beb\u00e9\",\"potentialAction\":[{\"@type\":\"SearchAction\",\"target\":{\"@type\":\"EntryPoint\",\"urlTemplate\":\"https:\/\/oliandcobaby.com\/?s={search_term_string}\"},\"query-input\":{\"@type\":\"PropertyValueSpecification\",\"valueRequired\":true,\"valueName\":\"search_term_string\"}}],\"inLanguage\":\"en-GB\"}]}<\/script>\n<!-- \/ Yoast SEO plugin. -->","yoast_head_json":{"title":"Cambiador port\u00e1til para beb\u00e9 | Oli and Co.","description":"Cambiador port\u00e1til para beb\u00e9 por encargo. Puedes elegir tus propias telas para crear una prenda \u00fanica y personalizada para tu beb\u00e9.","robots":{"index":"index","follow":"follow","max-snippet":"max-snippet:-1","max-image-preview":"max-image-preview:large","max-video-preview":"max-video-preview:-1"},"canonical":"https:\/\/oliandcobaby.com\/en\/product\/cambiador-portatil\/","og_locale":"en_GB","og_type":"article","og_title":"Cambiador port\u00e1til para beb\u00e9 | Oli and Co.","og_description":"Cambiador port\u00e1til para beb\u00e9 por encargo. Puedes elegir tus propias telas para crear una prenda \u00fanica y personalizada para tu beb\u00e9.","og_url":"https:\/\/oliandcobaby.com\/en\/product\/cambiador-portatil\/","og_site_name":"Oli and Co.","article_modified_time":"2025-08-17T15:18:05+00:00","og_image":[{"width":500,"height":667,"url":"https:\/\/oliandcobaby.com\/wp-content\/uploads\/2022\/09\/Cambiador-con-interior-impermeable.jpg","type":"image\/jpeg"}],"twitter_card":"summary_large_image","twitter_misc":{"Estimated reading time":"1 minute"},"schema":{"@context":"https:\/\/schema.org","@graph":[{"@type":"WebPage","@id":"https:\/\/oliandcobaby.com\/producto\/cambiador-portatil\/","url":"https:\/\/oliandcobaby.com\/producto\/cambiador-portatil\/","name":"Cambiador port\u00e1til para beb\u00e9 | Oli and Co.","isPartOf":{"@id":"https:\/\/oliandcobaby.com\/#website"},"primaryImageOfPage":{"@id":"https:\/\/oliandcobaby.com\/producto\/cambiador-portatil\/#primaryimage"},"image":{"@id":"https:\/\/oliandcobaby.com\/producto\/cambiador-portatil\/#primaryimage"},"thumbnailUrl":"https:\/\/oliandcobaby.com\/wp-content\/uploads\/2022\/09\/Cambiador-con-interior-impermeable.jpg","datePublished":"2022-09-21T08:42:00+00:00","dateModified":"2025-08-17T15:18:05+00:00","description":"Cambiador port\u00e1til para beb\u00e9 por encargo. Puedes elegir tus propias telas para crear una prenda \u00fanica y personalizada para tu beb\u00e9.","breadcrumb":{"@id":"https:\/\/oliandcobaby.com\/producto\/cambiador-portatil\/#breadcrumb"},"inLanguage":"en-GB","potentialAction":[{"@type":"ReadAction","target":["https:\/\/oliandcobaby.com\/producto\/cambiador-portatil\/"]}]},{"@type":"ImageObject","inLanguage":"en-GB","@id":"https:\/\/oliandcobaby.com\/producto\/cambiador-portatil\/#primaryimage","url":"https:\/\/oliandcobaby.com\/wp-content\/uploads\/2022\/09\/Cambiador-con-interior-impermeable.jpg","contentUrl":"https:\/\/oliandcobaby.com\/wp-content\/uploads\/2022\/09\/Cambiador-con-interior-impermeable.jpg","width":500,"height":667},{"@type":"BreadcrumbList","@id":"https:\/\/oliandcobaby.com\/producto\/cambiador-portatil\/#breadcrumb","itemListElement":[{"@type":"ListItem","position":1,"name":"Portada","item":"https:\/\/oliandcobaby.com\/"},{"@type":"ListItem","position":2,"name":"Tienda","item":"https:\/\/oliandcobaby.com\/tienda\/"},{"@type":"ListItem","position":3,"name":"Cambiador portatil"}]},{"@type":"WebSite","@id":"https:\/\/oliandcobaby.com\/#website","url":"https:\/\/oliandcobaby.com\/","name":"Oli and Co.","description":"Ropa de Beb\u00e9","potentialAction":[{"@type":"SearchAction","target":{"@type":"EntryPoint","urlTemplate":"https:\/\/oliandcobaby.com\/?s={search_term_string}"},"query-input":{"@type":"PropertyValueSpecification","valueRequired":true,"valueName":"search_term_string"}}],"inLanguage":"en-GB"}]}},"jetpack_sharing_enabled":true,"_links":{"self":[{"href":"https:\/\/oliandcobaby.com\/en\/wp-json\/wp\/v2\/product\/444","targetHints":{"allow":["GET"]}}],"collection":[{"href":"https:\/\/oliandcobaby.com\/en\/wp-json\/wp\/v2\/product"}],"about":[{"href":"https:\/\/oliandcobaby.com\/en\/wp-json\/wp\/v2\/types\/product"}],"version-history":[{"count":0,"href":"https:\/\/oliandcobaby.com\/en\/wp-json\/wp\/v2\/product\/444\/revisions"}],"wp:featuredmedia":[{"embeddable":true,"href":"https:\/\/oliandcobaby.com\/en\/wp-json\/wp\/v2\/media\/761"}],"wp:attachment":[{"href":"https:\/\/oliandcobaby.com\/en\/wp-json\/wp\/v2\/media?parent=444"}],"wp:term":[{"taxonomy":"product_brand","embeddable":true,"href":"https:\/\/oliandcobaby.com\/en\/wp-json\/wp\/v2\/product_brand?post=444"},{"taxonomy":"product_cat","embeddable":true,"href":"https:\/\/oliandcobaby.com\/en\/wp-json\/wp\/v2\/product_cat?post=444"},{"taxonomy":"product_tag","embeddable":true,"href":"https:\/\/oliandcobaby.com\/en\/wp-json\/wp\/v2\/product_tag?post=444"}],"curies":[{"name":"wp","href":"https:\/\/api.w.org\/{rel}","templated":true}]}}