{"id":581,"date":"2022-09-21T11:08:58","date_gmt":"2022-09-21T11:08:58","guid":{"rendered":"https:\/\/oliandcobaby.com\/?post_type=product&#038;p=581"},"modified":"2025-08-16T16:07:22","modified_gmt":"2025-08-16T16:07:22","slug":"saco-de-capazo","status":"publish","type":"product","link":"https:\/\/oliandcobaby.com\/en\/product\/saco-de-capazo\/","title":{"rendered":"Saco de capazo"},"content":{"rendered":"","protected":false},"excerpt":{"rendered":"<p>Saco de capazo que protege al beb\u00e9 del fr\u00edo y el viento en sus paseos. Para sacos de invierno el tejido interior ser\u00e1 coralina y para sacos de verano el tejido interior ser\u00e1 de muselina doble gasa. Se puede utilizar tanto en capazos como en cucos, cunas, minicunas, mois\u00e9s. Sistema de cierre con lazadas que permiten abrir facilmente el saquito y cerrarlo ajustandolo a la medida deseada. Medidas: 75&#215;45 cm<\/p>","protected":false},"featured_media":13173,"template":"","meta":[],"product_brand":[],"product_cat":[265,270,165],"product_tag":[],"class_list":{"0":"post-581","1":"product","2":"type-product","3":"status-publish","4":"has-post-thumbnail","6":"product_cat-paseo-y-carritos","7":"product_cat-vestidura-moises-capazo","8":"product_cat-sacos-y-colchonetas-vestiduras-carrito","10":"first","11":"instock","12":"taxable","13":"shipping-taxable","14":"purchasable","15":"product-type-variable"},"yoast_head":"<!-- This site is optimized with the Yoast SEO plugin v27.0 - https:\/\/yoast.com\/product\/yoast-seo-wordpress\/ -->\n<title>Saco de capazo para beb\u00e9 | Oli and Co.<\/title>\n<meta name=\"description\" content=\"Saco de capazo para beb\u00e9 por encargo. Puedes elegir tus propias telas para crear una prenda \u00fanica y personalizada para tu beb\u00e9.\" \/>\n<meta name=\"robots\" content=\"index, follow, max-snippet:-1, max-image-preview:large, max-video-preview:-1\" \/>\n<link rel=\"canonical\" href=\"https:\/\/oliandcobaby.com\/en\/product\/saco-de-capazo\/\" \/>\n<meta property=\"og:locale\" content=\"en_GB\" \/>\n<meta property=\"og:type\" content=\"article\" \/>\n<meta property=\"og:title\" content=\"Saco de capazo para beb\u00e9 | Oli and Co.\" \/>\n<meta property=\"og:description\" content=\"Saco de capazo para beb\u00e9 por encargo. Puedes elegir tus propias telas para crear una prenda \u00fanica y personalizada para tu beb\u00e9.\" \/>\n<meta property=\"og:url\" content=\"https:\/\/oliandcobaby.com\/en\/product\/saco-de-capazo\/\" \/>\n<meta property=\"og:site_name\" content=\"Oli and Co.\" \/>\n<meta property=\"article:modified_time\" content=\"2025-08-16T16:07:22+00:00\" \/>\n<meta property=\"og:image\" content=\"https:\/\/oliandcobaby.com\/wp-content\/uploads\/2022\/09\/image_6483441-16-1.jpg\" \/>\n\t<meta property=\"og:image:width\" content=\"1536\" \/>\n\t<meta property=\"og:image:height\" content=\"2048\" \/>\n\t<meta property=\"og:image:type\" content=\"image\/jpeg\" \/>\n<meta name=\"twitter:card\" content=\"summary_large_image\" \/>\n<meta name=\"twitter:label1\" content=\"Estimated reading time\" \/>\n\t<meta name=\"twitter:data1\" content=\"1 minute\" \/>\n<script type=\"application\/ld+json\" class=\"yoast-schema-graph\">{\"@context\":\"https:\/\/schema.org\",\"@graph\":[{\"@type\":\"WebPage\",\"@id\":\"https:\/\/oliandcobaby.com\/producto\/saco-de-capazo\/\",\"url\":\"https:\/\/oliandcobaby.com\/producto\/saco-de-capazo\/\",\"name\":\"Saco de capazo para beb\u00e9 | Oli and Co.\",\"isPartOf\":{\"@id\":\"https:\/\/oliandcobaby.com\/#website\"},\"primaryImageOfPage\":{\"@id\":\"https:\/\/oliandcobaby.com\/producto\/saco-de-capazo\/#primaryimage\"},\"image\":{\"@id\":\"https:\/\/oliandcobaby.com\/producto\/saco-de-capazo\/#primaryimage\"},\"thumbnailUrl\":\"https:\/\/oliandcobaby.com\/wp-content\/uploads\/2022\/09\/image_6483441-16-1.jpg\",\"datePublished\":\"2022-09-21T11:08:58+00:00\",\"dateModified\":\"2025-08-16T16:07:22+00:00\",\"description\":\"Saco de capazo para beb\u00e9 por encargo. Puedes elegir tus propias telas para crear una prenda \u00fanica y personalizada para tu beb\u00e9.\",\"breadcrumb\":{\"@id\":\"https:\/\/oliandcobaby.com\/producto\/saco-de-capazo\/#breadcrumb\"},\"inLanguage\":\"en-GB\",\"potentialAction\":[{\"@type\":\"ReadAction\",\"target\":[\"https:\/\/oliandcobaby.com\/producto\/saco-de-capazo\/\"]}]},{\"@type\":\"ImageObject\",\"inLanguage\":\"en-GB\",\"@id\":\"https:\/\/oliandcobaby.com\/producto\/saco-de-capazo\/#primaryimage\",\"url\":\"https:\/\/oliandcobaby.com\/wp-content\/uploads\/2022\/09\/image_6483441-16-1.jpg\",\"contentUrl\":\"https:\/\/oliandcobaby.com\/wp-content\/uploads\/2022\/09\/image_6483441-16-1.jpg\",\"width\":1536,\"height\":2048},{\"@type\":\"BreadcrumbList\",\"@id\":\"https:\/\/oliandcobaby.com\/producto\/saco-de-capazo\/#breadcrumb\",\"itemListElement\":[{\"@type\":\"ListItem\",\"position\":1,\"name\":\"Portada\",\"item\":\"https:\/\/oliandcobaby.com\/\"},{\"@type\":\"ListItem\",\"position\":2,\"name\":\"Tienda\",\"item\":\"https:\/\/oliandcobaby.com\/tienda\/\"},{\"@type\":\"ListItem\",\"position\":3,\"name\":\"Saco de capazo\"}]},{\"@type\":\"WebSite\",\"@id\":\"https:\/\/oliandcobaby.com\/#website\",\"url\":\"https:\/\/oliandcobaby.com\/\",\"name\":\"Oli and Co.\",\"description\":\"Ropa de Beb\u00e9\",\"potentialAction\":[{\"@type\":\"SearchAction\",\"target\":{\"@type\":\"EntryPoint\",\"urlTemplate\":\"https:\/\/oliandcobaby.com\/?s={search_term_string}\"},\"query-input\":{\"@type\":\"PropertyValueSpecification\",\"valueRequired\":true,\"valueName\":\"search_term_string\"}}],\"inLanguage\":\"en-GB\"}]}<\/script>\n<!-- \/ Yoast SEO plugin. -->","yoast_head_json":{"title":"Saco de capazo para beb\u00e9 | Oli and Co.","description":"Saco de capazo para beb\u00e9 por encargo. Puedes elegir tus propias telas para crear una prenda \u00fanica y personalizada para tu beb\u00e9.","robots":{"index":"index","follow":"follow","max-snippet":"max-snippet:-1","max-image-preview":"max-image-preview:large","max-video-preview":"max-video-preview:-1"},"canonical":"https:\/\/oliandcobaby.com\/en\/product\/saco-de-capazo\/","og_locale":"en_GB","og_type":"article","og_title":"Saco de capazo para beb\u00e9 | Oli and Co.","og_description":"Saco de capazo para beb\u00e9 por encargo. Puedes elegir tus propias telas para crear una prenda \u00fanica y personalizada para tu beb\u00e9.","og_url":"https:\/\/oliandcobaby.com\/en\/product\/saco-de-capazo\/","og_site_name":"Oli and Co.","article_modified_time":"2025-08-16T16:07:22+00:00","og_image":[{"width":1536,"height":2048,"url":"https:\/\/oliandcobaby.com\/wp-content\/uploads\/2022\/09\/image_6483441-16-1.jpg","type":"image\/jpeg"}],"twitter_card":"summary_large_image","twitter_misc":{"Estimated reading time":"1 minute"},"schema":{"@context":"https:\/\/schema.org","@graph":[{"@type":"WebPage","@id":"https:\/\/oliandcobaby.com\/producto\/saco-de-capazo\/","url":"https:\/\/oliandcobaby.com\/producto\/saco-de-capazo\/","name":"Saco de capazo para beb\u00e9 | Oli and Co.","isPartOf":{"@id":"https:\/\/oliandcobaby.com\/#website"},"primaryImageOfPage":{"@id":"https:\/\/oliandcobaby.com\/producto\/saco-de-capazo\/#primaryimage"},"image":{"@id":"https:\/\/oliandcobaby.com\/producto\/saco-de-capazo\/#primaryimage"},"thumbnailUrl":"https:\/\/oliandcobaby.com\/wp-content\/uploads\/2022\/09\/image_6483441-16-1.jpg","datePublished":"2022-09-21T11:08:58+00:00","dateModified":"2025-08-16T16:07:22+00:00","description":"Saco de capazo para beb\u00e9 por encargo. Puedes elegir tus propias telas para crear una prenda \u00fanica y personalizada para tu beb\u00e9.","breadcrumb":{"@id":"https:\/\/oliandcobaby.com\/producto\/saco-de-capazo\/#breadcrumb"},"inLanguage":"en-GB","potentialAction":[{"@type":"ReadAction","target":["https:\/\/oliandcobaby.com\/producto\/saco-de-capazo\/"]}]},{"@type":"ImageObject","inLanguage":"en-GB","@id":"https:\/\/oliandcobaby.com\/producto\/saco-de-capazo\/#primaryimage","url":"https:\/\/oliandcobaby.com\/wp-content\/uploads\/2022\/09\/image_6483441-16-1.jpg","contentUrl":"https:\/\/oliandcobaby.com\/wp-content\/uploads\/2022\/09\/image_6483441-16-1.jpg","width":1536,"height":2048},{"@type":"BreadcrumbList","@id":"https:\/\/oliandcobaby.com\/producto\/saco-de-capazo\/#breadcrumb","itemListElement":[{"@type":"ListItem","position":1,"name":"Portada","item":"https:\/\/oliandcobaby.com\/"},{"@type":"ListItem","position":2,"name":"Tienda","item":"https:\/\/oliandcobaby.com\/tienda\/"},{"@type":"ListItem","position":3,"name":"Saco de capazo"}]},{"@type":"WebSite","@id":"https:\/\/oliandcobaby.com\/#website","url":"https:\/\/oliandcobaby.com\/","name":"Oli and Co.","description":"Ropa de Beb\u00e9","potentialAction":[{"@type":"SearchAction","target":{"@type":"EntryPoint","urlTemplate":"https:\/\/oliandcobaby.com\/?s={search_term_string}"},"query-input":{"@type":"PropertyValueSpecification","valueRequired":true,"valueName":"search_term_string"}}],"inLanguage":"en-GB"}]}},"jetpack_sharing_enabled":true,"_links":{"self":[{"href":"https:\/\/oliandcobaby.com\/en\/wp-json\/wp\/v2\/product\/581","targetHints":{"allow":["GET"]}}],"collection":[{"href":"https:\/\/oliandcobaby.com\/en\/wp-json\/wp\/v2\/product"}],"about":[{"href":"https:\/\/oliandcobaby.com\/en\/wp-json\/wp\/v2\/types\/product"}],"version-history":[{"count":0,"href":"https:\/\/oliandcobaby.com\/en\/wp-json\/wp\/v2\/product\/581\/revisions"}],"wp:featuredmedia":[{"embeddable":true,"href":"https:\/\/oliandcobaby.com\/en\/wp-json\/wp\/v2\/media\/13173"}],"wp:attachment":[{"href":"https:\/\/oliandcobaby.com\/en\/wp-json\/wp\/v2\/media?parent=581"}],"wp:term":[{"taxonomy":"product_brand","embeddable":true,"href":"https:\/\/oliandcobaby.com\/en\/wp-json\/wp\/v2\/product_brand?post=581"},{"taxonomy":"product_cat","embeddable":true,"href":"https:\/\/oliandcobaby.com\/en\/wp-json\/wp\/v2\/product_cat?post=581"},{"taxonomy":"product_tag","embeddable":true,"href":"https:\/\/oliandcobaby.com\/en\/wp-json\/wp\/v2\/product_tag?post=581"}],"curies":[{"name":"wp","href":"https:\/\/api.w.org\/{rel}","templated":true}]}}