{"id":595,"date":"2022-09-21T11:19:27","date_gmt":"2022-09-21T11:19:27","guid":{"rendered":"https:\/\/oliandcobaby.com\/?post_type=product&#038;p=595"},"modified":"2025-08-16T16:06:04","modified_gmt":"2025-08-16T16:06:04","slug":"colcha-reversible-con-relleno-fino","status":"publish","type":"product","link":"https:\/\/oliandcobaby.com\/en\/product\/colcha-reversible-con-relleno-fino\/","title":{"rendered":"Colcha reversible con relleno fino"},"content":{"rendered":"","protected":false},"excerpt":{"rendered":"<p>Colcha con relleno muy fino, reversible (elegir 2 telas), puedes elegir si lo quieres con borlas y nudos a tono con la tela elegida.<br \/>\nMedidas: Minicuna: 70&#215;90 cm, Cuna 120 cm: 130&#215;90 cm, Cuna 140 cm: 150&#215;100 cm.<br \/>\nConsejos de lavado: Se puede lavar en lavadora (programa delicado a 30 grados). No usar secadora ni mezclar con otras prendas. Tender en horizontal (evitar que cuelgue para que no deforme con el peso del agua)<\/p>","protected":false},"featured_media":2755,"template":"","meta":[],"product_brand":[],"product_cat":[187,263],"product_tag":[],"class_list":{"0":"post-595","1":"product","2":"type-product","3":"status-publish","4":"has-post-thumbnail","6":"product_cat-edredones-y-colchas","7":"product_cat-cunas-y-habitacion","9":"first","10":"instock","11":"taxable","12":"shipping-taxable","13":"purchasable","14":"product-type-variable"},"yoast_head":"<!-- This site is optimized with the Yoast SEO plugin v27.0 - https:\/\/yoast.com\/product\/yoast-seo-wordpress\/ -->\n<title>Colcha reversible para beb\u00e9 | Oli and Co.<\/title>\n<meta name=\"description\" content=\"Colcha reversible para beb\u00e9 por encargo. Puedes elegir tus propias telas para crear una prenda \u00fanica y personalizada para tu beb\u00e9.\" \/>\n<meta name=\"robots\" content=\"index, follow, max-snippet:-1, max-image-preview:large, max-video-preview:-1\" \/>\n<link rel=\"canonical\" href=\"https:\/\/oliandcobaby.com\/en\/product\/colcha-reversible-con-relleno-fino\/\" \/>\n<meta property=\"og:locale\" content=\"en_GB\" \/>\n<meta property=\"og:type\" content=\"article\" \/>\n<meta property=\"og:title\" content=\"Colcha reversible para beb\u00e9 | Oli and Co.\" \/>\n<meta property=\"og:description\" content=\"Colcha reversible para beb\u00e9 por encargo. Puedes elegir tus propias telas para crear una prenda \u00fanica y personalizada para tu beb\u00e9.\" \/>\n<meta property=\"og:url\" content=\"https:\/\/oliandcobaby.com\/en\/product\/colcha-reversible-con-relleno-fino\/\" \/>\n<meta property=\"og:site_name\" content=\"Oli and Co.\" \/>\n<meta property=\"article:modified_time\" content=\"2025-08-16T16:06:04+00:00\" \/>\n<meta property=\"og:image\" content=\"https:\/\/oliandcobaby.com\/wp-content\/uploads\/2022\/09\/E005-4.jpg\" \/>\n\t<meta property=\"og:image:width\" content=\"500\" \/>\n\t<meta property=\"og:image:height\" content=\"667\" \/>\n\t<meta property=\"og:image:type\" content=\"image\/jpeg\" \/>\n<meta name=\"twitter:card\" content=\"summary_large_image\" \/>\n<meta name=\"twitter:label1\" content=\"Estimated reading time\" \/>\n\t<meta name=\"twitter:data1\" content=\"1 minute\" \/>\n<script type=\"application\/ld+json\" class=\"yoast-schema-graph\">{\"@context\":\"https:\/\/schema.org\",\"@graph\":[{\"@type\":\"WebPage\",\"@id\":\"https:\/\/oliandcobaby.com\/producto\/colcha-reversible-con-relleno-fino\/\",\"url\":\"https:\/\/oliandcobaby.com\/producto\/colcha-reversible-con-relleno-fino\/\",\"name\":\"Colcha reversible para beb\u00e9 | Oli and Co.\",\"isPartOf\":{\"@id\":\"https:\/\/oliandcobaby.com\/#website\"},\"primaryImageOfPage\":{\"@id\":\"https:\/\/oliandcobaby.com\/producto\/colcha-reversible-con-relleno-fino\/#primaryimage\"},\"image\":{\"@id\":\"https:\/\/oliandcobaby.com\/producto\/colcha-reversible-con-relleno-fino\/#primaryimage\"},\"thumbnailUrl\":\"https:\/\/oliandcobaby.com\/wp-content\/uploads\/2022\/09\/E005-4.jpg\",\"datePublished\":\"2022-09-21T11:19:27+00:00\",\"dateModified\":\"2025-08-16T16:06:04+00:00\",\"description\":\"Colcha reversible para beb\u00e9 por encargo. Puedes elegir tus propias telas para crear una prenda \u00fanica y personalizada para tu beb\u00e9.\",\"breadcrumb\":{\"@id\":\"https:\/\/oliandcobaby.com\/producto\/colcha-reversible-con-relleno-fino\/#breadcrumb\"},\"inLanguage\":\"en-GB\",\"potentialAction\":[{\"@type\":\"ReadAction\",\"target\":[\"https:\/\/oliandcobaby.com\/producto\/colcha-reversible-con-relleno-fino\/\"]}]},{\"@type\":\"ImageObject\",\"inLanguage\":\"en-GB\",\"@id\":\"https:\/\/oliandcobaby.com\/producto\/colcha-reversible-con-relleno-fino\/#primaryimage\",\"url\":\"https:\/\/oliandcobaby.com\/wp-content\/uploads\/2022\/09\/E005-4.jpg\",\"contentUrl\":\"https:\/\/oliandcobaby.com\/wp-content\/uploads\/2022\/09\/E005-4.jpg\",\"width\":500,\"height\":667},{\"@type\":\"BreadcrumbList\",\"@id\":\"https:\/\/oliandcobaby.com\/producto\/colcha-reversible-con-relleno-fino\/#breadcrumb\",\"itemListElement\":[{\"@type\":\"ListItem\",\"position\":1,\"name\":\"Portada\",\"item\":\"https:\/\/oliandcobaby.com\/\"},{\"@type\":\"ListItem\",\"position\":2,\"name\":\"Tienda\",\"item\":\"https:\/\/oliandcobaby.com\/tienda\/\"},{\"@type\":\"ListItem\",\"position\":3,\"name\":\"Colcha reversible con relleno fino\"}]},{\"@type\":\"WebSite\",\"@id\":\"https:\/\/oliandcobaby.com\/#website\",\"url\":\"https:\/\/oliandcobaby.com\/\",\"name\":\"Oli and Co.\",\"description\":\"Ropa de Beb\u00e9\",\"potentialAction\":[{\"@type\":\"SearchAction\",\"target\":{\"@type\":\"EntryPoint\",\"urlTemplate\":\"https:\/\/oliandcobaby.com\/?s={search_term_string}\"},\"query-input\":{\"@type\":\"PropertyValueSpecification\",\"valueRequired\":true,\"valueName\":\"search_term_string\"}}],\"inLanguage\":\"en-GB\"}]}<\/script>\n<!-- \/ Yoast SEO plugin. -->","yoast_head_json":{"title":"Colcha reversible para beb\u00e9 | Oli and Co.","description":"Colcha reversible para beb\u00e9 por encargo. Puedes elegir tus propias telas para crear una prenda \u00fanica y personalizada para tu beb\u00e9.","robots":{"index":"index","follow":"follow","max-snippet":"max-snippet:-1","max-image-preview":"max-image-preview:large","max-video-preview":"max-video-preview:-1"},"canonical":"https:\/\/oliandcobaby.com\/en\/product\/colcha-reversible-con-relleno-fino\/","og_locale":"en_GB","og_type":"article","og_title":"Colcha reversible para beb\u00e9 | Oli and Co.","og_description":"Colcha reversible para beb\u00e9 por encargo. Puedes elegir tus propias telas para crear una prenda \u00fanica y personalizada para tu beb\u00e9.","og_url":"https:\/\/oliandcobaby.com\/en\/product\/colcha-reversible-con-relleno-fino\/","og_site_name":"Oli and Co.","article_modified_time":"2025-08-16T16:06:04+00:00","og_image":[{"width":500,"height":667,"url":"https:\/\/oliandcobaby.com\/wp-content\/uploads\/2022\/09\/E005-4.jpg","type":"image\/jpeg"}],"twitter_card":"summary_large_image","twitter_misc":{"Estimated reading time":"1 minute"},"schema":{"@context":"https:\/\/schema.org","@graph":[{"@type":"WebPage","@id":"https:\/\/oliandcobaby.com\/producto\/colcha-reversible-con-relleno-fino\/","url":"https:\/\/oliandcobaby.com\/producto\/colcha-reversible-con-relleno-fino\/","name":"Colcha reversible para beb\u00e9 | Oli and Co.","isPartOf":{"@id":"https:\/\/oliandcobaby.com\/#website"},"primaryImageOfPage":{"@id":"https:\/\/oliandcobaby.com\/producto\/colcha-reversible-con-relleno-fino\/#primaryimage"},"image":{"@id":"https:\/\/oliandcobaby.com\/producto\/colcha-reversible-con-relleno-fino\/#primaryimage"},"thumbnailUrl":"https:\/\/oliandcobaby.com\/wp-content\/uploads\/2022\/09\/E005-4.jpg","datePublished":"2022-09-21T11:19:27+00:00","dateModified":"2025-08-16T16:06:04+00:00","description":"Colcha reversible para beb\u00e9 por encargo. Puedes elegir tus propias telas para crear una prenda \u00fanica y personalizada para tu beb\u00e9.","breadcrumb":{"@id":"https:\/\/oliandcobaby.com\/producto\/colcha-reversible-con-relleno-fino\/#breadcrumb"},"inLanguage":"en-GB","potentialAction":[{"@type":"ReadAction","target":["https:\/\/oliandcobaby.com\/producto\/colcha-reversible-con-relleno-fino\/"]}]},{"@type":"ImageObject","inLanguage":"en-GB","@id":"https:\/\/oliandcobaby.com\/producto\/colcha-reversible-con-relleno-fino\/#primaryimage","url":"https:\/\/oliandcobaby.com\/wp-content\/uploads\/2022\/09\/E005-4.jpg","contentUrl":"https:\/\/oliandcobaby.com\/wp-content\/uploads\/2022\/09\/E005-4.jpg","width":500,"height":667},{"@type":"BreadcrumbList","@id":"https:\/\/oliandcobaby.com\/producto\/colcha-reversible-con-relleno-fino\/#breadcrumb","itemListElement":[{"@type":"ListItem","position":1,"name":"Portada","item":"https:\/\/oliandcobaby.com\/"},{"@type":"ListItem","position":2,"name":"Tienda","item":"https:\/\/oliandcobaby.com\/tienda\/"},{"@type":"ListItem","position":3,"name":"Colcha reversible con relleno fino"}]},{"@type":"WebSite","@id":"https:\/\/oliandcobaby.com\/#website","url":"https:\/\/oliandcobaby.com\/","name":"Oli and Co.","description":"Ropa de Beb\u00e9","potentialAction":[{"@type":"SearchAction","target":{"@type":"EntryPoint","urlTemplate":"https:\/\/oliandcobaby.com\/?s={search_term_string}"},"query-input":{"@type":"PropertyValueSpecification","valueRequired":true,"valueName":"search_term_string"}}],"inLanguage":"en-GB"}]}},"jetpack_sharing_enabled":true,"_links":{"self":[{"href":"https:\/\/oliandcobaby.com\/en\/wp-json\/wp\/v2\/product\/595","targetHints":{"allow":["GET"]}}],"collection":[{"href":"https:\/\/oliandcobaby.com\/en\/wp-json\/wp\/v2\/product"}],"about":[{"href":"https:\/\/oliandcobaby.com\/en\/wp-json\/wp\/v2\/types\/product"}],"version-history":[{"count":0,"href":"https:\/\/oliandcobaby.com\/en\/wp-json\/wp\/v2\/product\/595\/revisions"}],"wp:featuredmedia":[{"embeddable":true,"href":"https:\/\/oliandcobaby.com\/en\/wp-json\/wp\/v2\/media\/2755"}],"wp:attachment":[{"href":"https:\/\/oliandcobaby.com\/en\/wp-json\/wp\/v2\/media?parent=595"}],"wp:term":[{"taxonomy":"product_brand","embeddable":true,"href":"https:\/\/oliandcobaby.com\/en\/wp-json\/wp\/v2\/product_brand?post=595"},{"taxonomy":"product_cat","embeddable":true,"href":"https:\/\/oliandcobaby.com\/en\/wp-json\/wp\/v2\/product_cat?post=595"},{"taxonomy":"product_tag","embeddable":true,"href":"https:\/\/oliandcobaby.com\/en\/wp-json\/wp\/v2\/product_tag?post=595"}],"curies":[{"name":"wp","href":"https:\/\/api.w.org\/{rel}","templated":true}]}}